{"id":18375,"date":"2006-11-01T13:51:55","date_gmt":"2006-11-01T12:51:55","guid":{"rendered":"http:\/\/www.libraria-occitana.org\/all-products\/auseus?lang=oc"},"modified":"2026-04-29T10:59:52","modified_gmt":"2026-04-29T08:59:52","slug":"auseus","status":"publish","type":"product","link":"https:\/\/www.libraria-occitana.org\/oc\/produch\/auseus\/","title":{"rendered":"Auseus"},"content":{"rendered":"<p>Vingt-quatre portraits d&#8217;oiseaux offrant tr\u00e8s peu de qualit\u00e9s aviaires mais chacun, au plus haut point, son d\u00e9faut tout humain : \u00e9mouvants, horripilants, m\u00e9chants, d\u00e9risoires, ballott\u00e9s entre destin\u00e9e et fatalit\u00e9. Onze ayant trouv\u00e9 image gr\u00e2ce aux eaux-fortes de Jan-Marc Simeonin. Joan-Glaudi Rolet nous avait d\u00e9j\u00e0 assembl\u00e9 un gros bouquet de <a href=\"https:\/\/www.libraria-occitana.org\/oc\/lescrivan-occitan-joan-glaudi-rolet-a-defuntat\/flors-2\/\"><em>Flors<\/em><\/a>. il nous donne ici un plein ciel d&#8217;<em>Auseus<\/em>. Il a aussi dans sa besace une bonne basse-cour de <em>Jaus<\/em> et un vaste pr\u00e9 d&#8217;<em>Ovelhas<\/em>. Grand lecteur d&#8217;entre les grands, il dit : &#8220;En fait, j&#8217;\u00e9cris ce que je ne trouve pas \u00e0 lire.&#8221;<\/p>\n<p><strong>Colleccion \u00ab Au mot son imatge \u00bb :<\/strong><br \/>\nCes livres de grand format (20,5 \u00d7 30,5 cm), en cahiers libres de 8 pages, sous pochette \u00e0 rabats, allient vraiment le texte \u00e0 l\u2019image, soit que l\u2019image vienne illustrer le texte, soit que le texte vienne argumenter l\u2019image.<\/p>\n","protected":false},"excerpt":{"rendered":"<p>Vingt-quatre portraits d&#8217;oiseaux offrant tr\u00e8s peu de qualit\u00e9s aviaires mais chacun, au plus haut point, son d\u00e9faut tout humain : \u00e9mouvants, horripilants, m\u00e9chants, d\u00e9risoires, ballott\u00e9s entre destin\u00e9e et fatalit\u00e9. Onze ayant trouv\u00e9 image gr\u00e2ce aux eaux-fortes de Jan-Marc Simeonin. Joan-Glaudi Rolet nous avait d\u00e9j\u00e0 assembl\u00e9 un gros bouquet de Flors. il nous donne ici un [&hellip;]<\/p>\n","protected":false},"featured_media":18376,"template":"","meta":{"_acf_changed":false,"_genesis_hide_title":false,"_genesis_hide_breadcrumbs":false,"_genesis_hide_singular_image":false,"_genesis_hide_footer_widgets":false,"_genesis_custom_body_class":"","_genesis_custom_post_class":"","_genesis_layout":""},"product_brand":[],"product_cat":[7133,7175,7181],"product_tag":[],"class_list":{"0":"post-18375","1":"product","2":"type-product","3":"status-publish","4":"has-post-thumbnail","6":"product_cat-libres-oc","7":"product_cat-literatura-oc","8":"product_cat-poesia-oc","9":"pa_auteur-rolet-joan-glaudi-oc","10":"pa_editeur-lo-chamin-de-sent-jaume-oc","11":"pa_illustrateur-simeonin-jan-marc-oc","12":"pa_langue-occitan-lemosin-oc","13":"pa_langue-occitan-francais-oc","14":"entry","16":"first","17":"instock","18":"shipping-taxable","19":"purchasable","20":"product-type-simple"},"acf":[],"_links":{"self":[{"href":"https:\/\/www.libraria-occitana.org\/oc\/wp-json\/wp\/v2\/product\/18375","targetHints":{"allow":["GET"]}}],"collection":[{"href":"https:\/\/www.libraria-occitana.org\/oc\/wp-json\/wp\/v2\/product"}],"about":[{"href":"https:\/\/www.libraria-occitana.org\/oc\/wp-json\/wp\/v2\/types\/product"}],"wp:featuredmedia":[{"embeddable":true,"href":"https:\/\/www.libraria-occitana.org\/oc\/wp-json\/wp\/v2\/media\/18376"}],"wp:attachment":[{"href":"https:\/\/www.libraria-occitana.org\/oc\/wp-json\/wp\/v2\/media?parent=18375"}],"wp:term":[{"taxonomy":"product_brand","embeddable":true,"href":"https:\/\/www.libraria-occitana.org\/oc\/wp-json\/wp\/v2\/product_brand?post=18375"},{"taxonomy":"product_cat","embeddable":true,"href":"https:\/\/www.libraria-occitana.org\/oc\/wp-json\/wp\/v2\/product_cat?post=18375"},{"taxonomy":"product_tag","embeddable":true,"href":"https:\/\/www.libraria-occitana.org\/oc\/wp-json\/wp\/v2\/product_tag?post=18375"}],"curies":[{"name":"wp","href":"https:\/\/api.w.org\/{rel}","templated":true}]}}