{"id":18381,"date":"2006-11-01T12:02:34","date_gmt":"2006-11-01T11:02:34","guid":{"rendered":"http:\/\/www.libraria-occitana.org\/all-products\/lespauridor-libre-cd?lang=oc"},"modified":"2026-04-13T04:46:51","modified_gmt":"2026-04-13T02:46:51","slug":"lespauridor-libre-cd","status":"publish","type":"product","link":"https:\/\/www.libraria-occitana.org\/oc\/produch\/lespauridor-libre-cd\/","title":{"rendered":"L&#8217;espauridor (libre + CD)"},"content":{"rendered":"<p>I a daus otilhs, daus gatges que son estats farjats per espaurir, mas se podri\u00e1 ben que, daus c\u00f2ps que i a, venguesson tanben portaires de vita&#8230; Entre crenta e volontat de reviscolada, Natura avan\u00e7a e avan\u00e7am maitot&#8230;<\/p>\n<p>Cicle 2 e 3. Libreton d&#8217;acompanhament pedagogic <a href=\"http:\/\/capoc.crdp-aquitaine.fr\/articles.php?lng=en&amp;pg=450&amp;mnuid=304&amp;tconfig=0\">sus lo site dau CAP&#8217;\u00d2C<\/a>.<\/p>\n","protected":false},"excerpt":{"rendered":"<p>I a daus otilhs, daus gatges que son estats farjats per espaurir, mas se podri\u00e1 ben que, daus c\u00f2ps que i a, venguesson tanben portaires de vita&#8230; Entre crenta e volontat de reviscolada, Natura avan\u00e7a e avan\u00e7am maitot&#8230; Cicle 2 e 3. Libreton d&#8217;acompanhament pedagogic sus lo site dau CAP&#8217;\u00d2C.<\/p>\n","protected":false},"featured_media":18382,"template":"","meta":{"_acf_changed":false,"_genesis_hide_title":false,"_genesis_hide_breadcrumbs":false,"_genesis_hide_singular_image":false,"_genesis_hide_footer_widgets":false,"_genesis_custom_body_class":"","_genesis_custom_post_class":"","_genesis_layout":""},"product_brand":[],"product_cat":[7171,7165,7133],"product_tag":[],"class_list":{"0":"post-18381","1":"product","2":"type-product","3":"status-publish","4":"has-post-thumbnail","6":"product_cat-drolles-oc","7":"product_cat-jounessa-bd-umor","8":"product_cat-libres-oc","9":"pa_auteur-collectiu-oc-2","10":"pa_editeur-canope-editions-oc","11":"pa_illustrateur-decamps-domenja-decomps-dominique-oc","12":"pa_illustrateur-fistol-sarah-oc","13":"pa_langue-occitan-lemosin-oc","14":"pa_langue-occitan-francais-oc","15":"entry","17":"first","18":"instock","19":"shipping-taxable","20":"purchasable","21":"product-type-simple"},"acf":[],"_links":{"self":[{"href":"https:\/\/www.libraria-occitana.org\/oc\/wp-json\/wp\/v2\/product\/18381","targetHints":{"allow":["GET"]}}],"collection":[{"href":"https:\/\/www.libraria-occitana.org\/oc\/wp-json\/wp\/v2\/product"}],"about":[{"href":"https:\/\/www.libraria-occitana.org\/oc\/wp-json\/wp\/v2\/types\/product"}],"wp:featuredmedia":[{"embeddable":true,"href":"https:\/\/www.libraria-occitana.org\/oc\/wp-json\/wp\/v2\/media\/18382"}],"wp:attachment":[{"href":"https:\/\/www.libraria-occitana.org\/oc\/wp-json\/wp\/v2\/media?parent=18381"}],"wp:term":[{"taxonomy":"product_brand","embeddable":true,"href":"https:\/\/www.libraria-occitana.org\/oc\/wp-json\/wp\/v2\/product_brand?post=18381"},{"taxonomy":"product_cat","embeddable":true,"href":"https:\/\/www.libraria-occitana.org\/oc\/wp-json\/wp\/v2\/product_cat?post=18381"},{"taxonomy":"product_tag","embeddable":true,"href":"https:\/\/www.libraria-occitana.org\/oc\/wp-json\/wp\/v2\/product_tag?post=18381"}],"curies":[{"name":"wp","href":"https:\/\/api.w.org\/{rel}","templated":true}]}}