{"id":18441,"date":"2007-06-01T10:29:59","date_gmt":"2007-06-01T09:29:59","guid":{"rendered":"http:\/\/www.libraria-occitana.org\/all-products\/bernard-de-ventadour-ou-les-jeux-du-desir?lang=oc"},"modified":"2026-04-28T23:56:25","modified_gmt":"2026-04-28T21:56:25","slug":"bernard-de-ventadour-ou-les-jeux-du-desir","status":"publish","type":"product","link":"https:\/\/www.libraria-occitana.org\/oc\/produch\/bernard-de-ventadour-ou-les-jeux-du-desir\/","title":{"rendered":"Bernard de Ventadour ou les jeux du d\u00e9sir"},"content":{"rendered":"<p>En 1173, de Puivert en Quercorb \u00e0 Couth\u00e9zon d&#8217;Orange, chevauchent trois troubadours escortant leur jeune confr\u00e8re mourant, Raimbaut d&#8217;Orange, jusqu&#8217;\u00e0 sa demeure. Originaires d&#8217;Auvergne, du P\u00e9rigord, du Limousin, ils se nomment Peire d&#8217;Alvernhe, Guiraut de Bornelh et Bernard de Ventadour. \u00c0 ce dernier, Raimbaut a demand\u00e9 l&#8217;impossible : lui raconter comment il est devenu le c\u00e9l\u00e8bre po\u00e8te de l&#8217;amour, et surtout lui apprendre enfin, \u00e0 lui qui va mourir, ce que c&#8217;est que l&#8217;amour&#8230;<\/p>\n<p>Aux emb\u00fbches de l&#8217;\u00e9quip\u00e9e sur terre et en mer par Fonfroide, Narbonne, Agde, Aigues-Mortes et Beaucaire s&#8217;entrem\u00eale donc le &#8220;roman d&#8217;apprentissage&#8221; d&#8217;un jeune Limousin du XIIe si\u00e8cle, peut-\u00eatre b\u00e2tard de prince, qui fit de Ventadour l&#8217;\u00e9tendard de la po\u00e9sie chant\u00e9e en Occident, de Poitiers \u00e0 Toulouse, chez Bertran de Born et \u00e0 la cour d&#8217;Ali\u00e9nor d&#8217;Aquitaine.<\/p>\n<p>Qui sait combien d&#8217;\u00e9checs se cachent sous une si grande r\u00e9ussite ?<br \/>\nQui sait combien le tout de l&#8217;amour est proche du rien ?<br \/>\nCe <em>gai savoir<\/em> est la mati\u00e8re de ce roman.<\/p>\n","protected":false},"excerpt":{"rendered":"<p>En 1173, de Puivert en Quercorb \u00e0 Couth\u00e9zon d&#8217;Orange, chevauchent trois troubadours escortant leur jeune confr\u00e8re mourant, Raimbaut d&#8217;Orange, jusqu&#8217;\u00e0 sa demeure. Originaires d&#8217;Auvergne, du P\u00e9rigord, du Limousin, ils se nomment Peire d&#8217;Alvernhe, Guiraut de Bornelh et Bernard de Ventadour. \u00c0 ce dernier, Raimbaut a demand\u00e9 l&#8217;impossible : lui raconter comment il est devenu le [&hellip;]<\/p>\n","protected":false},"featured_media":36461,"template":"","meta":{"_acf_changed":false,"_genesis_hide_title":false,"_genesis_hide_breadcrumbs":false,"_genesis_hide_singular_image":false,"_genesis_hide_footer_widgets":false,"_genesis_custom_body_class":"","_genesis_custom_post_class":"","_genesis_layout":""},"product_brand":[],"product_cat":[7133,7175,7183],"product_tag":[],"class_list":{"0":"post-18441","1":"product","2":"type-product","3":"status-publish","4":"has-post-thumbnail","6":"product_cat-libres-oc","7":"product_cat-literatura-oc","8":"product_cat-romans-novelas-oc","9":"pa_auteur-goustine-luc-de-fr-oc","10":"pa_editeur-pilote-24-oc","11":"pa_langue-francais-oc","12":"entry","14":"first","15":"instock","16":"shipping-taxable","17":"purchasable","18":"product-type-simple"},"acf":[],"_links":{"self":[{"href":"https:\/\/www.libraria-occitana.org\/oc\/wp-json\/wp\/v2\/product\/18441","targetHints":{"allow":["GET"]}}],"collection":[{"href":"https:\/\/www.libraria-occitana.org\/oc\/wp-json\/wp\/v2\/product"}],"about":[{"href":"https:\/\/www.libraria-occitana.org\/oc\/wp-json\/wp\/v2\/types\/product"}],"wp:featuredmedia":[{"embeddable":true,"href":"https:\/\/www.libraria-occitana.org\/oc\/wp-json\/wp\/v2\/media\/36461"}],"wp:attachment":[{"href":"https:\/\/www.libraria-occitana.org\/oc\/wp-json\/wp\/v2\/media?parent=18441"}],"wp:term":[{"taxonomy":"product_brand","embeddable":true,"href":"https:\/\/www.libraria-occitana.org\/oc\/wp-json\/wp\/v2\/product_brand?post=18441"},{"taxonomy":"product_cat","embeddable":true,"href":"https:\/\/www.libraria-occitana.org\/oc\/wp-json\/wp\/v2\/product_cat?post=18441"},{"taxonomy":"product_tag","embeddable":true,"href":"https:\/\/www.libraria-occitana.org\/oc\/wp-json\/wp\/v2\/product_tag?post=18441"}],"curies":[{"name":"wp","href":"https:\/\/api.w.org\/{rel}","templated":true}]}}