{"id":18445,"date":"2007-05-01T17:07:01","date_gmt":"2007-05-01T16:07:01","guid":{"rendered":"http:\/\/www.libraria-occitana.org\/all-products\/lombre-de-lamour?lang=oc"},"modified":"2026-04-16T23:46:40","modified_gmt":"2026-04-16T21:46:40","slug":"lombre-de-lamour","status":"publish","type":"product","link":"https:\/\/www.libraria-occitana.org\/oc\/produch\/lombre-de-lamour\/","title":{"rendered":"L&#8217;ombre de l&#8217;amour"},"content":{"rendered":"<p><em>L&#8217;ombre de l&#8217;amour<\/em> se passe dans un village recul\u00e9 de Corr\u00e8ze. Denise, la fille du m\u00e9decin, veut ramener \u00e0 la vie un jeune malade tuberculeux, et Fortunade, celle de l&#8217;aubergiste, veut ramener \u00e0 Dieu le fils du vieux <em>metge<\/em>, le gu\u00e9risseur. Mais sauront-elles \u00e9chapper \u00e0 l&#8217;amour masculin vers lequel la compassion les pousse ?<\/p>\n<p>Derri\u00e8re ce double drame qui se joue dans le cadre de ce site sauvage et dans \u00ab l&#8217;\u00e9ternelle rumeur \u00bb de ses cascades, Marcelle Tinayre, fait revivre, en observatrice attentive et d&#8217;une plume vive et color\u00e9e, la soci\u00e9t\u00e9 rurale et les paysages du Limousin de ce temps que, de page en page, viennent illustrer par ailleurs des documents et photos d&#8217;archives pour la plupart in\u00e9dits ainsi que des tableaux de Gaston Vuillier, peintre de Gimel.<\/p>\n<p>La piti\u00e9 &#8220;dangereuse&#8221;, un th\u00e8me d\u00e9j\u00e0 actuel au pays des eaux vives\u2026<\/p>\n<p><em>L&#8217;ombre de l&#8217;amour<\/em>, une belle red\u00e9couverte !<\/p>\n<p>________________<br \/>\nTulle, D\u00e9cembre 1902.<\/p>\n<p>L&#8217;ann\u00e9e se termine, la nuit tombe. Le temps est doux, humide ; une brume l\u00e9g\u00e8re monte du fond de la Corr\u00e8ze qui d\u00e9roule son long ruban entre les collines qui font comme &#8220;deux murailles d&#8217;ombre piqu\u00e9es de feux tremblants&#8221;. Sortie du train, une jeune femme \u00e9l\u00e9gante marche d&#8217;un pas rapide au long des quais&#8230;<\/p>\n<p>C&#8217;est Marcelle Tinayre, une des romanci\u00e8res les plus illustres du d\u00e9but du XXe si\u00e8cle, f\u00e9ministe et membre du jury F\u00e9mina, n\u00e9e \u00e0 Tulle en 1870.<br \/>\nUne fois adulte, elle red\u00e9couvre avec \u00e9motion son pays de naissance qui ne cessera plus de l&#8217;inspirer.<\/p>\n","protected":false},"excerpt":{"rendered":"<p>L&#8217;ombre de l&#8217;amour se passe dans un village recul\u00e9 de Corr\u00e8ze. Denise, la fille du m\u00e9decin, veut ramener \u00e0 la vie un jeune malade tuberculeux, et Fortunade, celle de l&#8217;aubergiste, veut ramener \u00e0 Dieu le fils du vieux metge, le gu\u00e9risseur. Mais sauront-elles \u00e9chapper \u00e0 l&#8217;amour masculin vers lequel la compassion les pousse ? Derri\u00e8re [&hellip;]<\/p>\n","protected":false},"featured_media":18446,"template":"","meta":{"_acf_changed":false,"_genesis_hide_title":false,"_genesis_hide_breadcrumbs":false,"_genesis_hide_singular_image":false,"_genesis_hide_footer_widgets":false,"_genesis_custom_body_class":"","_genesis_custom_post_class":"","_genesis_layout":""},"product_brand":[],"product_cat":[7133,7175,7183],"product_tag":[],"class_list":{"0":"post-18445","1":"product","2":"type-product","3":"status-publish","4":"has-post-thumbnail","6":"product_cat-libres-oc","7":"product_cat-literatura-oc","8":"product_cat-romans-novelas-oc","9":"pa_auteur-tinayre-marcelle-oc","10":"pa_editeur-maiade-oc","11":"pa_langue-francais-oc","12":"entry","14":"first","15":"instock","16":"shipping-taxable","17":"purchasable","18":"product-type-simple"},"acf":[],"_links":{"self":[{"href":"https:\/\/www.libraria-occitana.org\/oc\/wp-json\/wp\/v2\/product\/18445","targetHints":{"allow":["GET"]}}],"collection":[{"href":"https:\/\/www.libraria-occitana.org\/oc\/wp-json\/wp\/v2\/product"}],"about":[{"href":"https:\/\/www.libraria-occitana.org\/oc\/wp-json\/wp\/v2\/types\/product"}],"wp:featuredmedia":[{"embeddable":true,"href":"https:\/\/www.libraria-occitana.org\/oc\/wp-json\/wp\/v2\/media\/18446"}],"wp:attachment":[{"href":"https:\/\/www.libraria-occitana.org\/oc\/wp-json\/wp\/v2\/media?parent=18445"}],"wp:term":[{"taxonomy":"product_brand","embeddable":true,"href":"https:\/\/www.libraria-occitana.org\/oc\/wp-json\/wp\/v2\/product_brand?post=18445"},{"taxonomy":"product_cat","embeddable":true,"href":"https:\/\/www.libraria-occitana.org\/oc\/wp-json\/wp\/v2\/product_cat?post=18445"},{"taxonomy":"product_tag","embeddable":true,"href":"https:\/\/www.libraria-occitana.org\/oc\/wp-json\/wp\/v2\/product_tag?post=18445"}],"curies":[{"name":"wp","href":"https:\/\/api.w.org\/{rel}","templated":true}]}}