{"id":18457,"date":"2007-04-01T17:34:21","date_gmt":"2007-04-01T16:34:21","guid":{"rendered":"http:\/\/www.libraria-occitana.org\/all-products\/lo-leberaubre-n28-29?lang=oc"},"modified":"2026-04-25T04:36:07","modified_gmt":"2026-04-25T02:36:07","slug":"lo-leberaubre-n28-29","status":"publish","type":"product","link":"https:\/\/www.libraria-occitana.org\/oc\/produch\/lo-leberaubre-n28-29\/","title":{"rendered":"Lo Leberaubre N\u00b028-29"},"content":{"rendered":"<p>\u00ab\u00a0Per balhar de las rai\u00e7 au leberon e far corre l&#8217;aubre la nuech\u00a0\u00bb<\/p>\n<p>Revue de litt\u00e9rature occitane c\u00e9l\u00e9brant les noces du mythe et de l&#8217;absurde au chevet d&#8217;une bonne fontaine sans d\u00e9dicace. Vit le jour en 1975.<\/p>\n<p><strong>Taula :<\/strong><br \/>\n&#8211; Jan dau melhau :<br \/>\nLo c\u00f2r<br \/>\n&#8211; Micheu Chapduelh :<br \/>\nGustau Tustaud<br \/>\n&#8211; Frederic Fijac :<br \/>\nLaus de la lauseta<br \/>\nAuri\u00f2l<br \/>\nAlquimia del borric\u00f2t<br \/>\n&#8211; Jan dau Melhau :<br \/>\nN\u00f2u petits contes de questa<br \/>\n&#8211; Benedicta Bonet :<br \/>\nRaba de raibe<br \/>\n&#8211; Micheu Chapduelh :<br \/>\nLo petit auseu de la chamba de bois<br \/>\n&#8211; Jan dau Melhau :<br \/>\nTr\u00f2p tard<br \/>\n&#8211; Micheu Chapduelh :<br \/>\nMomentons (Pros\u00e8mas deris\u00f2ris)<br \/>\nAiga de r\u00f2sa<br \/>\n&#8211; Frederic Fijac :<br \/>\nDe cap en cima<br \/>\nLo pastre de las armas<br \/>\n&#8211; Jan dau Melhau :<br \/>\nCronicas tiradas de la tireta<br \/>\n&#8211; Bernat Crotos de la Gormela :<br \/>\nCortissons<br \/>\n&#8211; Jan dau Melhau :<br \/>\nCalendier lemosin<\/p>\n","protected":false},"excerpt":{"rendered":"<p>\u00ab\u00a0Per balhar de las rai\u00e7 au leberon e far corre l&#8217;aubre la nuech\u00a0\u00bb Revue de litt\u00e9rature occitane c\u00e9l\u00e9brant les noces du mythe et de l&#8217;absurde au chevet d&#8217;une bonne fontaine sans d\u00e9dicace. Vit le jour en 1975. Taula : &#8211; Jan dau melhau : Lo c\u00f2r &#8211; Micheu Chapduelh : Gustau Tustaud &#8211; Frederic Fijac [&hellip;]<\/p>\n","protected":false},"featured_media":18458,"template":"","meta":{"_acf_changed":false,"_genesis_hide_title":false,"_genesis_hide_breadcrumbs":false,"_genesis_hide_singular_image":false,"_genesis_hide_footer_widgets":false,"_genesis_custom_body_class":"","_genesis_custom_post_class":"","_genesis_layout":""},"product_brand":[],"product_cat":[7133,7175],"product_tag":[],"class_list":{"0":"post-18457","1":"product","2":"type-product","3":"status-publish","4":"has-post-thumbnail","6":"product_cat-libres-oc","7":"product_cat-literatura-oc","8":"pa_auteur-collectiu-oc-2","9":"pa_editeur-literatura-e-cultura-populara-lemosinas-oc","10":"pa_langue-occitan-oc","11":"pa_langue-occitan-lemosin-oc","12":"entry","14":"first","15":"outofstock","16":"shipping-taxable","17":"purchasable","18":"product-type-simple"},"acf":[],"_links":{"self":[{"href":"https:\/\/www.libraria-occitana.org\/oc\/wp-json\/wp\/v2\/product\/18457","targetHints":{"allow":["GET"]}}],"collection":[{"href":"https:\/\/www.libraria-occitana.org\/oc\/wp-json\/wp\/v2\/product"}],"about":[{"href":"https:\/\/www.libraria-occitana.org\/oc\/wp-json\/wp\/v2\/types\/product"}],"wp:featuredmedia":[{"embeddable":true,"href":"https:\/\/www.libraria-occitana.org\/oc\/wp-json\/wp\/v2\/media\/18458"}],"wp:attachment":[{"href":"https:\/\/www.libraria-occitana.org\/oc\/wp-json\/wp\/v2\/media?parent=18457"}],"wp:term":[{"taxonomy":"product_brand","embeddable":true,"href":"https:\/\/www.libraria-occitana.org\/oc\/wp-json\/wp\/v2\/product_brand?post=18457"},{"taxonomy":"product_cat","embeddable":true,"href":"https:\/\/www.libraria-occitana.org\/oc\/wp-json\/wp\/v2\/product_cat?post=18457"},{"taxonomy":"product_tag","embeddable":true,"href":"https:\/\/www.libraria-occitana.org\/oc\/wp-json\/wp\/v2\/product_tag?post=18457"}],"curies":[{"name":"wp","href":"https:\/\/api.w.org\/{rel}","templated":true}]}}