{"id":18507,"date":"2008-03-01T13:45:03","date_gmt":"2008-03-01T12:45:03","guid":{"rendered":"http:\/\/www.libraria-occitana.org\/all-products\/letra-au-darrier-pacan-dau-lemosin-si-non-es-desja-mort?lang=oc"},"modified":"2026-04-13T02:36:21","modified_gmt":"2026-04-13T00:36:21","slug":"letra-au-darrier-pacan-dau-lemosin-si-non-es-desja-mort","status":"publish","type":"product","link":"https:\/\/www.libraria-occitana.org\/oc\/produch\/letra-au-darrier-pacan-dau-lemosin-si-non-es-desja-mort\/","title":{"rendered":"Letra au darrier pacan dau Lemosin si non es desja m\u00f2rt"},"content":{"rendered":"<p><strong>[oc]<\/strong><br \/>\nAi mas en ieu mem\u00f2ria de pacan. Es -&#8216;qu\u00f2 pro per esser d&#8217;aquela civilisacion e de deguna autra (si se&#8217;n p\u00f2t concebre &#8216;na autra !) e ne&#8217;n viure la fin coma la soa m\u00f2rt ?<\/p>\n<p><strong>[fr]<\/strong><br \/>\nJe n&#8217;ai en moi que m\u00e9moire paysanne. Est-ce assez pour \u00eatre de cette civilisation et de nulle autre (si une autre est concevable !) et en vivre la fin comme sa propre mort ?<\/p>\n<p style=\"text-align: right\">JdM<\/p>\n<p>Cette lettre, d\u00e9j\u00e0 publi\u00e9e dans sa langue sur trois colonnes en placard d&#8217;affiche que l&#8217;on r\u00eaverait d&#8217;apposer sur les murs de nos villages, bourgs et cit\u00e9s, est devenue brochure avec sa traduction fran\u00e7aise.<\/p>\n<p>L&#8217;auteur, comme \u00e0 son habitude, s&#8217;y d\u00e9finit comme un homme du n\u00e9olithique, un paysan, et il y brosse, \u00e0 grands et gros traits, une fresque de 10000 ans (pas de moins !), le menant de l&#8217;invention de l&#8217;agriculture et du village \u00e0 leur ultime d\u00e9sagr\u00e9gation dans les ann\u00e9es 1950, apr\u00e8s deux si\u00e8cles de lente et insidieuse agonie.<br \/>\nOn y parle des vaches \u00e0 l&#8217;attelage, du mythe et de la rave, c&#8217;est un bon suppl\u00e9ment \u00e0 <a title=\"Mon dictionnaire ou Mais qu\u2019est-ce que je fous dans ce merdier ?\" href=\"http:\/\/www.libraria-occitana.org\/all-products\/mon-dictionnaire-ou-mais-quest-ce-que-je-fous-dans-ce-merdier\"><em>Mon Dictionnaire ou Mais qu&#8217;est-ce que je fous dans ce merdier ?<\/em><\/a> qu&#8217;il fit para\u00eetre en 2002 chez le m\u00eame \u00e9diteur : lui.<\/p>\n","protected":false},"excerpt":{"rendered":"<p>[oc] Ai mas en ieu mem\u00f2ria de pacan. Es -&#8216;qu\u00f2 pro per esser d&#8217;aquela civilisacion e de deguna autra (si se&#8217;n p\u00f2t concebre &#8216;na autra !) e ne&#8217;n viure la fin coma la soa m\u00f2rt ? [fr] Je n&#8217;ai en moi que m\u00e9moire paysanne. Est-ce assez pour \u00eatre de cette civilisation et de nulle autre [&hellip;]<\/p>\n","protected":false},"featured_media":18508,"template":"","meta":{"_acf_changed":false,"_genesis_hide_title":false,"_genesis_hide_breadcrumbs":false,"_genesis_hide_singular_image":false,"_genesis_hide_footer_widgets":false,"_genesis_custom_body_class":"","_genesis_custom_post_class":"","_genesis_layout":""},"product_brand":[],"product_cat":[7133,7175,7187],"product_tag":[],"class_list":{"0":"post-18507","1":"product","2":"type-product","3":"status-publish","4":"has-post-thumbnail","6":"product_cat-libres-oc","7":"product_cat-literatura-oc","8":"product_cat-temonhatges-memoris-oc","9":"pa_auteur-melhau-jan-dau-fr-oc","10":"pa_editeur-jan-dau-melhau-oc","11":"pa_langue-occitan-lemosin-oc","12":"pa_langue-occitan-francais-oc","13":"entry","15":"first","16":"instock","17":"shipping-taxable","18":"purchasable","19":"product-type-simple"},"acf":[],"_links":{"self":[{"href":"https:\/\/www.libraria-occitana.org\/oc\/wp-json\/wp\/v2\/product\/18507","targetHints":{"allow":["GET"]}}],"collection":[{"href":"https:\/\/www.libraria-occitana.org\/oc\/wp-json\/wp\/v2\/product"}],"about":[{"href":"https:\/\/www.libraria-occitana.org\/oc\/wp-json\/wp\/v2\/types\/product"}],"wp:featuredmedia":[{"embeddable":true,"href":"https:\/\/www.libraria-occitana.org\/oc\/wp-json\/wp\/v2\/media\/18508"}],"wp:attachment":[{"href":"https:\/\/www.libraria-occitana.org\/oc\/wp-json\/wp\/v2\/media?parent=18507"}],"wp:term":[{"taxonomy":"product_brand","embeddable":true,"href":"https:\/\/www.libraria-occitana.org\/oc\/wp-json\/wp\/v2\/product_brand?post=18507"},{"taxonomy":"product_cat","embeddable":true,"href":"https:\/\/www.libraria-occitana.org\/oc\/wp-json\/wp\/v2\/product_cat?post=18507"},{"taxonomy":"product_tag","embeddable":true,"href":"https:\/\/www.libraria-occitana.org\/oc\/wp-json\/wp\/v2\/product_tag?post=18507"}],"curies":[{"name":"wp","href":"https:\/\/api.w.org\/{rel}","templated":true}]}}