{"id":18567,"date":"2009-03-01T10:44:51","date_gmt":"2009-03-01T09:44:51","guid":{"rendered":"http:\/\/www.libraria-occitana.org\/all-products\/parler-croquant?lang=oc"},"modified":"2026-04-20T00:01:45","modified_gmt":"2026-04-19T22:01:45","slug":"parler-croquant","status":"publish","type":"product","link":"https:\/\/www.libraria-occitana.org\/oc\/produch\/parler-croquant\/","title":{"rendered":"Parler croquant"},"content":{"rendered":"<p>La parution, en 1973, de <em>Parler Croquant<\/em> mit au c\u0153ur des militants, improprement qualifi\u00e9s de r\u00e9gionalistes, un de ces baumes dont ces ann\u00e9es-l\u00e0, dans la foul\u00e9e de mai 68, \u00e9taient tout de m\u00eame bonnes pourvoyeuses.<\/p>\n<p>En cet heureux temps, \u00e9cologique et rural en diable, il n&#8217;\u00e9tait question que de m\u00e9moire, de collectage, de r\u00e9appropriation. On courait la campagne \u00e0 la recherche des vieux <em>qui savent<\/em>, du dernier couple de paysans <em>velours c\u00f4tel\u00e9 et satinette<\/em>. La langue \u2013 pour nous l&#8217;occitan \u2013 en ses chansons, ses contes, ses proverbes, tout le grand savoir-dire dont les bribes que nous recueillions semblaient tr\u00e9sor \u2013 et en v\u00e9rit\u00e9 l&#8217;\u00e9taient ! \u2013 \u00e0 nos oreilles \u00e9merveill\u00e9es. Et tous les savoir-faire, tous les savoir-penser, tant il est vrai qu&#8217;on pense diff\u00e9remment d&#8217;une langue \u00e0 l&#8217;autre comme on le fait d&#8217;une classe sociale \u00e0 l&#8217;autre. (Et que dire quand les deux se conjuguent !&#8230; )<\/p>\n<p>Cet heureux temps \u00e9tait en fait pour nos langues le temps de la derni\u00e8re chance que les promesses non tenues de la gauche allaient quelques ann\u00e9es plus tard transformer en fin ultime quand en vieillissaient puis mouraient les derniers usagers naturels.<\/p>\n<p>Le livre de Claude Duneton disait avec passion, humour et pertinence comment l&#8217;\u00c9tat fran\u00e7ais, aid\u00e9 par la trahison des pr\u00e9tendues \u00e9lites ainsi qu&#8217;il est de r\u00e8gle dans toute entreprise de colonisation, avait tout fait pour tuer les langues (en disqualifiant la culture qu&#8217;elles v\u00e9hiculent) des territoires tomb\u00e9s dans son giron, constituant le royaume en empire. Il disait \u00e9galement comment cet \u00c9tat avait ch\u00e2tr\u00e9 sa propre langue en la privant de sa s\u00e8ve, de ses racines populaires, \u00e9clairant son propos de fa\u00e7on magistrale en faisant le rapprochement entre fran\u00e7ais, anglais et occitan. Bref, son livre \u00e9tait plus qu&#8217;utile : n\u00e9cessaire. Or, \u00e0 l&#8217;\u00e9vidence, en trente-cinq ans, il n&#8217;a pas pris une ride. Il devenait urgent, en le r\u00e9\u00e9ditant, de le convier au grand d\u00e9bat &#8211; pardon, au grand d\u00e9ni linguistique qui ne cesse plus d&#8217;agiter ce pays, mettant au coude \u00e0 coude les ignorants, les faussaires et les ren\u00e9gats.<\/p>\n","protected":false},"excerpt":{"rendered":"<p>La parution, en 1973, de Parler Croquant mit au c\u0153ur des militants, improprement qualifi\u00e9s de r\u00e9gionalistes, un de ces baumes dont ces ann\u00e9es-l\u00e0, dans la foul\u00e9e de mai 68, \u00e9taient tout de m\u00eame bonnes pourvoyeuses. En cet heureux temps, \u00e9cologique et rural en diable, il n&#8217;\u00e9tait question que de m\u00e9moire, de collectage, de r\u00e9appropriation. On [&hellip;]<\/p>\n","protected":false},"featured_media":18568,"template":"","meta":{"_acf_changed":false,"_genesis_hide_title":false,"_genesis_hide_breadcrumbs":false,"_genesis_hide_singular_image":false,"_genesis_hide_footer_widgets":false,"_genesis_custom_body_class":"","_genesis_custom_post_class":"","_genesis_layout":""},"product_brand":[],"product_cat":[7137,7133,7141],"product_tag":[],"class_list":{"0":"post-18567","1":"product","2":"type-product","3":"status-publish","4":"has-post-thumbnail","6":"product_cat-diccionaris-lenga-escolar-oc","7":"product_cat-libres-oc","8":"product_cat-linguistica-oc","9":"pa_auteur-duneton-claude-oc","10":"pa_editeur-lo-chamin-de-sent-jaume-oc","11":"pa_langue-francais-oc","12":"entry","14":"first","15":"instock","16":"shipping-taxable","17":"purchasable","18":"product-type-simple"},"acf":[],"_links":{"self":[{"href":"https:\/\/www.libraria-occitana.org\/oc\/wp-json\/wp\/v2\/product\/18567","targetHints":{"allow":["GET"]}}],"collection":[{"href":"https:\/\/www.libraria-occitana.org\/oc\/wp-json\/wp\/v2\/product"}],"about":[{"href":"https:\/\/www.libraria-occitana.org\/oc\/wp-json\/wp\/v2\/types\/product"}],"wp:featuredmedia":[{"embeddable":true,"href":"https:\/\/www.libraria-occitana.org\/oc\/wp-json\/wp\/v2\/media\/18568"}],"wp:attachment":[{"href":"https:\/\/www.libraria-occitana.org\/oc\/wp-json\/wp\/v2\/media?parent=18567"}],"wp:term":[{"taxonomy":"product_brand","embeddable":true,"href":"https:\/\/www.libraria-occitana.org\/oc\/wp-json\/wp\/v2\/product_brand?post=18567"},{"taxonomy":"product_cat","embeddable":true,"href":"https:\/\/www.libraria-occitana.org\/oc\/wp-json\/wp\/v2\/product_cat?post=18567"},{"taxonomy":"product_tag","embeddable":true,"href":"https:\/\/www.libraria-occitana.org\/oc\/wp-json\/wp\/v2\/product_tag?post=18567"}],"curies":[{"name":"wp","href":"https:\/\/api.w.org\/{rel}","templated":true}]}}