{"id":18573,"date":"2009-02-01T16:57:42","date_gmt":"2009-02-01T15:57:42","guid":{"rendered":"http:\/\/www.libraria-occitana.org\/all-products\/200-devinetas-deux-cents-devinettes-en-pays-doc?lang=oc"},"modified":"2026-04-29T11:13:23","modified_gmt":"2026-04-29T09:13:23","slug":"200-devinetas-deux-cents-devinettes-en-pays-doc","status":"publish","type":"product","link":"https:\/\/www.libraria-occitana.org\/oc\/produch\/200-devinetas-deux-cents-devinettes-en-pays-doc\/","title":{"rendered":"200 devinetas &#8211; Deux cents devinettes en pays d&#8217;Oc"},"content":{"rendered":"<p><em>Jo sabi ua causa, verdiusa, verdausa\u2026<\/em> o <em>Qu&#8217;es aqu\u00f2, qu&#8217;es aqu\u00f2 ?<\/em> las formuletas qui an\u00f3ncian las devinalhas que son nombrosas en occitan e qu&#8217;amuishan plan tot lo shuc d&#8217;aqueras questionetas enigmaticas.<\/p>\n<p>J\u00f2cs de mots e d&#8217;esperit, trufas, dobles sens, equiv\u00f2cas qui p\u00f2den estar eroticas de quan en quan, que permeten uei lo dia com autes c\u00f2ps de jogar dab la lenga occitana.<\/p>\n<p>Que los jogadors sian mainats, escolans, adultes o ensenhaires.<\/p>\n<p>En 1928, Onorat Dambielle que has\u00f3 par\u00e9isher a Samatan, dens lo departament deu G\u00e8rs, un liberet titolat <em>Nos devinettes gasconnes<\/em> sus las soas premsas de l&#8217;Imprimerie occitane. Qu&#8217;ei lo libe que tornam publicar uei e qui demora ua de las cuelhudas las mei hornidas deus pa\u00eds d&#8217;\u00f2c.<\/p>\n","protected":false},"excerpt":{"rendered":"<p>Jo sabi ua causa, verdiusa, verdausa\u2026 o Qu&#8217;es aqu\u00f2, qu&#8217;es aqu\u00f2 ? las formuletas qui an\u00f3ncian las devinalhas que son nombrosas en occitan e qu&#8217;amuishan plan tot lo shuc d&#8217;aqueras questionetas enigmaticas. J\u00f2cs de mots e d&#8217;esperit, trufas, dobles sens, equiv\u00f2cas qui p\u00f2den estar eroticas de quan en quan, que permeten uei lo dia com [&hellip;]<\/p>\n","protected":false},"featured_media":36437,"template":"","meta":{"_acf_changed":false,"_genesis_hide_title":false,"_genesis_hide_breadcrumbs":false,"_genesis_hide_singular_image":false,"_genesis_hide_footer_widgets":false,"_genesis_custom_body_class":"","_genesis_custom_post_class":"","_genesis_layout":""},"product_brand":[],"product_cat":[7177,7133,7175],"product_tag":[],"class_list":{"0":"post-18573","1":"product","2":"type-product","3":"status-publish","4":"has-post-thumbnail","6":"product_cat-contes-fablas-oc","7":"product_cat-libres-oc","8":"product_cat-literatura-oc","9":"pa_auteur-dambielle-onorat-oc","10":"pa_editeur-letras-doc-oc","11":"pa_langue-occitan-gascon-oc","12":"pa_langue-occitan-francais-oc","13":"entry","15":"first","16":"outofstock","17":"shipping-taxable","18":"purchasable","19":"product-type-simple"},"acf":[],"_links":{"self":[{"href":"https:\/\/www.libraria-occitana.org\/oc\/wp-json\/wp\/v2\/product\/18573","targetHints":{"allow":["GET"]}}],"collection":[{"href":"https:\/\/www.libraria-occitana.org\/oc\/wp-json\/wp\/v2\/product"}],"about":[{"href":"https:\/\/www.libraria-occitana.org\/oc\/wp-json\/wp\/v2\/types\/product"}],"wp:featuredmedia":[{"embeddable":true,"href":"https:\/\/www.libraria-occitana.org\/oc\/wp-json\/wp\/v2\/media\/36437"}],"wp:attachment":[{"href":"https:\/\/www.libraria-occitana.org\/oc\/wp-json\/wp\/v2\/media?parent=18573"}],"wp:term":[{"taxonomy":"product_brand","embeddable":true,"href":"https:\/\/www.libraria-occitana.org\/oc\/wp-json\/wp\/v2\/product_brand?post=18573"},{"taxonomy":"product_cat","embeddable":true,"href":"https:\/\/www.libraria-occitana.org\/oc\/wp-json\/wp\/v2\/product_cat?post=18573"},{"taxonomy":"product_tag","embeddable":true,"href":"https:\/\/www.libraria-occitana.org\/oc\/wp-json\/wp\/v2\/product_tag?post=18573"}],"curies":[{"name":"wp","href":"https:\/\/api.w.org\/{rel}","templated":true}]}}