{"id":18603,"date":"2009-01-01T14:47:12","date_gmt":"2009-01-01T13:47:12","guid":{"rendered":"http:\/\/www.libraria-occitana.org\/all-products\/auvergne-et-limousin-enregistrements-realises-entre-1913-et-1998?lang=oc"},"modified":"2026-04-13T19:51:13","modified_gmt":"2026-04-13T17:51:13","slug":"auvergne-et-limousin-enregistrements-realises-entre-1913-et-1998","status":"publish","type":"product","link":"https:\/\/www.libraria-occitana.org\/oc\/produch\/auvergne-et-limousin-enregistrements-realises-entre-1913-et-1998\/","title":{"rendered":"Auvergne et Limousin : Enregistrements r\u00e9alis\u00e9s entre 1913 et 1998"},"content":{"rendered":"<p>L&#8217;Auvergne et le Limousin sont deux r\u00e9gions montagneuses de culture occitane situ\u00e9es au centre de la France. On y a recueilli un riche r\u00e9pertoire de chansons (en fran\u00e7ais et en occitan) et de musique instrumentale (violon, vielle \u00e0 roue, accord\u00e9on et des cornemuses comme la cabrette auvergnate et la chabrette limousine). La danse embl\u00e9matique est la bourr\u00e9e, sous ses diff\u00e9rentes formes. Ces deux r\u00e9gions de forte \u00e9migration se sont, tout au long des XIXe et XXe si\u00e8cles, tourn\u00e9es vers Paris (mais aussi vers Lyon, Bordeaux, etc.). Plusieurs des musiciens pr\u00e9sents sur ce disque avaient v\u00e9cu dans la capitale, avant de revenir s&#8217;installer au pays. La plupart y avaient anim\u00e9 des bals pour leurs compatriotes. Ainsi, Paris a souvent jou\u00e9 un r\u00f4le (paradoxal ?) de conservatoire des pratiques musicales auvergnates et limousines. Pour en savoir plus sur la musique des Auvergnats de Paris, ainsi que sur le bal musette qui en est en quelque sorte issu, se reporter au volume 7 de cette anthologie.<\/p>\n<p><strong>Titres :<\/strong><br \/>\n1. Pot-pourri de bourr\u00e9es &#8220;auvergnates&#8221; : La Corbiasa, La Tricotada, La Sentrianauda, Sur los b\u00f2rds de la Jordana, Para lo lop, Trapa-lo Milon, Se&#8217;n son tornats los gar\u00e7ons d&#8217;a Neuviala<br \/>\nMichel Meilhac (violon) &#8211; Enregistr\u00e9 en 1959 \u00e0 Saint-Bonnet-Briance (Haute-Vienne).<br \/>\n2. Minuit vient de sonner<br \/>\nRen\u00e9 Rongier (chant) &#8211; Enregistr\u00e9 en ao\u00fbt 1976 \u00e0 Pradiers (Cantal) par Olivier Durif et Eric Montbel.<br \/>\n3. Appel des vaches<br \/>\nF\u00e9licie Sabatier &#8211; Enregistr\u00e9e en mars 1988 \u00e0 Bessamorel (Haute-Loire) par Claude Rocher, Jean-Louis Deygas, Michel Paulet, Jos\u00e9 Dubreuil et Jojo Darne.<br \/>\n4. Paysage sonore : d\u00e9part en estivage d&#8217;un troupeau de bovins portant des cloches de bronze et de fer.<br \/>\nEnregistr\u00e9 en 1964 \u00e0 Saint-C\u00f4me-d&#8217;Olt (Aveyron) par Claudie Marcel-Dubois et Marguerite Pichonnet-Andral pour le MNATP.<br \/>\n5. Tant pire (bourr\u00e9e)<br \/>\nJoseph Perrier (violon) &#8211; Enregistr\u00e9 en 1976 \u00e0 Champs-sur-Tarentaine (Cantal) par Alain Ribardi\u00e8re.<br \/>\n6. Le premeir jorn de mas n\u00f2\u00e7as<br \/>\nMaria Taves (chant) &#8211; Enregistr\u00e9e en 1976 dans l&#8217;Artense (Cantal) par Alain Ribardi\u00e8re.<br \/>\n7. Marche de noces<br \/>\nJean Bacconet (vielle \u00e0 roue) &#8211; Enregistr\u00e9 le 12 d\u00e9cembre 1985 \u00e0 Dontreix (Creuse) par Jean-Jacques Le Creurer.<br \/>\n8. La demenam la n\u00f2stra n\u00f2via (marche de noces) et extrait d&#8217;entretien : la cabrette le jour des noces<br \/>\nLouise Reichert (chant) &#8211; Enregistr\u00e9e le 4 ao\u00fbt 1971 \u00e0 Pons (Aveyron) par John Wright, Catherine Perrier et Emmanuel Lazinier.<br \/>\n9. La demenam la n\u00f2stra n\u00f2via (marche de noces)<br \/>\nAndr\u00e9 Vermerie (cabrette) &#8211; Enregistr\u00e9 le 4 ao\u00fbt 1970 \u00e0 Pons (Aveyron) par John Wright, Catherine Perrier et Emmanuel Lazinier.<br \/>\n10. Marche de Bredou<br \/>\nLouis Linard (cabreton ou cabr\u00e9tou) &#8211; Enregistr\u00e9 au printemps 1978 \u00e0 Sainte Eulalie (Cantal) par Andr\u00e9 Ricros.<br \/>\n11. Adieu Privas<br \/>\nL\u00e9on Peyrat (chant) &#8211; Enregistr\u00e9 au printemps 1980 \u00e0 Saint-Salvadour (Corr\u00e8ze) par Olivier Durif et Christian Oller.<br \/>\n12. Suite de bourr\u00e9es : La Sautarel \/ Bourr\u00e9e de Gimel 2<br \/>\nL\u00e9on Peyrat (violon) &#8211; Enregistr\u00e9 au printemps 1980 \u00e0 Saint-Salvadour (Corr\u00e8ze) par Olivier Durif et Christian Oller.<br \/>\n13. Sos le pont d&#8217;Orleans<br \/>\nHenri Chevalier (chant) &#8211; Enregistr\u00e9 en 1976 \u00e0 M\u00e9zi\u00e8res-sur-Issoire (Haute-Vienne) par Alain Ribardi\u00e8re et Pierre Boulanger.<br \/>\n14. Bourr\u00e9e \u00e0 Fran\u00e7ois<br \/>\nFran\u00e7ois Vidalenc (accord\u00e9on diatonique) &#8211; Enregistr\u00e9 en ao\u00fbt 1980 \u00e0 Vigouroux (Cantal) par Christian Oller.<br \/>\n15. Fai-lo cornard ma filha (bourr\u00e9e)<br \/>\nLouise Reichert (chant) &#8211; Enregistr\u00e9e le 4 ao\u00fbt 1971 \u00e0 Pons (Aveyron) par John Wright, Catherine Perrier et Emmanuel Lazinier.<br \/>\n16. Lo ribatel (bourr\u00e9e)<br \/>\nRoger Vaissade (accord\u00e9on chromatique) &#8211; Enregistr\u00e9 en 1998 \u00e0 Repons, commune de Saint-Urcize (Cantal) par Michel Esbelin, avec Fr\u00e9d\u00e9ric Loth (prise de son).<br \/>\n17. Passant par Paris<br \/>\nHenri Bayle (chant) &#8211; Enregistr\u00e9 en 1988 \u00e0 Lapte (Haute-Loire) par Claude Rocher, Jean-Louis Deygas, Michel Paulet, Jos\u00e9 Dubreuil et Jojo Darne.<br \/>\n18. Valse \u00e0 Tintin<br \/>\nMarcel Piaud, originaire de Champagne-et-Fontaine (Dordogne) (vielle \u00e0 roue) &#8211; Enregistr\u00e9 le 9 ao\u00fbt 1988 \u00e0 Bergerac (Dordogne) par Fran\u00e7oise \u00c9tay, avec Philippe Destrem.<br \/>\n19. En 1820, ce fut un assassin\u2026 (Complainte sur l&#8217;assassinat du Duc de Berry)<br \/>\nMarie Ischard (chant) &#8211; Enregistr\u00e9e le 26 ao\u00fbt 1977 \u00e0 Saint-Martin-Valmeroux (Cantal) par P\u00e8ire Boissi\u00e8re.<br \/>\n20. Polka piqu\u00e9e<br \/>\nAntonin P\u00e9coil et Alexandre Savignat (violon) &#8211; Enregistr\u00e9s en 1946 \u00e0 Renti\u00e8res (Puy-de-D\u00f4me) par Jean Martin.<br \/>\n21. Cinc s\u00f2us per la chambriera (polka piqu\u00e9e)<br \/>\nBerthe Chevalier (chant) &#8211; Enregistr\u00e9e en 1976 \u00e0 M\u00e9zi\u00e8res-sur-Issoire (Haute-Vienne) par Alain Ribardi\u00e8re et Pierre Boulanger.<br \/>\n22. Bourr\u00e9e deux tons<br \/>\nAlfred Mouret (violon) &#8211; Enregistr\u00e9 en 1977 \u00e0 Saint-Donat (Puy-de-D\u00f4me) par Olivier Durif.<br \/>\n23. R\u00e9cit : le m\u00e9tier de violoneux<br \/>\nAlfred Mouret (voix) &#8211; Enregistr\u00e9 en 1976 \u00e0 Saint-Donat (Puy-de-D\u00f4me) par Olivier Durif.<br \/>\n24. Ont anarem gardar (bourr\u00e9e)<br \/>\nAntonin Chabrier (violon) &#8211; Enregistr\u00e9 en ao\u00fbt 1973 \u00e0 Riom-es-Montagnes (Cantal) par Jean-Loup Baly, Jean-Fran\u00e7ois Dutertre et Em\u00adma\u00adnuel Lazinier.<br \/>\n25. R\u00e9veillez-vous fid\u00e8les<br \/>\nRen\u00e9 Bernard de Chastreix (Puy-de-D\u00f4me) (voix et chant) et Andr\u00e9 Gatignol de Saint-Gen\u00e8s Puy-de-D\u00f4me) (violon) &#8211; Enregistr\u00e9s en d\u00e9cembre 1986 \u00e0 Chastreix (Puy-de-D\u00f4me) par \u00c9ric Cousteix.<br \/>\n26. La Passion de J\u00e9sus-Christ<br \/>\nMaria Faurisson (chant) &#8211; Enregistr\u00e9e le 24 ao\u00fbt 1913 \u00e0 Voutezac (Corr\u00e8ze) par Ferdinand Brunot.<br \/>\n27. L&#8217;\u00e2me entendit (cantique)<br \/>\nLouis Jarraud (cabrette) &#8211; Enregistr\u00e9 en 1978 au Barnagaud, commune de La Croisille-sur-Briance (Haute-Vienne) par Eric Montbel.<br \/>\n28. Valse<br \/>\n&#8220;Camillou&#8221; Gavinet (chabrette limousine), son fils Ren\u00e9 Gavinet (batterie) et sa petite-ni\u00e8ce Ang\u00e9lique Tarrade (accord\u00e9on chromatique) &#8211; Enregistr\u00e9s dans la nuit du 31 d\u00e9cembre 1984 au 1er janvier 1985 \u00e0 Saint-Priest-Ligoure (Haute-Vienne).<br \/>\n29. Crebe de set (bourr\u00e9e)<br \/>\nMichel Tournadre (violon) &#8211; Enregistr\u00e9 le 11 octobre 1959 \u00e0 Lanobre (Cantal) par Claudie Marcel-Dubois et Marguerite Pichonnet-Andral pour le MNATP.<br \/>\n30. Rossignolet charmant<br \/>\nMarie-Louise et Marcelle Delpastre (chant) &#8211; Enregistr\u00e9es le 19 juin 1972 \u00e0 Germont, Chamberet (Corr\u00e8ze) par Hugh Shields.<br \/>\n31. Para lo lop (bourr\u00e9e)<br \/>\nGuillaume Morzi\u00e8res (cabrette) &#8211; Enregistr\u00e9 le 7 octobre 1959 \u00e0 Saint-Simon (Cantal) par Claudie Marcel-Dubois et Marguerite Pichonnet-Andral pour le MNATP.<\/p>\n","protected":false},"excerpt":{"rendered":"<p>L&#8217;Auvergne et le Limousin sont deux r\u00e9gions montagneuses de culture occitane situ\u00e9es au centre de la France. On y a recueilli un riche r\u00e9pertoire de chansons (en fran\u00e7ais et en occitan) et de musique instrumentale (violon, vielle \u00e0 roue, accord\u00e9on et des cornemuses comme la cabrette auvergnate et la chabrette limousine). La danse embl\u00e9matique est [&hellip;]<\/p>\n","protected":false},"featured_media":18604,"template":"","meta":{"_acf_changed":false,"_genesis_hide_title":false,"_genesis_hide_breadcrumbs":false,"_genesis_hide_singular_image":false,"_genesis_hide_footer_widgets":false,"_genesis_custom_body_class":"","_genesis_custom_post_class":"","_genesis_layout":""},"product_brand":[],"product_cat":[16683,7237],"product_tag":[],"class_list":{"0":"post-18603","1":"product","2":"type-product","3":"status-publish","4":"has-post-thumbnail","6":"product_cat-musica-oc","7":"product_cat-tradicion-oc","8":"pa_auteur-collectiu-oc-2","9":"pa_editeur-fremeaux-associes-oc","10":"pa_langue-francais-oc","11":"pa_langue-occitan-oc","12":"pa_langue-occitan-lemosin-oc","13":"pa_langue-occitan-lengadocian-oc","14":"entry","16":"first","17":"outofstock","18":"shipping-taxable","19":"purchasable","20":"product-type-simple"},"acf":[],"_links":{"self":[{"href":"https:\/\/www.libraria-occitana.org\/oc\/wp-json\/wp\/v2\/product\/18603","targetHints":{"allow":["GET"]}}],"collection":[{"href":"https:\/\/www.libraria-occitana.org\/oc\/wp-json\/wp\/v2\/product"}],"about":[{"href":"https:\/\/www.libraria-occitana.org\/oc\/wp-json\/wp\/v2\/types\/product"}],"wp:featuredmedia":[{"embeddable":true,"href":"https:\/\/www.libraria-occitana.org\/oc\/wp-json\/wp\/v2\/media\/18604"}],"wp:attachment":[{"href":"https:\/\/www.libraria-occitana.org\/oc\/wp-json\/wp\/v2\/media?parent=18603"}],"wp:term":[{"taxonomy":"product_brand","embeddable":true,"href":"https:\/\/www.libraria-occitana.org\/oc\/wp-json\/wp\/v2\/product_brand?post=18603"},{"taxonomy":"product_cat","embeddable":true,"href":"https:\/\/www.libraria-occitana.org\/oc\/wp-json\/wp\/v2\/product_cat?post=18603"},{"taxonomy":"product_tag","embeddable":true,"href":"https:\/\/www.libraria-occitana.org\/oc\/wp-json\/wp\/v2\/product_tag?post=18603"}],"curies":[{"name":"wp","href":"https:\/\/api.w.org\/{rel}","templated":true}]}}