{"id":18613,"date":"2008-12-01T18:10:11","date_gmt":"2008-12-01T17:10:11","guid":{"rendered":"http:\/\/www.libraria-occitana.org\/all-products\/darreir-los-uelhs-tresesma-partida-lo-leberaubre-n30?lang=oc"},"modified":"2026-04-29T03:56:20","modified_gmt":"2026-04-29T01:56:20","slug":"darreir-los-uelhs-tresesma-partida-lo-leberaubre-n30","status":"publish","type":"product","link":"https:\/\/www.libraria-occitana.org\/oc\/produch\/darreir-los-uelhs-tresesma-partida-lo-leberaubre-n30\/","title":{"rendered":"Darreir los uelhs (tresesma partida) \/ Lo Leberaubre N\u00b030"},"content":{"rendered":"<p>Apres la publicacion de la <a title=\"Darreir los uelhs (prumiera partida) \/ Lo Leberaubre N\u00b026\" href=\"http:\/\/www.libraria-occitana.org\/all-products\/darreir-los-uelhs-prumiera-partida-lo-leberaubre-n26\">prumiera<\/a> e de la <a title=\"Darreir los uelhs (segonda partida) \/ Lo Leberaubre N\u00b027\" href=\"http:\/\/www.libraria-occitana.org\/all-products\/darreir-los-uelhs-segonda-partida-lo-leberaubre-n27\">segonda<\/a> part de <em>Darrier los uelhs<\/em> dins los numer\u00f2s 26 e 27 dau <em>Leberaubre<\/em>.<\/p>\n<p>\u201cAuri\u00e1i pas pensat que se posqu\u00e8sse far lo raconte de s\u00f2mis coma se fa lo dels jorns, dels eveniments de la vida dins los mem\u00f2ris.<\/p>\n<p>Lo Micheu Chapdu\u00e8lh capita l&#8217;escomesa e se comen\u00e7atz de ne legir un parelhat, av\u00e8tz passat la man e pu\u00e8i lo bra\u00e7 dins l&#8217;engranatge. Ne sortiretz reviscoilat, desrevelhat&#8230; [&#8230;].<\/p>\n<p>Auretz passat un brave moment de plaser a sautar d&#8217;una p\u00e8ira l&#8217;autra coma se pass\u00e0vetz lo ga d&#8217;una ribi\u00e8ira. Mas darri\u00e8r las elucubracions d&#8217;un esperit rasonable que pren sas vacan\u00e7as se desconfla la bodiga, e traparetz un pe\u00e7uc de &#8220;fantastic, \u00e7\u00f2 que ten lo mi\u00e8lhs a l&#8217;arma lemosina&#8221;.&#8221; [&#8230;]<\/p>\n<p style=\"text-align: right;\">Claudi Molinier (<em>La Setmana<\/em>)<\/p>\n<p>&#8220;Te remerci f\u00f2rt pels dos numer\u00f2s, amb lor onirocritica (coma auri\u00e1 dit Apollinari). Coneissi pas cap d&#8217;\u00f2bra tala qu&#8217;aquela &#8211; nimai dins lo Blavier (&#8220;<em>Les fous litt\u00e9raires<\/em>&#8221; &#8211; &#8220;F\u00f2l&#8221; es pas a pr\u00e9ner aic\u00ed al sens clinic !) nimai dins Queneau (&#8220;<em>Aux confins des t\u00e9n\u00e8bres<\/em>&#8220;, que recopa mai o mens &#8220;<em>Les enfants du limon<\/em>&#8220;) nimai dins d&#8217;autres, i a res de tal. I a ben un &#8220;<em>arpentaire de raives<\/em>&#8221; mas es dins un recuelh de nov\u00e8las de Jack Vance.<\/p>\n<p>En mai de l&#8217;originalitat extrema, tr\u00f2bi qu&#8217;as creat una mena de poesia &#8220;autra&#8221;, faita de familiaritat e de &#8220;<em>Umheimligkeit<\/em>&#8221; a l&#8217;enc\u00f2p : fa venir lo sentit plan estranh d&#8217;\u00e8stre telepate, e de dintrar d&#8217;escondons dins los raives de quauqu&#8217;un mai&#8230;<\/p>\n<p>Benleu un jorn Chapdu\u00e8lh ser\u00e0 per los raives l&#8217;equivalent de Aarne-Thompson per los contes : &#8220;Aquesta nu\u00e8it, ai fait un C.241, amb una varianta 20 B a la fin&#8230; Vos disi pas qu&#8217;aqu\u00f2 !&#8221;<\/p>\n<p style=\"text-align: right;\">Joan Rigosta<\/p>\n<p>&#8220;Enfin son davaladas las darrieras fuelhas del reversenc (raiversenc ?) occitan. Son vengudas sagelar l&#8217;auton d&#8217;Olt-e-Garona, las pajas longas d&#8217;aquela revista (raivista ?) que se v\u00f2l pas plegar a l&#8217;alinhament de ma bibliot\u00e8ca. Quilhadas ? Cochadas ? A plat ? Pitionas p\u00f2stes lissas empiladas entre duas laissas de fusta pedagogica, un c\u00f2p de mai veni\u00e1i de las cambiar de pla\u00e7a&#8230;<\/p>\n<p>Ara, sus ma taula, un parelh de rectangles alandats. Passi d&#8217;un <em>Leberaubre<\/em> a l&#8217;autre. Me sembla d&#8217;estar dins un casal. Un cairat de cendres&#8230; l&#8217;ombra de tinta d&#8217;un tilh\u00f2l&#8230; un cir\u00e8ch doblidat&#8230; una faissa de majofas d&#8217;estampari\u00e1&#8230; un brave cacha-vielha&#8230; e mai de m\u00e8rdas, entre las socas, coma dins la vinha del casal de la Mam\u00e8 de Bardilha !<\/p>\n<p>Res non se perd&#8230; Aquel trabalh d&#8217;escritura, aqu\u00f2 es l&#8217;\u00f2bra caparuda dels verms del raive : chapar lo non-res per cagar d&#8217;infinit.&#8221;<\/p>\n<p style=\"text-align: right;\">Frederic Fijac<\/p>\n<p><strong>Lo Leberaubre, \u00ab\u00a0Per balhar de las rai\u00e7 au leberon e far corre l&#8217;aubre la nuech\u00a0\u00bb<\/strong><br \/>\nRevue de litt\u00e9rature occitane c\u00e9l\u00e9brant les noces du mythe et de l&#8217;absurde au chevet d&#8217;une bonne fontaine sans d\u00e9dicace. Vit le jour en 1975.<\/p>\n","protected":false},"excerpt":{"rendered":"<p>Apres la publicacion de la prumiera e de la segonda part de Darrier los uelhs dins los numer\u00f2s 26 e 27 dau Leberaubre. \u201cAuri\u00e1i pas pensat que se posqu\u00e8sse far lo raconte de s\u00f2mis coma se fa lo dels jorns, dels eveniments de la vida dins los mem\u00f2ris. Lo Micheu Chapdu\u00e8lh capita l&#8217;escomesa e se [&hellip;]<\/p>\n","protected":false},"featured_media":18614,"template":"","meta":{"_acf_changed":false,"_genesis_hide_title":false,"_genesis_hide_breadcrumbs":false,"_genesis_hide_singular_image":false,"_genesis_hide_footer_widgets":false,"_genesis_custom_body_class":"","_genesis_custom_post_class":"","_genesis_layout":""},"product_brand":[],"product_cat":[7133,7175,7187],"product_tag":[],"class_list":{"0":"post-18613","1":"product","2":"type-product","3":"status-publish","4":"has-post-thumbnail","6":"product_cat-libres-oc","7":"product_cat-literatura-oc","8":"product_cat-temonhatges-memoris-oc","9":"pa_auteur-chapduelh-micheu-oc","10":"pa_editeur-literatura-e-cultura-populara-lemosinas-oc","11":"pa_langue-occitan-oc","12":"pa_langue-occitan-lemosin-oc","13":"entry","15":"first","16":"outofstock","17":"shipping-taxable","18":"purchasable","19":"product-type-simple"},"acf":[],"_links":{"self":[{"href":"https:\/\/www.libraria-occitana.org\/oc\/wp-json\/wp\/v2\/product\/18613","targetHints":{"allow":["GET"]}}],"collection":[{"href":"https:\/\/www.libraria-occitana.org\/oc\/wp-json\/wp\/v2\/product"}],"about":[{"href":"https:\/\/www.libraria-occitana.org\/oc\/wp-json\/wp\/v2\/types\/product"}],"wp:featuredmedia":[{"embeddable":true,"href":"https:\/\/www.libraria-occitana.org\/oc\/wp-json\/wp\/v2\/media\/18614"}],"wp:attachment":[{"href":"https:\/\/www.libraria-occitana.org\/oc\/wp-json\/wp\/v2\/media?parent=18613"}],"wp:term":[{"taxonomy":"product_brand","embeddable":true,"href":"https:\/\/www.libraria-occitana.org\/oc\/wp-json\/wp\/v2\/product_brand?post=18613"},{"taxonomy":"product_cat","embeddable":true,"href":"https:\/\/www.libraria-occitana.org\/oc\/wp-json\/wp\/v2\/product_cat?post=18613"},{"taxonomy":"product_tag","embeddable":true,"href":"https:\/\/www.libraria-occitana.org\/oc\/wp-json\/wp\/v2\/product_tag?post=18613"}],"curies":[{"name":"wp","href":"https:\/\/api.w.org\/{rel}","templated":true}]}}