{"id":18627,"date":"2008-11-01T10:31:51","date_gmt":"2008-11-01T09:31:51","guid":{"rendered":"http:\/\/www.libraria-occitana.org\/all-products\/verd-paradis-i?lang=oc"},"modified":"2026-04-29T06:26:52","modified_gmt":"2026-04-29T04:26:52","slug":"verd-paradis-i","status":"publish","type":"product","link":"https:\/\/www.libraria-occitana.org\/oc\/produch\/verd-paradis-i\/","title":{"rendered":"Verd parad\u00eds (I)"},"content":{"rendered":"<p><strong>Une belle r\u00e9\u00e9dition de <em>Verd parad\u00eds I<\/em><\/strong><\/p>\n<p>\u00ab Los primi\u00e8rs passes del rec\u00f2rd caminan dins l\u2019\u00e8rba rasa que v\u00f2l viure al grand solelh e beure als s\u00f2mis banhats de la nu\u00f2ch. L\u2019\u00e8rba \u00e8ra n\u00f2stra companha. Viviam sempre mesclats a sa frescor, amics de la vida umila que rescond. Las matas fernissentas, las arrap\u00e0vem a plen ponhat tot rebalant sus l\u2019aira de davant mon ostal. N\u2019aviam las mans verdas e n\u00f2stre pas n\u2019avi\u00e1 l\u2019amar perfum. Per n\u00f2stre u\u00f2lh pacient s\u2019enau\u00e7ava al mist\u00e8ri d\u2019una selva, quand seguissiam entre sos fi ls lindes lo trabalh de las formigas afogadas que rebalavan arderosas de faisses que las escrachavan vint c\u00f2ps. [&#8230;] \u00bb<\/p>\n<p><em>Verd parad\u00eds<\/em>, \u00ab Secret de l\u2019\u00e8rba \u00bb<\/p>\n<p><em>Verd parad\u00eds I<\/em> est le portail d\u2019une \u0153uvre immense. Tout l\u2019univers de Max Rouquette est d\u00e9j\u00e0 dans les vingt r\u00e9cits po\u00e9tiques en occitan qui constituent ce volume : figures de l\u2019enfance et fulgurance des songes, pouvoir myst\u00e9rieux des mots et du chant, \u00e9blouissements tragiques.<\/p>\n<p>La plus belle entr\u00e9e dans la litt\u00e9rature occitane contemporaine.<\/p>\n<p><a href=\"http:\/\/www.libraria-occitana.org\/produit\/verd-paradis-ii\/\"><em>Verd Parad\u00eds II<\/em><\/a><br \/>\n<em>Verd Parad\u00eds III &#8211; Lo grand teatre de Dieu<\/em>\u00a0 (agostat &#8211; \u00e9puis\u00e9 &#8211; out of print)<br \/>\n<em>Verd Parad\u00eds IV &#8211; L&#8217;u\u00f2lh dau cat<\/em> (agostat &#8211; \u00e9puis\u00e9 &#8211; out of print)<br \/>\n<em><a title=\"Las Canas de Mid\u00e0s (Verd Parad\u00eds V)\" href=\"http:\/\/www.libraria-occitana.org\/all-products\/las-canas-de-midas-verd-paradis-v\">Verd Parad\u00eds V &#8211; Las Canas de Mid\u00e0s<\/a><\/em><br \/>\n<a title=\"Lo corbat\u00e0s roge ( Verd Parad\u00eds VI)\" href=\"http:\/\/www.libraria-occitana.org\/all-products\/lo-corbatas-roge-verd-paradis-vi2\"><em>Verd Parad\u00eds VI &#8211; Lo corbat\u00e0s roge<\/em><\/a><\/p>\n","protected":false},"excerpt":{"rendered":"<p>Une belle r\u00e9\u00e9dition de Verd parad\u00eds I \u00ab Los primi\u00e8rs passes del rec\u00f2rd caminan dins l\u2019\u00e8rba rasa que v\u00f2l viure al grand solelh e beure als s\u00f2mis banhats de la nu\u00f2ch. L\u2019\u00e8rba \u00e8ra n\u00f2stra companha. Viviam sempre mesclats a sa frescor, amics de la vida umila que rescond. Las matas fernissentas, las arrap\u00e0vem a plen [&hellip;]<\/p>\n","protected":false},"featured_media":18628,"template":"","meta":{"_acf_changed":false,"_genesis_hide_title":false,"_genesis_hide_breadcrumbs":false,"_genesis_hide_singular_image":false,"_genesis_hide_footer_widgets":false,"_genesis_custom_body_class":"","_genesis_custom_post_class":"","_genesis_layout":""},"product_brand":[],"product_cat":[7133,7175,7183],"product_tag":[],"class_list":{"0":"post-18627","1":"product","2":"type-product","3":"status-publish","4":"has-post-thumbnail","6":"product_cat-libres-oc","7":"product_cat-literatura-oc","8":"product_cat-romans-novelas-oc","9":"pa_auteur-roqueta-max-oc","10":"pa_editeur-crdp-montpellier-fr-oc","11":"pa_langue-occitan-oc","12":"pa_langue-occitan-lengadocian-oc","13":"entry","15":"first","16":"outofstock","17":"shipping-taxable","18":"purchasable","19":"product-type-simple"},"acf":[],"_links":{"self":[{"href":"https:\/\/www.libraria-occitana.org\/oc\/wp-json\/wp\/v2\/product\/18627","targetHints":{"allow":["GET"]}}],"collection":[{"href":"https:\/\/www.libraria-occitana.org\/oc\/wp-json\/wp\/v2\/product"}],"about":[{"href":"https:\/\/www.libraria-occitana.org\/oc\/wp-json\/wp\/v2\/types\/product"}],"wp:featuredmedia":[{"embeddable":true,"href":"https:\/\/www.libraria-occitana.org\/oc\/wp-json\/wp\/v2\/media\/18628"}],"wp:attachment":[{"href":"https:\/\/www.libraria-occitana.org\/oc\/wp-json\/wp\/v2\/media?parent=18627"}],"wp:term":[{"taxonomy":"product_brand","embeddable":true,"href":"https:\/\/www.libraria-occitana.org\/oc\/wp-json\/wp\/v2\/product_brand?post=18627"},{"taxonomy":"product_cat","embeddable":true,"href":"https:\/\/www.libraria-occitana.org\/oc\/wp-json\/wp\/v2\/product_cat?post=18627"},{"taxonomy":"product_tag","embeddable":true,"href":"https:\/\/www.libraria-occitana.org\/oc\/wp-json\/wp\/v2\/product_tag?post=18627"}],"curies":[{"name":"wp","href":"https:\/\/api.w.org\/{rel}","templated":true}]}}