{"id":18631,"date":"2008-10-29T13:29:10","date_gmt":"2008-10-29T12:29:10","guid":{"rendered":"http:\/\/www.libraria-occitana.org\/all-products\/ete-1944-la-bataille-du-mont-gargan-maquis-au-combat-en-limousin?lang=oc"},"modified":"2024-07-04T00:18:20","modified_gmt":"2024-07-03T22:18:20","slug":"ete-1944-la-bataille-du-mont-gargan-maquis-au-combat-en-limousin","status":"publish","type":"product","link":"https:\/\/www.libraria-occitana.org\/oc\/produch\/ete-1944-la-bataille-du-mont-gargan-maquis-au-combat-en-limousin\/","title":{"rendered":"\u00c9t\u00e9 1944 : La bataille du Mont-Gargan : Maquis au combat en Limousin"},"content":{"rendered":"<p>Le Vercors, les Gli\u00e8res, le Mont-Mouchet&#8230; Autant de hauts lieux de la R\u00e9sistance, lieux de m\u00e9moire et d&#8217;histoire. Mais que sait-on aujourd&#8217;hui de la bataille du Mont-Gargan, qui s&#8217;est livr\u00e9e en juillet 1944 au c\u0153ur du pays tenu par les maquis FTP limousins ? Voici enfin le r\u00e9cit des combats qui oppos\u00e8rent les hommes du colonel Guingouin \u00e0 des Allemands puissamment arm\u00e9s, venus en d\u00e9coudre avec le &#8220;pr\u00e9fet du maquis&#8221;. Harcelant l&#8217;ennemi une semaine durant, les maquisards resteront ma\u00eetres du terrain et ouvriront ainsi la voie \u00e0 la lib\u00e9ration de Limoges. Une histoire complexe, un ouvrage riche en t\u00e9moignages in\u00e9dits, une approche historique rigoureuse, une vision renouvel\u00e9e d&#8217;un \u00e9pisode majeur de l&#8217;\u00e9t\u00e9 de la Lib\u00e9ration.<\/p>\n","protected":false},"excerpt":{"rendered":"<p>Le Vercors, les Gli\u00e8res, le Mont-Mouchet&#8230; Autant de hauts lieux de la R\u00e9sistance, lieux de m\u00e9moire et d&#8217;histoire. Mais que sait-on aujourd&#8217;hui de la bataille du Mont-Gargan, qui s&#8217;est livr\u00e9e en juillet 1944 au c\u0153ur du pays tenu par les maquis FTP limousins ? Voici enfin le r\u00e9cit des combats qui oppos\u00e8rent les hommes du [&hellip;]<\/p>\n","protected":false},"featured_media":18632,"template":"","meta":{"_acf_changed":false,"_genesis_hide_title":false,"_genesis_hide_breadcrumbs":false,"_genesis_hide_singular_image":false,"_genesis_hide_footer_widgets":false,"_genesis_custom_body_class":"","_genesis_custom_post_class":"","_genesis_layout":""},"product_brand":[],"product_cat":[7133,7149,7159],"product_tag":[],"class_list":{"0":"post-18631","1":"product","2":"type-product","3":"status-publish","4":"has-post-thumbnail","6":"product_cat-libres-oc","7":"product_cat-istoria-geografia-oc","8":"product_cat-istoria-moderna-e-contemporala-oc","9":"pa_auteur-kiener-michel-c-oc","10":"pa_auteur-plas-pascal-oc","11":"pa_editeur-lucien-souny-oc","12":"pa_langue-francais-oc","13":"entry","15":"first","16":"outofstock","17":"shipping-taxable","18":"purchasable","19":"product-type-simple"},"acf":[],"_links":{"self":[{"href":"https:\/\/www.libraria-occitana.org\/oc\/wp-json\/wp\/v2\/product\/18631","targetHints":{"allow":["GET"]}}],"collection":[{"href":"https:\/\/www.libraria-occitana.org\/oc\/wp-json\/wp\/v2\/product"}],"about":[{"href":"https:\/\/www.libraria-occitana.org\/oc\/wp-json\/wp\/v2\/types\/product"}],"wp:featuredmedia":[{"embeddable":true,"href":"https:\/\/www.libraria-occitana.org\/oc\/wp-json\/wp\/v2\/media\/18632"}],"wp:attachment":[{"href":"https:\/\/www.libraria-occitana.org\/oc\/wp-json\/wp\/v2\/media?parent=18631"}],"wp:term":[{"taxonomy":"product_brand","embeddable":true,"href":"https:\/\/www.libraria-occitana.org\/oc\/wp-json\/wp\/v2\/product_brand?post=18631"},{"taxonomy":"product_cat","embeddable":true,"href":"https:\/\/www.libraria-occitana.org\/oc\/wp-json\/wp\/v2\/product_cat?post=18631"},{"taxonomy":"product_tag","embeddable":true,"href":"https:\/\/www.libraria-occitana.org\/oc\/wp-json\/wp\/v2\/product_tag?post=18631"}],"curies":[{"name":"wp","href":"https:\/\/api.w.org\/{rel}","templated":true}]}}