{"id":18663,"date":"2009-09-01T17:08:02","date_gmt":"2009-09-01T16:08:02","guid":{"rendered":"http:\/\/www.libraria-occitana.org\/all-products\/anthologie-des-troubadours-de-la-haute-loire?lang=oc"},"modified":"2026-04-29T06:56:08","modified_gmt":"2026-04-29T04:56:08","slug":"anthologie-des-troubadours-de-la-haute-loire","status":"publish","type":"product","link":"https:\/\/www.libraria-occitana.org\/oc\/produch\/anthologie-des-troubadours-de-la-haute-loire\/","title":{"rendered":"Anthologie des Troubadours de la Haute-Loire"},"content":{"rendered":"<p>Cet ouvrage pr\u00e9sente les troubadours des XII et XIIIe si\u00e8cles li\u00e9s \u00e0 l&#8217;espace actuel du d\u00e9partement de la Haute-Loire : Garin le Brun, Gauceran de Saint-Didier, Guilhem de Saint-Didier, P\u00e8ire Cardenal, Perdigon, Pons de Chapteuil. Deux suppl\u00e9ments concernent Pons de Montlaur et la cour du Puy.<\/p>\n<p>Les po\u00e8mes, accompagn\u00e9s d&#8217;une traduction fran\u00e7aise en regard, les &#8220;Vidas&#8221; et les &#8220;Razons&#8221; sont comment\u00e9s et annot\u00e9s. Divers index et indications techniques facilitent la lecture.<\/p>\n<p>Le territoire consid\u00e9r\u00e9 est souvent l&#8217;ancien Velay et ses bordures, part belle est faite \u00e0 P\u00e8ire Cardenal, auteur majeur d&#8217;une actualit\u00e9 \u00e9tonnante. Le livre innove en traitant les troubadours de la frange nord-est (Saint-Didier en Velay, Chapteuil). Surtout, les troubadours sont envisag\u00e9s dans leur environnement g\u00e9ographique et historique, la soci\u00e9t\u00e9 du temps, les familles f\u00e9odales, la cour du Puy\u2026<\/p>\n<p>Avec cette <em>Anthologie des Troubadours de la Haute Loire<\/em>, Roger Teulat ouvre un acc\u00e8s commode au patrimoine litt\u00e9raire de la r\u00e9gion Auvergne, visant \u00e0 \u00eatre utile au grand public comme au sp\u00e9cialiste, comme il l&#8217;a fait dans la pr\u00e9c\u00e9dente <em>Anthologie des Troubadours du Cantal<\/em>.<\/p>\n","protected":false},"excerpt":{"rendered":"<p>Cet ouvrage pr\u00e9sente les troubadours des XII et XIIIe si\u00e8cles li\u00e9s \u00e0 l&#8217;espace actuel du d\u00e9partement de la Haute-Loire : Garin le Brun, Gauceran de Saint-Didier, Guilhem de Saint-Didier, P\u00e8ire Cardenal, Perdigon, Pons de Chapteuil. Deux suppl\u00e9ments concernent Pons de Montlaur et la cour du Puy. Les po\u00e8mes, accompagn\u00e9s d&#8217;une traduction fran\u00e7aise en regard, les [&hellip;]<\/p>\n","protected":false},"featured_media":36422,"template":"","meta":{"_acf_changed":false,"_genesis_hide_title":false,"_genesis_hide_breadcrumbs":false,"_genesis_hide_singular_image":false,"_genesis_hide_footer_widgets":false,"_genesis_custom_body_class":"","_genesis_custom_post_class":"","_genesis_layout":""},"product_brand":[],"product_cat":[7133,7175,7181],"product_tag":[],"class_list":{"0":"post-18663","1":"product","2":"type-product","3":"status-publish","4":"has-post-thumbnail","6":"product_cat-libres-oc","7":"product_cat-literatura-oc","8":"product_cat-poesia-oc","9":"pa_auteur-teulat-roger-oc","10":"pa_editeur-lo-convise-oc","11":"pa_langue-occitan-medievau-oc","12":"pa_langue-occitan-francais-oc","13":"entry","15":"first","16":"outofstock","17":"shipping-taxable","18":"purchasable","19":"product-type-simple"},"acf":[],"_links":{"self":[{"href":"https:\/\/www.libraria-occitana.org\/oc\/wp-json\/wp\/v2\/product\/18663","targetHints":{"allow":["GET"]}}],"collection":[{"href":"https:\/\/www.libraria-occitana.org\/oc\/wp-json\/wp\/v2\/product"}],"about":[{"href":"https:\/\/www.libraria-occitana.org\/oc\/wp-json\/wp\/v2\/types\/product"}],"wp:featuredmedia":[{"embeddable":true,"href":"https:\/\/www.libraria-occitana.org\/oc\/wp-json\/wp\/v2\/media\/36422"}],"wp:attachment":[{"href":"https:\/\/www.libraria-occitana.org\/oc\/wp-json\/wp\/v2\/media?parent=18663"}],"wp:term":[{"taxonomy":"product_brand","embeddable":true,"href":"https:\/\/www.libraria-occitana.org\/oc\/wp-json\/wp\/v2\/product_brand?post=18663"},{"taxonomy":"product_cat","embeddable":true,"href":"https:\/\/www.libraria-occitana.org\/oc\/wp-json\/wp\/v2\/product_cat?post=18663"},{"taxonomy":"product_tag","embeddable":true,"href":"https:\/\/www.libraria-occitana.org\/oc\/wp-json\/wp\/v2\/product_tag?post=18663"}],"curies":[{"name":"wp","href":"https:\/\/api.w.org\/{rel}","templated":true}]}}