{"id":18667,"date":"2009-09-01T13:38:40","date_gmt":"2009-09-01T11:38:40","guid":{"rendered":"http:\/\/www.libraria-occitana.org\/all-products\/les-aventures-du-chevalier-jaufre-libre-cd?lang=oc"},"modified":"2026-04-29T06:27:00","modified_gmt":"2026-04-29T04:27:00","slug":"les-aventures-du-chevalier-jaufre-libre-cd","status":"publish","type":"product","link":"https:\/\/www.libraria-occitana.org\/oc\/produch\/les-aventures-du-chevalier-jaufre-libre-cd\/","title":{"rendered":"Les aventures du chevalier Jaufr\u00e9 (libre + CD)"},"content":{"rendered":"<p><em>Jaufr\u00e9<\/em>, roman occitan du XIIIe si\u00e8cle, est un grand roman de chevalerie. Ce tr\u00e8s long po\u00e8me de 10956 vers sait toujours enchanter le lecteur. Combats, sc\u00e8nes d&#8217;aventure et d&#8217;amour, \u00e9pisodes magiques et \u00e9preuves initiatiques se succ\u00e8dent avec vivacit\u00e9. Rien de convenu. La surprise est \u00e0 chaque page : contretemps, coups du sort, coups de foudre\u2026<\/p>\n<p>Quelques aventures du chevalier Jaufr\u00e9 ont \u00e9t\u00e9 adapt\u00e9es en langue moderne, pour faire d\u00e9couvrir \u00e0 tous les jeunes lecteurs de l&#8217;occitan et du catalan le monde original de la chevalerie m\u00e9ridionale.<\/p>\n<p>Une soci\u00e9t\u00e9 se dessine dans la trame romanesque, avec ses personnages nombreux, ses lieux, ses objets, ses m\u0153urs et ses codes. Mais, plus que tout, ce qui fait le bonheur et l&#8217;actualit\u00e9 de la lecture c&#8217;est l&#8217;ironie souveraine qui na\u00eet de la distance complice que le narrateur entretient avec son h\u00e9ros, le preux Jaufr\u00e9.<\/p>\n<p>Edition trilingue occitan-catalan-fran\u00e7ais, ouvrage accompagn\u00e9 d&#8217;un CD audio avec le texte enregistr\u00e9.<br \/>\nExtraits musicaux de <em>La Tr\u00f2ba<\/em> vol.1 (G\u00e9rard Zuchetto &amp; Troubadours Art Ensemble) et musique m\u00e9di\u00e9vale de Marie-Lise Proust-Laurent et Nicole Proust-Delaporte.<\/p>\n<p>Coll\u00e8ges &gt; lyc\u00e9es.<\/p>\n","protected":false},"excerpt":{"rendered":"<p>Jaufr\u00e9, roman occitan du XIIIe si\u00e8cle, est un grand roman de chevalerie. Ce tr\u00e8s long po\u00e8me de 10956 vers sait toujours enchanter le lecteur. Combats, sc\u00e8nes d&#8217;aventure et d&#8217;amour, \u00e9pisodes magiques et \u00e9preuves initiatiques se succ\u00e8dent avec vivacit\u00e9. Rien de convenu. La surprise est \u00e0 chaque page : contretemps, coups du sort, coups de foudre\u2026 [&hellip;]<\/p>\n","protected":false},"featured_media":18668,"template":"","meta":{"_acf_changed":false,"_genesis_hide_title":false,"_genesis_hide_breadcrumbs":false,"_genesis_hide_singular_image":false,"_genesis_hide_footer_widgets":false,"_genesis_custom_body_class":"","_genesis_custom_post_class":"","_genesis_layout":""},"product_brand":[],"product_cat":[7167,7165,7133],"product_tag":[],"class_list":{"0":"post-18667","1":"product","2":"type-product","3":"status-publish","4":"has-post-thumbnail","6":"product_cat-ados-oc","7":"product_cat-jounessa-bd-umor","8":"product_cat-libres-oc","9":"pa_auteur-anonime-oc","10":"pa_editeur-crdp-montpellier-fr-oc","11":"pa_illustrateur-bahrel-pierre-oc","12":"pa_langue-autras-lingas-oc","13":"pa_langue-occitan-lengadocian-oc","14":"pa_langue-occitan-francais-oc","15":"entry","17":"first","18":"outofstock","19":"shipping-taxable","20":"purchasable","21":"product-type-simple"},"acf":[],"_links":{"self":[{"href":"https:\/\/www.libraria-occitana.org\/oc\/wp-json\/wp\/v2\/product\/18667","targetHints":{"allow":["GET"]}}],"collection":[{"href":"https:\/\/www.libraria-occitana.org\/oc\/wp-json\/wp\/v2\/product"}],"about":[{"href":"https:\/\/www.libraria-occitana.org\/oc\/wp-json\/wp\/v2\/types\/product"}],"wp:featuredmedia":[{"embeddable":true,"href":"https:\/\/www.libraria-occitana.org\/oc\/wp-json\/wp\/v2\/media\/18668"}],"wp:attachment":[{"href":"https:\/\/www.libraria-occitana.org\/oc\/wp-json\/wp\/v2\/media?parent=18667"}],"wp:term":[{"taxonomy":"product_brand","embeddable":true,"href":"https:\/\/www.libraria-occitana.org\/oc\/wp-json\/wp\/v2\/product_brand?post=18667"},{"taxonomy":"product_cat","embeddable":true,"href":"https:\/\/www.libraria-occitana.org\/oc\/wp-json\/wp\/v2\/product_cat?post=18667"},{"taxonomy":"product_tag","embeddable":true,"href":"https:\/\/www.libraria-occitana.org\/oc\/wp-json\/wp\/v2\/product_tag?post=18667"}],"curies":[{"name":"wp","href":"https:\/\/api.w.org\/{rel}","templated":true}]}}