{"id":18713,"date":"2009-04-01T13:33:48","date_gmt":"2009-04-01T12:33:48","guid":{"rendered":"http:\/\/www.libraria-occitana.org\/all-products\/ebles-bernart-de-ventadorn-gui-dussel-maria-de-ventadorn?lang=oc"},"modified":"2026-04-29T11:12:25","modified_gmt":"2026-04-29T09:12:25","slug":"ebles-bernart-de-ventadorn-gui-dussel-maria-de-ventadorn","status":"publish","type":"product","link":"https:\/\/www.libraria-occitana.org\/oc\/produch\/ebles-bernart-de-ventadorn-gui-dussel-maria-de-ventadorn\/","title":{"rendered":"Ebles &#038; Bernart de Ventadorn, Gui d&#8217;Ussel, Maria de Ventadorn"},"content":{"rendered":"<p>Ebles de Ventadorn, Bernart de Ventadorn, Gui d&#8217;Ussel : Extraits de la grande anthologie <em>Los Trovadores &#8211; Historia literaria y textos<\/em> de Martin de Riquer traduits de l\u2019espagnol par Fran\u00e7oise Cr\u00e9moux.<br \/>\nNotices critiques et choix de chansons occitan-fran\u00e7ais.<\/p>\n<p>Suivi d\u2019un article Maria de Ventadorn, par Peter Ricketts, Dominique Billy et Luc de Goustine.<\/p>\n<p>La grande anthologie critique en 3 tomes, <em>Los trovadores, Historia literaria y textos<\/em>,\u00a0\u00ab Les troubadours, histoire litt\u00e9raire et textes choisis \u00bb par Martin de Riquer est la r\u00e9f\u00e9rence incontournable de tous ceux qui, \u00e0 travers le monde, \u00e9tudient la lyrique occitane\u00a0des XIIe-XIIIe si\u00e8cles ou se r\u00e9f\u00e8rent \u00e0 elle comme \u00e0 une source \u00e0 jamais actuelle de la\u00a0musique et de la po\u00e9sie en Occident.<\/p>\n<p>Publi\u00e9e en 1975, r\u00e9\u00e9dit\u00e9e en 89 et 92, elle rassemble chronologiquement, en trois\u00a0volumes de format 15 x 21 (au total 1750 pages), les notices litt\u00e9raires et bio-bibliographiques\u00a0des quelques 122 troubadours et <em>trobairitz<\/em> dont des \u0153uvres nous sont parvenues\u00a0(ou qui, \u00e0 la mani\u00e8re d\u2019Ebles de Ventadour, ont marqu\u00e9 leur temps). Ces notices sont\u00a0suivies pour chacun d\u2019une s\u00e9lection significative de sa cr\u00e9ation &#8211; <em>cansons<\/em> ou autres <em>sirventes\u00a0<\/em>&#8211; en langue occitane, traduite et assortie de notes et r\u00e9f\u00e9rences d\u2019une qualit\u00e9 scientifique\u00a0reconnue par la communaut\u00e9 universitaire internationale. Sa seule limite est de ne se\u00a0pr\u00e9senter jusqu\u2019ici qu\u2019en castillan, alors qu\u2019une \u00e9dition fran\u00e7aise lui ouvrirait un bon tiers\u00a0du reste du monde.<\/p>\n<p>Malgr\u00e9 ces \u00e9vidences et les facilit\u00e9s offertes, la d\u00e9cision des \u00e9diteurs tardait \u00e0 se\u00a0prendre ; nous avons d\u00e9cid\u00e9 de prouver le mouvement en marchant et, en attendant\u00a0l&#8217;int\u00e9grale de Riquer, de lui emprunter le floril\u00e8ge qui nous \u00e9tait le plus proche et le plus\u00a0cher : celui des troubadours de Ventadour en Limousin. Nous voulons croire que la\u00a0chose faite, le sentier ainsi fray\u00e9, ce petit volume aura valeur de Manifeste.<\/p>\n<p>Voici donc, pour la premi\u00e8re fois rassembl\u00e9 et accessible \u00e0 tous, un large choix de\u00a0<em>cansons<\/em> et <em>tensons<\/em> n\u00e9es de ce lieu privil\u00e9gi\u00e9 du <em>trobar<\/em> qu\u2019est Ventadour. Une cour o\u00f9 vinrent\u00a0les premiers troubadours dans le sillage du grand Guillaume de Poitiers ; un haut-lieu de\u00a0<em>gai saber<\/em> auquel les po\u00e8tes se r\u00e9f\u00e8reront comme \u00e0 l\u2019<em>Escola N&#8217;Eblon<\/em> et qui refleurira en\u00a0bouquet sous le r\u00e8gne de la ma\u00eetresse en <em>fin\u2019amor<\/em> Maria de Torena, \u00e9pouse d\u2019Ebles V.<\/p>\n<p>Enfin, une famille, une \u00ab maison \u00bb de <em>cantadors<\/em>, qui d\u00e9veloppa sur 120 ans toute une\u00a0palette de talents et d\u2019art de vivre, laissant un souvenir si pr\u00e9sent que la citadelle \u00e9difi\u00e9e\u00a0bien plus tard, une fois les <em>cansons<\/em> oubli\u00e9es, r\u00e9cusera pour ainsi dire de toutes ses pierres\u00a0la fonction guerri\u00e8re pour s\u2019offrir au soleil et au givre, aux aub\u00e9pines et aux bruy\u00e8res, et\u00a0\u00eatre parcourue et d\u00e9crite comme un po\u00e8me par les po\u00e8tes du monde entier.<\/p>\n","protected":false},"excerpt":{"rendered":"<p>Ebles de Ventadorn, Bernart de Ventadorn, Gui d&#8217;Ussel : Extraits de la grande anthologie Los Trovadores &#8211; Historia literaria y textos de Martin de Riquer traduits de l\u2019espagnol par Fran\u00e7oise Cr\u00e9moux. Notices critiques et choix de chansons occitan-fran\u00e7ais. Suivi d\u2019un article Maria de Ventadorn, par Peter Ricketts, Dominique Billy et Luc de Goustine. La grande [&hellip;]<\/p>\n","protected":false},"featured_media":17477,"template":"","meta":{"_acf_changed":false,"_genesis_hide_title":false,"_genesis_hide_breadcrumbs":false,"_genesis_hide_singular_image":false,"_genesis_hide_footer_widgets":false,"_genesis_custom_body_class":"","_genesis_custom_post_class":"","_genesis_layout":""},"product_brand":[],"product_cat":[7189,7133,7175],"product_tag":[],"class_list":{"0":"post-18713","1":"product","2":"type-product","3":"status-publish","4":"has-post-thumbnail","6":"product_cat-estudis-literaris-oc","7":"product_cat-libres-oc","8":"product_cat-literatura-oc","9":"pa_auteur-billy-dominique-oc","10":"pa_auteur-goustine-luc-de-fr-oc","11":"pa_auteur-ricketts-peter-t-oc","12":"pa_auteur-riquer-martin-de-oc","13":"pa_editeur-carrefour-ventadour-fr-oc","14":"pa_langue-francais-oc","15":"entry","17":"first","18":"instock","19":"shipping-taxable","20":"purchasable","21":"product-type-simple"},"acf":[],"_links":{"self":[{"href":"https:\/\/www.libraria-occitana.org\/oc\/wp-json\/wp\/v2\/product\/18713","targetHints":{"allow":["GET"]}}],"collection":[{"href":"https:\/\/www.libraria-occitana.org\/oc\/wp-json\/wp\/v2\/product"}],"about":[{"href":"https:\/\/www.libraria-occitana.org\/oc\/wp-json\/wp\/v2\/types\/product"}],"wp:featuredmedia":[{"embeddable":true,"href":"https:\/\/www.libraria-occitana.org\/oc\/wp-json\/wp\/v2\/media\/17477"}],"wp:attachment":[{"href":"https:\/\/www.libraria-occitana.org\/oc\/wp-json\/wp\/v2\/media?parent=18713"}],"wp:term":[{"taxonomy":"product_brand","embeddable":true,"href":"https:\/\/www.libraria-occitana.org\/oc\/wp-json\/wp\/v2\/product_brand?post=18713"},{"taxonomy":"product_cat","embeddable":true,"href":"https:\/\/www.libraria-occitana.org\/oc\/wp-json\/wp\/v2\/product_cat?post=18713"},{"taxonomy":"product_tag","embeddable":true,"href":"https:\/\/www.libraria-occitana.org\/oc\/wp-json\/wp\/v2\/product_tag?post=18713"}],"curies":[{"name":"wp","href":"https:\/\/api.w.org\/{rel}","templated":true}]}}