{"id":18757,"date":"2010-01-01T18:30:40","date_gmt":"2010-01-01T17:30:40","guid":{"rendered":"http:\/\/www.libraria-occitana.org\/all-products\/bertran-de-born-troubadour-et-seigneur-de-hautefort?lang=oc"},"modified":"2026-04-29T05:36:56","modified_gmt":"2026-04-29T03:36:56","slug":"bertran-de-born-troubadour-et-seigneur-de-hautefort","status":"publish","type":"product","link":"https:\/\/www.libraria-occitana.org\/oc\/produch\/bertran-de-born-troubadour-et-seigneur-de-hautefort\/","title":{"rendered":"Bertran de Born : Troubadour et seigneur de Hautefort"},"content":{"rendered":"<p>Quatre musiciens passionn\u00e9s de l&#8217;\u0153uvre des troubadours proposent un concert enti\u00e8rement d\u00e9di\u00e9 \u00e0 Bertran de Born, seigneur de Hautefort, personnage haut en couleur qui mit toute sa passion de <em>cantador<\/em> au service des causes politiques et guerri\u00e8res de son temps.<\/p>\n<p>Cette interpr\u00e9tation de quelques-unes des po\u00e9sies connues ou moins connues de Bertran permet de mesurer la vigueur de son verbe et de mettre en lumi\u00e8re la complexit\u00e9 du personnage, hardiment engag\u00e9 dans son temps, autant dans sa vie sentimentale que politique.<\/p>\n<p><strong>Titres :<\/strong><br \/>\n1. Ai, Lemosins, francha terra cortesa 2&#8217;34<br \/>\n2. Domna, puois de mi no.us cal 6&#8217;56<br \/>\n3. Casuts sui de mal en pena 4&#8217;33<br \/>\n4. Ges de dinar non fora oi mais maitis 3&#8217;39<br \/>\n5. D&#8217;un sirventes nom cal far loignor ganda 4&#8217;19<br \/>\n6. Rassa tan creis e monta e p\u00f2ia 5&#8217;07<br \/>\n7. Volontiers fara sirventes 5&#8217;47<br \/>\n8. Lo coms m&#8217;a mandat 5&#8217;04<br \/>\n9. Ara sei eu de pretz qu&#8217;al la plus gran 5&#8217;15<br \/>\n10. Ben gran avoleza intra 3&#8217;20<br \/>\n11. Quan mi perpens ni m&#8217;albire 6&#8217;50<\/p>\n","protected":false},"excerpt":{"rendered":"<p>Quatre musiciens passionn\u00e9s de l&#8217;\u0153uvre des troubadours proposent un concert enti\u00e8rement d\u00e9di\u00e9 \u00e0 Bertran de Born, seigneur de Hautefort, personnage haut en couleur qui mit toute sa passion de cantador au service des causes politiques et guerri\u00e8res de son temps. Cette interpr\u00e9tation de quelques-unes des po\u00e9sies connues ou moins connues de Bertran permet de mesurer [&hellip;]<\/p>\n","protected":false},"featured_media":18758,"template":"","meta":{"_acf_changed":false,"_genesis_hide_title":false,"_genesis_hide_breadcrumbs":false,"_genesis_hide_singular_image":false,"_genesis_hide_footer_widgets":false,"_genesis_custom_body_class":"","_genesis_custom_post_class":"","_genesis_layout":""},"product_brand":[],"product_cat":[16683,7227],"product_tag":[],"class_list":{"0":"post-18757","1":"product","2":"type-product","3":"status-publish","4":"has-post-thumbnail","6":"product_cat-musica-oc","7":"product_cat-musica-classica-trobadors-oc","8":"pa_auteur-haze-michel-oc","9":"pa_auteur-moncozet-maurice-oc","10":"pa_auteur-peirat-olivier-oc","11":"pa_auteur-rochard-mick-oc","12":"pa_editeur-troba-vox-oc","13":"pa_langue-occitan-oc","14":"pa_langue-occitan-medievau-oc","15":"entry","17":"first","18":"instock","19":"shipping-taxable","20":"purchasable","21":"product-type-simple"},"acf":[],"_links":{"self":[{"href":"https:\/\/www.libraria-occitana.org\/oc\/wp-json\/wp\/v2\/product\/18757","targetHints":{"allow":["GET"]}}],"collection":[{"href":"https:\/\/www.libraria-occitana.org\/oc\/wp-json\/wp\/v2\/product"}],"about":[{"href":"https:\/\/www.libraria-occitana.org\/oc\/wp-json\/wp\/v2\/types\/product"}],"wp:featuredmedia":[{"embeddable":true,"href":"https:\/\/www.libraria-occitana.org\/oc\/wp-json\/wp\/v2\/media\/18758"}],"wp:attachment":[{"href":"https:\/\/www.libraria-occitana.org\/oc\/wp-json\/wp\/v2\/media?parent=18757"}],"wp:term":[{"taxonomy":"product_brand","embeddable":true,"href":"https:\/\/www.libraria-occitana.org\/oc\/wp-json\/wp\/v2\/product_brand?post=18757"},{"taxonomy":"product_cat","embeddable":true,"href":"https:\/\/www.libraria-occitana.org\/oc\/wp-json\/wp\/v2\/product_cat?post=18757"},{"taxonomy":"product_tag","embeddable":true,"href":"https:\/\/www.libraria-occitana.org\/oc\/wp-json\/wp\/v2\/product_tag?post=18757"}],"curies":[{"name":"wp","href":"https:\/\/api.w.org\/{rel}","templated":true}]}}