{"id":18763,"date":"2010-01-01T17:55:00","date_gmt":"2010-01-01T16:55:00","guid":{"rendered":"http:\/\/www.libraria-occitana.org\/all-products\/bertran-de-born-seigneur-et-troubadour?lang=oc"},"modified":"2026-04-29T11:12:29","modified_gmt":"2026-04-29T09:12:29","slug":"bertran-de-born-seigneur-et-troubadour","status":"publish","type":"product","link":"https:\/\/www.libraria-occitana.org\/oc\/produch\/bertran-de-born-seigneur-et-troubadour\/","title":{"rendered":"Bertran de Born : Seigneur et troubadour"},"content":{"rendered":"<p>Actes de la <em>Trobada<\/em> de Hautefort avec Walter Meliga, Jean-Pierre Thuillat, Katy Bernard, G\u00e9rard Gouiran, Peter Ricketts, Jean-Fran\u00e7ois Gareyte, William Paden, Jean-Marie Sarpoulet, Dominique Billy et Marie-Fran\u00e7oise Notz.<\/p>\n<p>Ces neuf approches crois\u00e9es du myst\u00e8re ou mestier \u00e0 l\u2019\u0153uvre en Bertran de Born compteront dans la litt\u00e9rature qui lui est consacr\u00e9e. Que ce soit par leurs avanc\u00e9es dans l&#8217;histoire et la personnalit\u00e9 du troubadour et seigneur de Hautefort (Jean-Pierre Thuillat, William Paden, Jean-Fran\u00e7ois Gareyte) ou par l&#8217;exploration des th\u00e8mes \u2013 salus, venus, virtus \u2013 emprunt\u00e9s \u00e0 Dante par Stefano Asperti que voici trait\u00e9s sous l\u2019angle de la guerre (Jean-Marie Sarpoulet), de l\u2019amour (Katy Bernard, Peter Ricketts) et des exercices du corps et de l\u2019esprit (Walter Meliga, G\u00e9rard Gouiran, Dominique Billy).<\/p>\n<p><strong>Somari :<\/strong><br \/>\n&#8211; Introduction \u00e0 la <em>Trobada<\/em> par Jean Ganiayre, \u00e9crivain de langue d&#8217;oc et conseiller g\u00e9n\u00e9ral de la Dordogne.<br \/>\n&#8211; Le <em>sen<\/em> de Bertran de Born, par Walter Meliga, professeur de philologie et linguistique romane \u00e0 l\u2019Universit\u00e9 de Turin, Italie.<br \/>\n&#8211; La transmission de Hautefort des Lastours aux Born : une r\u00e9vision, par Jean-Pierre Thuillat, professeur honoraire d\u2019histoire, DEA de Civilisation M\u00e9di\u00e9vale de Poitiers.<br \/>\n&#8211; Le morcellement du corps de la dame : de Bertran de Born au Roman de\u00a0Flamenca, par Katy Bernard, ma\u00eetre de conf\u00e9rences \u00e0 l&#8217;Universit\u00e9 Bordeaux III.<br \/>\n&#8211; Bertran de Born : des divertissements au \u00ab divertissement \u00bb, par G\u00e9rard Gouiran, professeur \u00e0 l&#8217;Universit\u00e9 de Montpellier.<br \/>\n&#8211; Bertran de Born et la <em>fin\u2019amor<\/em>, par Peter Ricketts, professeur \u00e9m\u00e9rite, \u00ab Honorary Professor \u00bb Universit\u00e9 de Birmingham, Royaume Uni.<br \/>\n&#8211; Hautefort, berceau du <em>Trobar<\/em> ? par Jean-Fran\u00e7ois Gareyte, auteur de <em>L\u2019Aube des\u00a0troubadours, la chanson d\u2019Antioche du chevalier B\u00e9chade<\/em>.<br \/>\n&#8211; Imaginer Bertran de Born\u2026 par William Paden, professeur \u00e0 la Northwestern\u00a0University, \u00c9tats-Unis d\u2019Am\u00e9rique.<br \/>\n&#8211; La guerre dans le <em>Roland<\/em> occitan, la <em>Chanson de la croisade albigeoise<\/em> et les po\u00e9sies de Bertran de Born, par Jean-Marie Sarpoulet, charg\u00e9 de cours Universit\u00e9 Bordeaux III.<br \/>\n&#8211; <em>Ben grans avoleza intra<\/em>, C\u2019est une bien grande bassesse qui encrasse les ongles\u00a0d\u2019Aemar, par Dominique Billy, professeur \u00e0 l&#8217;Universit\u00e9 de Toulouse-Le Mirail.<br \/>\n&#8211; Conclusions de la <em>Trobada<\/em> par Marie-Fran\u00e7oise Notz, professeur \u00e9m\u00e9rite, Universit\u00e9 de Bordeaux III.<\/p>\n","protected":false},"excerpt":{"rendered":"<p>Actes de la Trobada de Hautefort avec Walter Meliga, Jean-Pierre Thuillat, Katy Bernard, G\u00e9rard Gouiran, Peter Ricketts, Jean-Fran\u00e7ois Gareyte, William Paden, Jean-Marie Sarpoulet, Dominique Billy et Marie-Fran\u00e7oise Notz. Ces neuf approches crois\u00e9es du myst\u00e8re ou mestier \u00e0 l\u2019\u0153uvre en Bertran de Born compteront dans la litt\u00e9rature qui lui est consacr\u00e9e. Que ce soit par leurs [&hellip;]<\/p>\n","protected":false},"featured_media":36403,"template":"","meta":{"_acf_changed":false,"_genesis_hide_title":false,"_genesis_hide_breadcrumbs":false,"_genesis_hide_singular_image":false,"_genesis_hide_footer_widgets":false,"_genesis_custom_body_class":"","_genesis_custom_post_class":"","_genesis_layout":""},"product_brand":[],"product_cat":[7189,7133,7175],"product_tag":[],"class_list":{"0":"post-18763","1":"product","2":"type-product","3":"status-publish","4":"has-post-thumbnail","6":"product_cat-estudis-literaris-oc","7":"product_cat-libres-oc","8":"product_cat-literatura-oc","9":"pa_auteur-collectiu-oc-2","10":"pa_auteur-goustine-luc-de-fr-oc","11":"pa_editeur-carrefour-ventadour-fr-oc","12":"pa_langue-francais-oc","13":"entry","15":"first","16":"instock","17":"shipping-taxable","18":"purchasable","19":"product-type-simple"},"acf":[],"_links":{"self":[{"href":"https:\/\/www.libraria-occitana.org\/oc\/wp-json\/wp\/v2\/product\/18763","targetHints":{"allow":["GET"]}}],"collection":[{"href":"https:\/\/www.libraria-occitana.org\/oc\/wp-json\/wp\/v2\/product"}],"about":[{"href":"https:\/\/www.libraria-occitana.org\/oc\/wp-json\/wp\/v2\/types\/product"}],"wp:featuredmedia":[{"embeddable":true,"href":"https:\/\/www.libraria-occitana.org\/oc\/wp-json\/wp\/v2\/media\/36403"}],"wp:attachment":[{"href":"https:\/\/www.libraria-occitana.org\/oc\/wp-json\/wp\/v2\/media?parent=18763"}],"wp:term":[{"taxonomy":"product_brand","embeddable":true,"href":"https:\/\/www.libraria-occitana.org\/oc\/wp-json\/wp\/v2\/product_brand?post=18763"},{"taxonomy":"product_cat","embeddable":true,"href":"https:\/\/www.libraria-occitana.org\/oc\/wp-json\/wp\/v2\/product_cat?post=18763"},{"taxonomy":"product_tag","embeddable":true,"href":"https:\/\/www.libraria-occitana.org\/oc\/wp-json\/wp\/v2\/product_tag?post=18763"}],"curies":[{"name":"wp","href":"https:\/\/api.w.org\/{rel}","templated":true}]}}