{"id":18767,"date":"2010-01-01T15:42:22","date_gmt":"2010-01-01T14:42:22","guid":{"rendered":"http:\/\/www.libraria-occitana.org\/all-products\/violons-du-cezallier-alexandre-savignat-antonin-pecoil-1946-enr-inedits?lang=oc"},"modified":"2026-04-28T02:56:12","modified_gmt":"2026-04-28T00:56:12","slug":"violons-du-cezallier-alexandre-savignat-antonin-pecoil-1946-enr-inedits","status":"publish","type":"product","link":"https:\/\/www.libraria-occitana.org\/oc\/produch\/violons-du-cezallier-alexandre-savignat-antonin-pecoil-1946-enr-inedits\/","title":{"rendered":"Violons du C\u00e9zallier : Alexandre Savignat, Antonin P\u00e9coil 1946 enregistrements in\u00e9dits"},"content":{"rendered":"<p><strong>Direction artistique :<\/strong> Michel Esbelin<\/p>\n<p>Livret 24 pages, pr\u00e9sentation : Michel Esbelin. Analyse du jeu des violoneux : Basile Br\u00e9maud.<br \/>\nTraditionnel : Auvergne.<\/p>\n<p>Un document exceptionnel \u00e0 plus d&#8217;un titre.<\/p>\n<p>Tout d&#8217;abord par sa date de r\u00e9alisation, enregistr\u00e9 juste apr\u00e8s la seconde guerre mondiale, il pr\u00e9c\u00e8de de 15 ans les enregistrements effectu\u00e9s par le Mus\u00e9e des Arts et Traditions Populaires dans le cadre de la mission Centre France aupr\u00e8s des violoneux auvergnats Michel Tournadre, Paul Cardot et Michel P\u00e9chadre. Ce t\u00e9moignage sur la pratique du violon en Auvergne nous donne un aper\u00e7u sur cette pratique qui pr\u00e9c\u00e8de de 30 ans la grande p\u00e9riode des collectages des ann\u00e9es 1970 sur laquelle se fonde l&#8217;essentiel de notre connaissance de cette musique. Pour la tradition de violon du Massif Central, c&#8217;est donc le document sonore le plus ancien, si on fait abstraction des deux bourr\u00e9es enregistr\u00e9es pendant l&#8217;entre-deux-guerres sur 78 tours \u00ab le Soleil \u00bb par Jules Miquel, musicien du Cantal install\u00e9 \u00e0 Paris.<\/p>\n<p>Ensuite parce que sont enregistr\u00e9es ici plusieurs pi\u00e8ces jou\u00e9es par les deux violons \u00e0 une octave d&#8217;\u00e9cart. On avait connaissance de cette pratique \u00e0 travers de nombreux t\u00e9moignages oraux, mais, \u00e0 ma connaissance, il s&#8217;agit d&#8217;un des seuls documents o\u00f9 on peut entendre deux musiciens jouer le m\u00eame morceau, un \u00e0 l&#8217;octave grave, l&#8217;autre \u00e0 l&#8217;octave aigu\u00eb.<\/p>\n<p>Enfin, c&#8217;est une des rares publications qui illustrent la tradition musicale du C\u00e9zallier.<\/p>\n<p style=\"text-align: right;\">Basile Br\u00e9maud, extrait du livret.<\/p>\n<p style=\"text-align: left;\"><strong>Titres :<\/strong><\/p>\n<p>1. Monologue &#8220;La f\u00eate \u00e0 Renti\u00e8res&#8221;, &#8220;l&#8217;escargot&#8221; et autres airs \u00e0 danser (Antonin P\u00e9coil)<br \/>\n2. Suite de Bourr\u00e9es (Antonin P\u00e9coil)<br \/>\n3. Suite d&#8217;airs \u00e0 danser (final: &#8220;La Java bleue&#8221;) (Antonin P\u00e9coil)<br \/>\n4. Suite d&#8217;airs \u00e0 danser (Antonin P\u00e9coil)<br \/>\n5. Suite de valses (Antonin P\u00e9coil)<br \/>\n6. Bourr\u00e9e jou\u00e9e \u00e0 deux violons (Alexandre Savignat et Antonin P\u00e9coil)<br \/>\n7. Bourr\u00e9e jou\u00e9e \u00e0 deux violons (Alexandre Savignat et Antonin P\u00e9coil)<br \/>\n8. Bourr\u00e9e (Antonin P\u00e9coil)<br \/>\n9. Bourr\u00e9e (Antonin P\u00e9coil)<br \/>\n10. M\u00e9lodie jou\u00e9e \u00e0 deux violons (Alexandre Savignat et Antonin P\u00e9coil)<br \/>\n11. &#8220;L&#8217;aiga de rosa&#8221; (Alexandre Savignat et Antonin P\u00e9coil)<br \/>\n12. Polka piqu\u00e9e (Alexandre Savignat et Antonin P\u00e9coil)<br \/>\n13. &#8220;La fille de la meuni\u00e8re&#8221; (Alexandre Savignat et Antonin P\u00e9coil)<br \/>\n14. &#8220;La debrajada&#8221; (Alexandre Savignat et Antonin P\u00e9coil)<br \/>\n15. Suite &#8220;Son davalats&#8221;, le &#8220;Turlututu&#8221;, la &#8220;mazurka des familles&#8221;, scottish (Alexandre Savignat)<br \/>\n16. Dialogue de Jean Martin et Antonin P\u00e9coil, Bourr\u00e9e (Alexandre Savignat)<br \/>\n17. Suite de valse et scottish-valse (Alexandre Savignat)<br \/>\n18. Suite : bourr\u00e9e, valse, scottish-valse, scottish et polka &#8220;Toca la vi\u00e8lha&#8221; (Alexandre Savignat)<\/p>\n","protected":false},"excerpt":{"rendered":"<p>Direction artistique : Michel Esbelin Livret 24 pages, pr\u00e9sentation : Michel Esbelin. Analyse du jeu des violoneux : Basile Br\u00e9maud. Traditionnel : Auvergne. Un document exceptionnel \u00e0 plus d&#8217;un titre. Tout d&#8217;abord par sa date de r\u00e9alisation, enregistr\u00e9 juste apr\u00e8s la seconde guerre mondiale, il pr\u00e9c\u00e8de de 15 ans les enregistrements effectu\u00e9s par le Mus\u00e9e [&hellip;]<\/p>\n","protected":false},"featured_media":18768,"template":"","meta":{"_acf_changed":false,"_genesis_hide_title":false,"_genesis_hide_breadcrumbs":false,"_genesis_hide_singular_image":false,"_genesis_hide_footer_widgets":false,"_genesis_custom_body_class":"","_genesis_custom_post_class":"","_genesis_layout":""},"product_brand":[],"product_cat":[16683,7237],"product_tag":[],"class_list":{"0":"post-18767","1":"product","2":"type-product","3":"status-publish","4":"has-post-thumbnail","6":"product_cat-musica-oc","7":"product_cat-tradicion-oc","8":"pa_auteur-esbelin-michel-oc","9":"pa_editeur-aepem-oc","10":"entry","12":"first","13":"outofstock","14":"shipping-taxable","15":"purchasable","16":"product-type-simple"},"acf":[],"_links":{"self":[{"href":"https:\/\/www.libraria-occitana.org\/oc\/wp-json\/wp\/v2\/product\/18767","targetHints":{"allow":["GET"]}}],"collection":[{"href":"https:\/\/www.libraria-occitana.org\/oc\/wp-json\/wp\/v2\/product"}],"about":[{"href":"https:\/\/www.libraria-occitana.org\/oc\/wp-json\/wp\/v2\/types\/product"}],"wp:featuredmedia":[{"embeddable":true,"href":"https:\/\/www.libraria-occitana.org\/oc\/wp-json\/wp\/v2\/media\/18768"}],"wp:attachment":[{"href":"https:\/\/www.libraria-occitana.org\/oc\/wp-json\/wp\/v2\/media?parent=18767"}],"wp:term":[{"taxonomy":"product_brand","embeddable":true,"href":"https:\/\/www.libraria-occitana.org\/oc\/wp-json\/wp\/v2\/product_brand?post=18767"},{"taxonomy":"product_cat","embeddable":true,"href":"https:\/\/www.libraria-occitana.org\/oc\/wp-json\/wp\/v2\/product_cat?post=18767"},{"taxonomy":"product_tag","embeddable":true,"href":"https:\/\/www.libraria-occitana.org\/oc\/wp-json\/wp\/v2\/product_tag?post=18767"}],"curies":[{"name":"wp","href":"https:\/\/api.w.org\/{rel}","templated":true}]}}