{"id":18870,"date":"2010-01-01T11:21:56","date_gmt":"2010-01-01T10:21:56","guid":{"rendered":"http:\/\/www.libraria-occitana.org\/all-products\/saleca-un-domeni-en-lemosin-en-lemosin-1?lang=oc"},"modified":"2026-04-29T04:41:48","modified_gmt":"2026-04-29T02:41:48","slug":"saleca-un-domeni-en-lemosin-en-lemosin-1","status":"publish","type":"product","link":"https:\/\/www.libraria-occitana.org\/oc\/produch\/saleca-un-domeni-en-lemosin-en-lemosin-1\/","title":{"rendered":"Sale\u00e7a, un domeni en Lemosin (En Lemosin 1)"},"content":{"rendered":"<p>Nich\u00e9 au pied des monts d\u2019Ambazac, \u00e0 quelques kilom\u00e8tres au nord de l\u2019agglom\u00e9ration limougeaude, le petit domaine rural de Salesse \u00e0 Bonnac-la-C\u00f4te semble hors du temps. Ici, depuis l\u2019ancien r\u00e9gime, perdure un mode de faire-valoir agricole traditionnel o\u00f9 propri\u00e9taire, r\u00e9gisseur, fermier et domestique assurent la gestion et l\u2019exploitation de la propri\u00e9t\u00e9 au coeur d\u2019un environnement pr\u00e9serv\u00e9.<\/p>\n<p>Un documentaire de 21 minutes en occitan (sous-titr\u00e9 en fran\u00e7ais) r\u00e9alis\u00e9 en 2010 par Jean-Pierre Cavaill\u00e9, Jean-Paul Faure et Jean-Fran\u00e7ois Vignaud.<\/p>\n","protected":false},"excerpt":{"rendered":"<p>Nich\u00e9 au pied des monts d\u2019Ambazac, \u00e0 quelques kilom\u00e8tres au nord de l\u2019agglom\u00e9ration limougeaude, le petit domaine rural de Salesse \u00e0 Bonnac-la-C\u00f4te semble hors du temps. Ici, depuis l\u2019ancien r\u00e9gime, perdure un mode de faire-valoir agricole traditionnel o\u00f9 propri\u00e9taire, r\u00e9gisseur, fermier et domestique assurent la gestion et l\u2019exploitation de la propri\u00e9t\u00e9 au coeur d\u2019un environnement [&hellip;]<\/p>\n","protected":false},"featured_media":36406,"template":"","meta":{"_acf_changed":false,"_genesis_hide_title":false,"_genesis_hide_breadcrumbs":false,"_genesis_hide_singular_image":false,"_genesis_hide_footer_widgets":false,"_genesis_custom_body_class":"","_genesis_custom_post_class":"","_genesis_layout":""},"product_brand":[],"product_cat":[7242,7240],"product_tag":[],"class_list":{"0":"post-18870","1":"product","2":"type-product","3":"status-publish","4":"has-post-thumbnail","6":"product_cat-documentari-oc","7":"product_cat-video-oc","8":"pa_auteur-cavaille-jean-pierre-oc","9":"pa_auteur-faure-jean-paul-oc","10":"pa_auteur-vignaud-j-f-oc","11":"pa_editeur-ieo-lemosin-oc","12":"pa_langue-francais-oc","13":"pa_langue-occitan-oc","14":"pa_langue-occitan-lemosin-oc","15":"entry","17":"first","18":"outofstock","19":"shipping-taxable","20":"purchasable","21":"product-type-simple"},"acf":[],"_links":{"self":[{"href":"https:\/\/www.libraria-occitana.org\/oc\/wp-json\/wp\/v2\/product\/18870","targetHints":{"allow":["GET"]}}],"collection":[{"href":"https:\/\/www.libraria-occitana.org\/oc\/wp-json\/wp\/v2\/product"}],"about":[{"href":"https:\/\/www.libraria-occitana.org\/oc\/wp-json\/wp\/v2\/types\/product"}],"wp:featuredmedia":[{"embeddable":true,"href":"https:\/\/www.libraria-occitana.org\/oc\/wp-json\/wp\/v2\/media\/36406"}],"wp:attachment":[{"href":"https:\/\/www.libraria-occitana.org\/oc\/wp-json\/wp\/v2\/media?parent=18870"}],"wp:term":[{"taxonomy":"product_brand","embeddable":true,"href":"https:\/\/www.libraria-occitana.org\/oc\/wp-json\/wp\/v2\/product_brand?post=18870"},{"taxonomy":"product_cat","embeddable":true,"href":"https:\/\/www.libraria-occitana.org\/oc\/wp-json\/wp\/v2\/product_cat?post=18870"},{"taxonomy":"product_tag","embeddable":true,"href":"https:\/\/www.libraria-occitana.org\/oc\/wp-json\/wp\/v2\/product_tag?post=18870"}],"curies":[{"name":"wp","href":"https:\/\/api.w.org\/{rel}","templated":true}]}}