{"id":19012,"date":"2010-10-01T18:07:05","date_gmt":"2010-10-01T16:07:05","guid":{"rendered":"http:\/\/www.libraria-occitana.org\/all-products\/chronique-de-geoffroy-de-vigeois-xie-xiie-siecles-lemouzi-n194-bis?lang=oc"},"modified":"2026-04-14T02:41:42","modified_gmt":"2026-04-14T00:41:42","slug":"chronique-de-geoffroy-de-vigeois-xie-xiie-siecles-lemouzi-n194-bis","status":"publish","type":"product","link":"https:\/\/www.libraria-occitana.org\/oc\/produch\/chronique-de-geoffroy-de-vigeois-xie-xiie-siecles-lemouzi-n194-bis\/","title":{"rendered":"Chronique de Geoffroy de Vigeois (XIe &#8211; XIIe si\u00e8cles) \/ Lemouzi N\u00b0194 bis"},"content":{"rendered":"<p>Cet ouvrage imprim\u00e9 \u00e0 Tulle, en 1864, par Mme Veuve Detournelle, fait partie des livres introuvables depuis plusieurs g\u00e9n\u00e9rations de Limousins attach\u00e9s \u00e0 leur histoire r\u00e9gionale ! Les faits petits et grands, qui y sont relat\u00e9s couvrent une large p\u00e9riode, particuli\u00e8rement riche, qui va du r\u00e8gne de Robert II le Pieux (996-1031), n\u00e9 \u00e0 Orl\u00e9ans vers 970, fils d&#8217;Hugues Capet et d&#8217;Ad\u00e9la\u00efde de Poitiers&#8230; jusqu&#8217;\u00e0 l&#8217;ann\u00e9e 1184.<\/p>\n<p>Aussi bien, le plan, essentiellement chronologique, se d\u00e9veloppe \u00e0 la fresque, les \u00e9v\u00e9nements religieux tenant le haut de sc\u00e8ne : les abb\u00e9s de Cluny, de Saint-Martial et d&#8217;Uzerche, l&#8217;arriv\u00e9e du pape Urbain II en France, la vision de B\u00e9raud et la cession de La Souterraine \u00e0 Saint-Martial, les autres donations, le concile de Clermont (1095), les cons\u00e9crations des \u00e9glises limousines, la prise de J\u00e9rusalem (1099), les actes de nos \u00e9v\u00eaques, le concile de Reims, etc.<\/p>\n<p>De m\u00eame, les g\u00e9n\u00e9alogies et histoires seigneuriales (Comborn, Limoges, Turenne, Ventadour, Lastours&#8230;) y font flor\u00e8s, ainsi que les d\u00e9c\u00e8s des personnages importants de notre province et de France, les rois de France, d&#8217;Angleterre et de J\u00e9rusalem, les saints remarquables du Limousin, les ordres religieux, les premi\u00e8re et seconde croisades avec leurs &#8220;h\u00e9ros&#8221; !<\/p>\n","protected":false},"excerpt":{"rendered":"<p>Cet ouvrage imprim\u00e9 \u00e0 Tulle, en 1864, par Mme Veuve Detournelle, fait partie des livres introuvables depuis plusieurs g\u00e9n\u00e9rations de Limousins attach\u00e9s \u00e0 leur histoire r\u00e9gionale ! Les faits petits et grands, qui y sont relat\u00e9s couvrent une large p\u00e9riode, particuli\u00e8rement riche, qui va du r\u00e8gne de Robert II le Pieux (996-1031), n\u00e9 \u00e0 Orl\u00e9ans [&hellip;]<\/p>\n","protected":false},"featured_media":19013,"template":"","meta":{"_acf_changed":false,"_genesis_hide_title":false,"_genesis_hide_breadcrumbs":false,"_genesis_hide_singular_image":false,"_genesis_hide_footer_widgets":false,"_genesis_custom_body_class":"","_genesis_custom_post_class":"","_genesis_layout":""},"product_brand":[],"product_cat":[7161,7149,7133],"product_tag":[],"class_list":{"0":"post-19012","1":"product","2":"type-product","3":"status-publish","4":"has-post-thumbnail","6":"product_cat-istoria-medievala-oc","7":"product_cat-istoria-geografia-oc","8":"product_cat-libres-oc","9":"pa_auteur-bonnelye-francois-oc","10":"pa_auteur-vigeois-geoffroy-de-oc","11":"pa_editeur-lemouzi-oc","12":"pa_langue-francais-oc","13":"entry","15":"first","16":"instock","17":"shipping-taxable","18":"purchasable","19":"product-type-simple"},"acf":[],"_links":{"self":[{"href":"https:\/\/www.libraria-occitana.org\/oc\/wp-json\/wp\/v2\/product\/19012","targetHints":{"allow":["GET"]}}],"collection":[{"href":"https:\/\/www.libraria-occitana.org\/oc\/wp-json\/wp\/v2\/product"}],"about":[{"href":"https:\/\/www.libraria-occitana.org\/oc\/wp-json\/wp\/v2\/types\/product"}],"wp:featuredmedia":[{"embeddable":true,"href":"https:\/\/www.libraria-occitana.org\/oc\/wp-json\/wp\/v2\/media\/19013"}],"wp:attachment":[{"href":"https:\/\/www.libraria-occitana.org\/oc\/wp-json\/wp\/v2\/media?parent=19012"}],"wp:term":[{"taxonomy":"product_brand","embeddable":true,"href":"https:\/\/www.libraria-occitana.org\/oc\/wp-json\/wp\/v2\/product_brand?post=19012"},{"taxonomy":"product_cat","embeddable":true,"href":"https:\/\/www.libraria-occitana.org\/oc\/wp-json\/wp\/v2\/product_cat?post=19012"},{"taxonomy":"product_tag","embeddable":true,"href":"https:\/\/www.libraria-occitana.org\/oc\/wp-json\/wp\/v2\/product_tag?post=19012"}],"curies":[{"name":"wp","href":"https:\/\/api.w.org\/{rel}","templated":true}]}}