{"id":19022,"date":"2010-10-01T10:37:18","date_gmt":"2010-10-01T09:37:18","guid":{"rendered":"http:\/\/www.libraria-occitana.org\/all-products\/atlas-des-nations-sans-etat-en-europe-peuples-minoritaires-en-quete-de-reconnaissance?lang=oc"},"modified":"2026-04-29T11:05:28","modified_gmt":"2026-04-29T09:05:28","slug":"atlas-des-nations-sans-etat-en-europe-peuples-minoritaires-en-quete-de-reconnaissance","status":"publish","type":"product","link":"https:\/\/www.libraria-occitana.org\/oc\/produch\/atlas-des-nations-sans-etat-en-europe-peuples-minoritaires-en-quete-de-reconnaissance\/","title":{"rendered":"Atlas des Nations sans \u00c9tat en Europe : Peuples minoritaires en qu\u00eate de reconnaissance"},"content":{"rendered":"<p>Une Nation sans \u00c9tat est un peuple non souverain. Hier, c&#8217;\u00e9tait le cas de l&#8217;Irlande, de la Pologne ou de la Lettonie, lorsqu&#8217;elles vivaient sous la coupe d&#8217;autres \u00c9tats. Aujourd&#8217;hui, ces peuples ont retrouv\u00e9 leur libert\u00e9.<\/p>\n<p>Mais l&#8217;Europe du XXIe si\u00e8cle conna\u00eet encore de nombreux cas de Nations sans \u00c9tat. Leurs noms : Alsaciens, Basques, Bretons, Catalans, Corses, \u00c9cossais, Frisons, Gallois, Sorabes&#8230;<\/p>\n<p>Ces peuples ont toujours d\u00e9fendu leur forte identit\u00e9. Marqu\u00e9s par des traits culturels particuliers, ils savent exprimer leur sentiment d&#8217;appartenance \u00e0 une communaut\u00e9 soud\u00e9e par l&#8217;histoire. Mais qui conna\u00eet r\u00e9ellement leurs aspirations, \u00e0 savoir leur qu\u00eate de reconnaissance ou de libert\u00e9, le d\u00e9sir de ma\u00eetriser leur destin, de pratiquer leur langue, d&#8217;\u00eatre reconnus officiellement ?<\/p>\n<p>Ainsi, l&#8217;histoire r\u00e9cente nous montre que de nombreux peuples minoritaires ont r\u00e9ussi, par le dialogue, \u00e0 disposer d&#8217;un statut d&#8217;autonomie ou \u00e0 obtenir leur ind\u00e9pendance. Ces droits acquis \u00e0 force de t\u00e9nacit\u00e9 leur permettent de d\u00e9cider de leur avenir plus sereinement et de pr\u00e9server leur identit\u00e9, souvent mise \u00e0 mal par le centralisme \u00e9tatique.<\/p>\n<p>\u00c0 travers soixante cartes in\u00e9dites, cet atlas invite le lecteur \u00e0 un tour d&#8217;horizon des Nations sans \u00c9tat qui peuplent l&#8217;Europe. Il permet ainsi de prendre la mesure d&#8217;un des enjeux g\u00e9opolitiques majeurs du XXIe si\u00e8cle. La mosa\u00efque europ\u00e9enne sera toujours faite de diversit\u00e9 et de contrastes.<\/p>\n","protected":false},"excerpt":{"rendered":"<p>Une Nation sans \u00c9tat est un peuple non souverain. Hier, c&#8217;\u00e9tait le cas de l&#8217;Irlande, de la Pologne ou de la Lettonie, lorsqu&#8217;elles vivaient sous la coupe d&#8217;autres \u00c9tats. Aujourd&#8217;hui, ces peuples ont retrouv\u00e9 leur libert\u00e9. Mais l&#8217;Europe du XXIe si\u00e8cle conna\u00eet encore de nombreux cas de Nations sans \u00c9tat. Leurs noms : Alsaciens, Basques, [&hellip;]<\/p>\n","protected":false},"featured_media":36391,"template":"","meta":{"_acf_changed":false,"_genesis_hide_title":false,"_genesis_hide_breadcrumbs":false,"_genesis_hide_singular_image":false,"_genesis_hide_footer_widgets":false,"_genesis_custom_body_class":"","_genesis_custom_post_class":"","_genesis_layout":""},"product_brand":[],"product_cat":[7153,7149,7133],"product_tag":[],"class_list":{"0":"post-19022","1":"product","2":"type-product","3":"status-publish","4":"has-post-thumbnail","6":"product_cat-geografia-oc","7":"product_cat-istoria-geografia-oc","8":"product_cat-libres-oc","9":"pa_auteur-bodlore-penlaez-mikael-oc","10":"pa_auteur-collectiu-oc-2","11":"pa_editeur-yoran-embanner-oc","12":"pa_langue-francais-oc","13":"entry","15":"first","16":"instock","17":"shipping-taxable","18":"purchasable","19":"product-type-simple"},"acf":[],"_links":{"self":[{"href":"https:\/\/www.libraria-occitana.org\/oc\/wp-json\/wp\/v2\/product\/19022","targetHints":{"allow":["GET"]}}],"collection":[{"href":"https:\/\/www.libraria-occitana.org\/oc\/wp-json\/wp\/v2\/product"}],"about":[{"href":"https:\/\/www.libraria-occitana.org\/oc\/wp-json\/wp\/v2\/types\/product"}],"wp:featuredmedia":[{"embeddable":true,"href":"https:\/\/www.libraria-occitana.org\/oc\/wp-json\/wp\/v2\/media\/36391"}],"wp:attachment":[{"href":"https:\/\/www.libraria-occitana.org\/oc\/wp-json\/wp\/v2\/media?parent=19022"}],"wp:term":[{"taxonomy":"product_brand","embeddable":true,"href":"https:\/\/www.libraria-occitana.org\/oc\/wp-json\/wp\/v2\/product_brand?post=19022"},{"taxonomy":"product_cat","embeddable":true,"href":"https:\/\/www.libraria-occitana.org\/oc\/wp-json\/wp\/v2\/product_cat?post=19022"},{"taxonomy":"product_tag","embeddable":true,"href":"https:\/\/www.libraria-occitana.org\/oc\/wp-json\/wp\/v2\/product_tag?post=19022"}],"curies":[{"name":"wp","href":"https:\/\/api.w.org\/{rel}","templated":true}]}}