{"id":19056,"date":"2010-05-01T16:15:18","date_gmt":"2010-05-01T15:15:18","guid":{"rendered":"http:\/\/www.libraria-occitana.org\/all-products\/angels-pastres-miracles-chancons-de-nadal-en-occitania?lang=oc"},"modified":"2026-04-29T02:07:03","modified_gmt":"2026-04-29T00:07:03","slug":"angels-pastres-miracles-chancons-de-nadal-en-occitania","status":"publish","type":"product","link":"https:\/\/www.libraria-occitana.org\/oc\/produch\/angels-pastres-miracles-chancons-de-nadal-en-occitania\/","title":{"rendered":"Angels Pastres Miracles : Chan\u00e7ons de Nadal en Occitania"},"content":{"rendered":"<p><strong>Titres :<\/strong><br \/>\n1. Pastres de l&#8217;Argentiera 4&#8217;30<br \/>\n2. Lou premier miracle 1&#8217;06<br \/>\n3. La cambo me fai mau 4&#8217;34<br \/>\n4. Micoulau noste pastre 5&#8217;40<br \/>\n5. Ven\u00e8s, ven\u00e8s 5&#8217;45<br \/>\n6. San Jauze eme Mario 5&#8217;33<br \/>\n7. Anuech quand lou gau cantavo 4&#8217;47<br \/>\n8. Lou viage di tres R\u00e8i 4&#8217;45<br \/>\n9. Rapataplan ! 5&#8217;44<br \/>\n10. La catarineta 3&#8217;57<br \/>\n11. Pastre de la campagno 4&#8217;34<\/p>\n","protected":false},"excerpt":{"rendered":"<p>Titres : 1. Pastres de l&#8217;Argentiera 4&#8217;30 2. Lou premier miracle 1&#8217;06 3. La cambo me fai mau 4&#8217;34 4. Micoulau noste pastre 5&#8217;40 5. Ven\u00e8s, ven\u00e8s 5&#8217;45 6. San Jauze eme Mario 5&#8217;33 7. Anuech quand lou gau cantavo 4&#8217;47 8. Lou viage di tres R\u00e8i 4&#8217;45 9. Rapataplan ! 5&#8217;44 10. La catarineta [&hellip;]<\/p>\n","protected":false},"featured_media":19057,"template":"","meta":{"_acf_changed":false,"_genesis_hide_title":false,"_genesis_hide_breadcrumbs":false,"_genesis_hide_singular_image":false,"_genesis_hide_footer_widgets":false,"_genesis_custom_body_class":"","_genesis_custom_post_class":"","_genesis_layout":""},"product_brand":[],"product_cat":[7221,16683],"product_tag":[],"class_list":{"0":"post-19056","1":"product","2":"type-product","3":"status-publish","4":"has-post-thumbnail","6":"product_cat-hip-hop-electro-oc","7":"product_cat-musica-oc","8":"pa_auteur-gai-saber-oc","9":"pa_editeur-felmay-oc","10":"pa_langue-occitan-oc","11":"pa_langue-occitan-vivaroaupenc-oc","12":"entry","14":"first","15":"instock","16":"shipping-taxable","17":"purchasable","18":"product-type-simple"},"acf":[],"_links":{"self":[{"href":"https:\/\/www.libraria-occitana.org\/oc\/wp-json\/wp\/v2\/product\/19056","targetHints":{"allow":["GET"]}}],"collection":[{"href":"https:\/\/www.libraria-occitana.org\/oc\/wp-json\/wp\/v2\/product"}],"about":[{"href":"https:\/\/www.libraria-occitana.org\/oc\/wp-json\/wp\/v2\/types\/product"}],"wp:featuredmedia":[{"embeddable":true,"href":"https:\/\/www.libraria-occitana.org\/oc\/wp-json\/wp\/v2\/media\/19057"}],"wp:attachment":[{"href":"https:\/\/www.libraria-occitana.org\/oc\/wp-json\/wp\/v2\/media?parent=19056"}],"wp:term":[{"taxonomy":"product_brand","embeddable":true,"href":"https:\/\/www.libraria-occitana.org\/oc\/wp-json\/wp\/v2\/product_brand?post=19056"},{"taxonomy":"product_cat","embeddable":true,"href":"https:\/\/www.libraria-occitana.org\/oc\/wp-json\/wp\/v2\/product_cat?post=19056"},{"taxonomy":"product_tag","embeddable":true,"href":"https:\/\/www.libraria-occitana.org\/oc\/wp-json\/wp\/v2\/product_tag?post=19056"}],"curies":[{"name":"wp","href":"https:\/\/api.w.org\/{rel}","templated":true}]}}