{"id":19122,"date":"2011-01-01T13:18:48","date_gmt":"2011-01-01T12:18:48","guid":{"rendered":"http:\/\/www.libraria-occitana.org\/all-products\/gaucelm-faidit-amours-voyages-et-debats?lang=oc"},"modified":"2026-04-29T11:12:37","modified_gmt":"2026-04-29T09:12:37","slug":"gaucelm-faidit-amours-voyages-et-debats","status":"publish","type":"product","link":"https:\/\/www.libraria-occitana.org\/oc\/produch\/gaucelm-faidit-amours-voyages-et-debats\/","title":{"rendered":"Gaucelm Faidit : Amours, voyages et d\u00e9bats"},"content":{"rendered":"<p>Gaucelm Faidit, troubadour d\u2019Uzerche en Limousin, cr\u00e9atif entre 1190 et 1230, grand voyageur, notamment en Hongrie et jusqu\u2019en Terre Sainte, est l&#8217;auteur de chants d\u2019amour et de <em>partimens<\/em>, dialogues et d\u00e9bats de cour.<\/p>\n<p>Il ne cesse de surprendre. Bon vivant, jongleur, compositeur talentueux, toujours en d\u00e9bat po\u00e9tique avec ses confr\u00e8res, le m\u00eame homme se r\u00e9v\u00e8le l\u2019un des plus fins po\u00e8tes de la <em>fin&#8217;amor<\/em>. Fin XIIe &#8211; d\u00e9but XIIIe si\u00e8cle, alors que les \u00e9preuves politiques des cours m\u00e9ridionales poussent certains troubadours \u00e0 \u00e9migrer vers l\u2019Espagne et l\u2019Italie, le surnom <em>Faidit<\/em> attire l\u2019attention sur l\u2019exil &#8211; <em>fadia<\/em> &#8211; v\u00e9cu par ses confr\u00e8res. S&#8217;il fut en Hongrie, Gaucelm participa-t-il \u00e0 la croisade de 1189-90 ? Sait-on ce qui l\u2019y a pouss\u00e9 ?<br \/>\nQuant \u00e0 son <em>trobar<\/em>, nombre de pi\u00e8ces transmises avec leur m\u00e9lodie permettent d\u2019appr\u00e9cier la structure des po\u00e8mes et le lien \u00e9troit entre texte et musique, preuve que ses compositions furent appr\u00e9ci\u00e9es et imit\u00e9es par ses confr\u00e8res. La Trobada d\u2019Uzerche, rassemblant dix sp\u00e9cialistes fran\u00e7ais et \u00e9trangers de langue et litt\u00e9rature d\u2019occitan m\u00e9di\u00e9val, fut un banquet savoureux, qui donne au recueil de ses actes un privil\u00e8ge hors de l\u2019ordinaire : au c\u0153ur du Moyen \u00c2ge, voir un grand po\u00e8te limousin sortir de l\u2019ombre&#8230;<\/p>\n<p><strong>Ensenhador :<br \/>\n<\/strong>&#8211; Introduction \u00e0 la <em>Trobada<\/em> par Pierre Bec, professeur honoraire, Universit\u00e9 de Poitiers<br \/>\n&#8211; Les <em>faidits<\/em> et le <em>trobar<\/em> : esquisse de lexicographie po\u00e9tique\u00a0par Gilda Caiti-Russo, ma\u00eetre de conf\u00e9rences HDR d.Occitan \u00e0 l\u2019Universit\u00e9 Paul-Val\u00e9ry, Montpellier III<br \/>\n&#8211; Gaucelm Faidit et la (les) croisade(s)\u00a0par Walter Meliga, professeur de Philologie et Linguistique romane, Universit\u00e9 de Turin<br \/>\n&#8211; Gaucelm Faidit en Hongrie, ou l\u2019aventure orientale des troubadours par Levente Sel\u00e1f, professeur de Philologie romane, Universit\u00e9 E\u00f6tv\u00f6s Lor\u00e1nd (Hongrie)<br \/>\n&#8211; Le troubadour Gaucelm Faidit et ses interlocuteurs par\u00a0Ruth Harvey, professeur de Litt\u00e9rature occitane m\u00e9di\u00e9vale, Royal Holloway, Universit\u00e9 de Londres (Royaume Uni)<br \/>\n&#8211; Gaucelm Faidit et Maria de Ventadorn vivaient-ils encore en 1235 ? par Robert Lug, Universit\u00e9 de Francfort (Allemagne)<br \/>\n&#8211; Musique et po\u00e9sie dans l\u2019\u0153uvre de Gaucelm Faidit\u00a0par Christelle Chaillou, docteur en Musicologie m\u00e9di\u00e9vale, chercheur associ\u00e9 au CESCM de Poitiers<br \/>\n&#8211; L\u2019amant tenu par la bride : Itin\u00e9raires d&#8217;un motif courtois chez Gaucelm Faidit et sur un coffret limousin\u00a0par Catherine L\u00e9glu, professeur de Litt\u00e9rature fran\u00e7aise et occitane m\u00e9di\u00e9vale, Universit\u00e9 de Reading (Royaume Uni)<br \/>\n&#8211; L\u2019art m\u00e9lique de Gaucelm Faidit, par Francesco Carapezza, chercheur en Philologie romane, Universit\u00e9 de Palerme (Italie)<br \/>\n&#8211; Le prestige de la forme chez Gaucelm Faidit\u00a0par Dominique Billy, professeur de Linguistique fran\u00e7aise et romane, Universit\u00e9 de Toulouse-Le Mirail<br \/>\n&#8211; Conclusions de la <em>Trobada<\/em>\u00a0par Peter Ricketts, professeur \u00e9m\u00e9rite, Universit\u00e9 de Londres, &#8220;Honorary Professor&#8221;, Universit\u00e9 de Birmingham (Royaume-Uni)<\/p>\n","protected":false},"excerpt":{"rendered":"<p>Gaucelm Faidit, troubadour d\u2019Uzerche en Limousin, cr\u00e9atif entre 1190 et 1230, grand voyageur, notamment en Hongrie et jusqu\u2019en Terre Sainte, est l&#8217;auteur de chants d\u2019amour et de partimens, dialogues et d\u00e9bats de cour. Il ne cesse de surprendre. Bon vivant, jongleur, compositeur talentueux, toujours en d\u00e9bat po\u00e9tique avec ses confr\u00e8res, le m\u00eame homme se r\u00e9v\u00e8le [&hellip;]<\/p>\n","protected":false},"featured_media":17474,"template":"","meta":{"_acf_changed":false,"_genesis_hide_title":false,"_genesis_hide_breadcrumbs":false,"_genesis_hide_singular_image":false,"_genesis_hide_footer_widgets":false,"_genesis_custom_body_class":"","_genesis_custom_post_class":"","_genesis_layout":""},"product_brand":[],"product_cat":[7189,7133,7175],"product_tag":[],"class_list":{"0":"post-19122","1":"product","2":"type-product","3":"status-publish","4":"has-post-thumbnail","6":"product_cat-estudis-literaris-oc","7":"product_cat-libres-oc","8":"product_cat-literatura-oc","9":"pa_auteur-collectiu-oc-2","10":"pa_editeur-carrefour-ventadour-fr-oc","11":"pa_langue-francais-oc","12":"entry","14":"first","15":"instock","16":"shipping-taxable","17":"purchasable","18":"product-type-simple"},"acf":[],"_links":{"self":[{"href":"https:\/\/www.libraria-occitana.org\/oc\/wp-json\/wp\/v2\/product\/19122","targetHints":{"allow":["GET"]}}],"collection":[{"href":"https:\/\/www.libraria-occitana.org\/oc\/wp-json\/wp\/v2\/product"}],"about":[{"href":"https:\/\/www.libraria-occitana.org\/oc\/wp-json\/wp\/v2\/types\/product"}],"wp:featuredmedia":[{"embeddable":true,"href":"https:\/\/www.libraria-occitana.org\/oc\/wp-json\/wp\/v2\/media\/17474"}],"wp:attachment":[{"href":"https:\/\/www.libraria-occitana.org\/oc\/wp-json\/wp\/v2\/media?parent=19122"}],"wp:term":[{"taxonomy":"product_brand","embeddable":true,"href":"https:\/\/www.libraria-occitana.org\/oc\/wp-json\/wp\/v2\/product_brand?post=19122"},{"taxonomy":"product_cat","embeddable":true,"href":"https:\/\/www.libraria-occitana.org\/oc\/wp-json\/wp\/v2\/product_cat?post=19122"},{"taxonomy":"product_tag","embeddable":true,"href":"https:\/\/www.libraria-occitana.org\/oc\/wp-json\/wp\/v2\/product_tag?post=19122"}],"curies":[{"name":"wp","href":"https:\/\/api.w.org\/{rel}","templated":true}]}}