{"id":19138,"date":"2011-01-01T06:56:36","date_gmt":"2011-01-01T05:56:36","guid":{"rendered":"http:\/\/www.libraria-occitana.org\/all-products\/avis-de-tempesta?lang=oc"},"modified":"2026-04-18T05:11:39","modified_gmt":"2026-04-18T03:11:39","slug":"avis-de-tempesta","status":"publish","type":"product","link":"https:\/\/www.libraria-occitana.org\/oc\/produch\/avis-de-tempesta\/","title":{"rendered":"Av\u00eds de temp\u00e8sta"},"content":{"rendered":"<p>Dans ce 4e album, Goulamas&#8217;K nous abreuve d&#8217;un ska rock marqu\u00e9 par un trad punk digne des Pogues ou Dropkick Murphys. Les instruments traditionnels &#8211; sac de gemecs (cornemuse catalane), grailhe, bouzouki &#8211; fusionnent sans complexe avec une musique \u00e9nergique, furieuse et festive. Le m\u00e9lange est d\u00e9tonnant et fonctionne.<\/p>\n<p><strong>Titres :<\/strong><br \/>\n1. Tout Droit 3&#8217;16<br \/>\n2. Mon Pais 4&#8217;03<br \/>\n3. Je L\u00e8ve Mon Verre 3&#8217;56<br \/>\n4. Mefisa-Te 4&#8217;05<br \/>\n5. Manifest&#8217;accion 4&#8217;34<br \/>\n6. 2063 4&#8217;15<br \/>\n7. La Folie 4&#8217;00<br \/>\n8. Ce Soir 5&#8217;37<br \/>\n9. Avis De Temp\u00e8te 3&#8217;52<br \/>\n10. Canta La Nacion 4&#8217;56<br \/>\n11. Sant-Africa Rebels 1&#8217;12<br \/>\n12. Les Rebelles 3&#8217;34<br \/>\n<strong>Bonus Live<\/strong><br \/>\n13. Filhas E Drolles 5&#8217;53<br \/>\n14. Crash Boursier 5&#8217;47<br \/>\n15. Skabronca 4&#8217;37<\/p>\n","protected":false},"excerpt":{"rendered":"<p>Dans ce 4e album, Goulamas&#8217;K nous abreuve d&#8217;un ska rock marqu\u00e9 par un trad punk digne des Pogues ou Dropkick Murphys. Les instruments traditionnels &#8211; sac de gemecs (cornemuse catalane), grailhe, bouzouki &#8211; fusionnent sans complexe avec une musique \u00e9nergique, furieuse et festive. Le m\u00e9lange est d\u00e9tonnant et fonctionne. Titres : 1. Tout Droit 3&#8217;16 [&hellip;]<\/p>\n","protected":false},"featured_media":36379,"template":"","meta":{"_acf_changed":false,"_genesis_hide_title":false,"_genesis_hide_breadcrumbs":false,"_genesis_hide_singular_image":false,"_genesis_hide_footer_widgets":false,"_genesis_custom_body_class":"","_genesis_custom_post_class":"","_genesis_layout":""},"product_brand":[],"product_cat":[7235,16683],"product_tag":[],"class_list":{"0":"post-19138","1":"product","2":"type-product","3":"status-publish","4":"has-post-thumbnail","6":"product_cat-eska-reggae-dub-oc","7":"product_cat-musica-oc","8":"pa_auteur-goulamask-oc","9":"pa_editeur-brennus-music-oc","10":"pa_langue-francais-oc","11":"pa_langue-occitan-oc","12":"pa_langue-occitan-lengadocian-oc","13":"entry","15":"first","16":"outofstock","17":"shipping-taxable","18":"purchasable","19":"product-type-simple"},"acf":[],"_links":{"self":[{"href":"https:\/\/www.libraria-occitana.org\/oc\/wp-json\/wp\/v2\/product\/19138","targetHints":{"allow":["GET"]}}],"collection":[{"href":"https:\/\/www.libraria-occitana.org\/oc\/wp-json\/wp\/v2\/product"}],"about":[{"href":"https:\/\/www.libraria-occitana.org\/oc\/wp-json\/wp\/v2\/types\/product"}],"wp:featuredmedia":[{"embeddable":true,"href":"https:\/\/www.libraria-occitana.org\/oc\/wp-json\/wp\/v2\/media\/36379"}],"wp:attachment":[{"href":"https:\/\/www.libraria-occitana.org\/oc\/wp-json\/wp\/v2\/media?parent=19138"}],"wp:term":[{"taxonomy":"product_brand","embeddable":true,"href":"https:\/\/www.libraria-occitana.org\/oc\/wp-json\/wp\/v2\/product_brand?post=19138"},{"taxonomy":"product_cat","embeddable":true,"href":"https:\/\/www.libraria-occitana.org\/oc\/wp-json\/wp\/v2\/product_cat?post=19138"},{"taxonomy":"product_tag","embeddable":true,"href":"https:\/\/www.libraria-occitana.org\/oc\/wp-json\/wp\/v2\/product_tag?post=19138"}],"curies":[{"name":"wp","href":"https:\/\/api.w.org\/{rel}","templated":true}]}}