{"id":19160,"date":"2011-12-01T11:21:56","date_gmt":"2011-12-01T10:21:56","guid":{"rendered":"http:\/\/www.libraria-occitana.org\/all-products\/tournures-limousines-viradas-lemosinas?lang=oc"},"modified":"2026-04-29T01:26:41","modified_gmt":"2026-04-28T23:26:41","slug":"tournures-limousines-viradas-lemosinas","status":"publish","type":"product","link":"https:\/\/www.libraria-occitana.org\/oc\/produch\/tournures-limousines-viradas-lemosinas\/","title":{"rendered":"Tournures limousines &#8211; Viradas lemosinas"},"content":{"rendered":"<p style=\"padding-left: 30px;\"><em>Petite veugne ! Arr\u00eate de faire la poute, que je vais finir par m\u2019\u00e9malir ! <\/em><br \/>\n<em>D\u00e8s le d\u00e9part, l\u2019affaire \u00e9tait embraudonn\u00e9e et mon proc\u00e8s a fait frouillou ! Le bousin, quoi ! <\/em><br \/>\n<em>Cette clampe, c\u2019est une vraie langue de peille ; et avec \u00e7a bradasse comme pas une.<\/em><br \/>\n<em>Une raque, que je vous dis !<\/em><\/p>\n<p>Si le sens de ces phrases vous \u00e9chappe, ou si au contraire, vous avez plaisir \u00e0 entendre ce langage qui est le v\u00f4tre, alors ce modeste ouvrage est pour vous ; qui donne un plein <em>palissou<\/em> de mots et expressions, issus de l\u2019occitan limousin, accommod\u00e9s \u00e0 la sauce de l\u2019usage, restitu\u00e9s dans leur vivacit\u00e9 d\u2019origine.<\/p>\n<p>Foin de l\u2019indigence m\u00e9diatique, des st\u00e9r\u00e9otypes langagiers, des archiplatitudes qui veulent nous interpeller quelque part ! Int\u00e9grez-vous sans vous d\u00e9sint\u00e9grer !<\/p>\n","protected":false},"excerpt":{"rendered":"<p>Petite veugne ! Arr\u00eate de faire la poute, que je vais finir par m\u2019\u00e9malir ! D\u00e8s le d\u00e9part, l\u2019affaire \u00e9tait embraudonn\u00e9e et mon proc\u00e8s a fait frouillou ! Le bousin, quoi ! Cette clampe, c\u2019est une vraie langue de peille ; et avec \u00e7a bradasse comme pas une. Une raque, que je vous dis ! [&hellip;]<\/p>\n","protected":false},"featured_media":36342,"template":"","meta":{"_acf_changed":false,"_genesis_hide_title":false,"_genesis_hide_breadcrumbs":false,"_genesis_hide_singular_image":false,"_genesis_hide_footer_widgets":false,"_genesis_custom_body_class":"","_genesis_custom_post_class":"","_genesis_layout":""},"product_brand":[],"product_cat":[7137,7133,7147],"product_tag":[],"class_list":{"0":"post-19160","1":"product","2":"type-product","3":"status-publish","4":"has-post-thumbnail","6":"product_cat-diccionaris-lenga-escolar-oc","7":"product_cat-libres-oc","8":"product_cat-vocabulari-biais-de-dire-oc","9":"pa_auteur-lavalada-ives-oc","10":"pa_auteur-peyramaure-jacques-oc","11":"pa_editeur-ieo-lemosin-oc","12":"pa_langue-occitan-lemosin-oc","13":"pa_langue-occitan-francais-oc","14":"entry","16":"first","17":"instock","18":"shipping-taxable","19":"purchasable","20":"product-type-simple"},"acf":[],"_links":{"self":[{"href":"https:\/\/www.libraria-occitana.org\/oc\/wp-json\/wp\/v2\/product\/19160","targetHints":{"allow":["GET"]}}],"collection":[{"href":"https:\/\/www.libraria-occitana.org\/oc\/wp-json\/wp\/v2\/product"}],"about":[{"href":"https:\/\/www.libraria-occitana.org\/oc\/wp-json\/wp\/v2\/types\/product"}],"wp:featuredmedia":[{"embeddable":true,"href":"https:\/\/www.libraria-occitana.org\/oc\/wp-json\/wp\/v2\/media\/36342"}],"wp:attachment":[{"href":"https:\/\/www.libraria-occitana.org\/oc\/wp-json\/wp\/v2\/media?parent=19160"}],"wp:term":[{"taxonomy":"product_brand","embeddable":true,"href":"https:\/\/www.libraria-occitana.org\/oc\/wp-json\/wp\/v2\/product_brand?post=19160"},{"taxonomy":"product_cat","embeddable":true,"href":"https:\/\/www.libraria-occitana.org\/oc\/wp-json\/wp\/v2\/product_cat?post=19160"},{"taxonomy":"product_tag","embeddable":true,"href":"https:\/\/www.libraria-occitana.org\/oc\/wp-json\/wp\/v2\/product_tag?post=19160"}],"curies":[{"name":"wp","href":"https:\/\/api.w.org\/{rel}","templated":true}]}}