{"id":22949,"date":"2011-11-01T15:42:04","date_gmt":"2011-11-01T14:42:04","guid":{"rendered":"http:\/\/www.libraria-occitana.org\/all-products\/poesias-libre-cd?lang=oc"},"modified":"2026-04-29T06:26:14","modified_gmt":"2026-04-29T04:26:14","slug":"poesias-libre-cd","status":"publish","type":"product","link":"https:\/\/www.libraria-occitana.org\/oc\/produch\/poesias-libre-cd\/","title":{"rendered":"Poesias (libre + CD)"},"content":{"rendered":"<p>45 poesias en occitan (gascon, lemosin e lengadocian) de Joan-Lo\u00eds Baradat, Joan Bodon, Benedicta Bonnet, Nadine Bourg\u00e8s, Alain Cassanhau, Marcelin Caza, Domenja Decamps, Marcela Delpastre, Joan Focaud, Paul-Louis Grenier, Jan de Guich\u00f2t, Jaus\u00e8p Joantauzin, Narcisse Laborde, Roger Lapassade, Yves Lavalade, Michel Maffrand, Felix Mascaraux, Jan dau Melhau, Brigita Miramont, Joan Mouzat, Loisa Paulin, Jean-Marie Petit, Joan-Claudi Rolet, Max Roqueta, Jan deu Sabal\u00f2t, Paul Tallez.<\/p>\n<p>Libreton pedagogic <a href=\"http:\/\/capoc.crdp-aquitaine.fr\/articles.php?lng=en&amp;pg=450&amp;mnuid=304&amp;tconfig=0\">sus lo site dau CAP\u00d2C<\/a>.<\/p>\n","protected":false},"excerpt":{"rendered":"<p>45 poesias en occitan (gascon, lemosin e lengadocian) de Joan-Lo\u00eds Baradat, Joan Bodon, Benedicta Bonnet, Nadine Bourg\u00e8s, Alain Cassanhau, Marcelin Caza, Domenja Decamps, Marcela Delpastre, Joan Focaud, Paul-Louis Grenier, Jan de Guich\u00f2t, Jaus\u00e8p Joantauzin, Narcisse Laborde, Roger Lapassade, Yves Lavalade, Michel Maffrand, Felix Mascaraux, Jan dau Melhau, Brigita Miramont, Joan Mouzat, Loisa Paulin, Jean-Marie Petit, [&hellip;]<\/p>\n","protected":false},"featured_media":22950,"template":"","meta":{"_acf_changed":false,"_genesis_hide_title":false,"_genesis_hide_breadcrumbs":false,"_genesis_hide_singular_image":false,"_genesis_hide_footer_widgets":false,"_genesis_custom_body_class":"","_genesis_custom_post_class":"","_genesis_layout":""},"product_brand":[],"product_cat":[7167,7165,7133],"product_tag":[],"class_list":{"0":"post-22949","1":"product","2":"type-product","3":"status-publish","4":"has-post-thumbnail","6":"product_cat-ados-oc","7":"product_cat-jounessa-bd-umor","8":"product_cat-libres-oc","9":"pa_auteur-collectiu-oc-2","10":"pa_editeur-canope-editions-oc","11":"pa_langue-occitan-oc","12":"entry","14":"first","15":"instock","16":"shipping-taxable","17":"purchasable","18":"product-type-simple"},"acf":[],"_links":{"self":[{"href":"https:\/\/www.libraria-occitana.org\/oc\/wp-json\/wp\/v2\/product\/22949","targetHints":{"allow":["GET"]}}],"collection":[{"href":"https:\/\/www.libraria-occitana.org\/oc\/wp-json\/wp\/v2\/product"}],"about":[{"href":"https:\/\/www.libraria-occitana.org\/oc\/wp-json\/wp\/v2\/types\/product"}],"wp:featuredmedia":[{"embeddable":true,"href":"https:\/\/www.libraria-occitana.org\/oc\/wp-json\/wp\/v2\/media\/22950"}],"wp:attachment":[{"href":"https:\/\/www.libraria-occitana.org\/oc\/wp-json\/wp\/v2\/media?parent=22949"}],"wp:term":[{"taxonomy":"product_brand","embeddable":true,"href":"https:\/\/www.libraria-occitana.org\/oc\/wp-json\/wp\/v2\/product_brand?post=22949"},{"taxonomy":"product_cat","embeddable":true,"href":"https:\/\/www.libraria-occitana.org\/oc\/wp-json\/wp\/v2\/product_cat?post=22949"},{"taxonomy":"product_tag","embeddable":true,"href":"https:\/\/www.libraria-occitana.org\/oc\/wp-json\/wp\/v2\/product_tag?post=22949"}],"curies":[{"name":"wp","href":"https:\/\/api.w.org\/{rel}","templated":true}]}}