{"id":22960,"date":"2012-05-01T13:01:40","date_gmt":"2012-05-01T12:01:40","guid":{"rendered":"http:\/\/www.libraria-occitana.org\/all-products\/jaufre-rudel-prince-amant-et-poete?lang=oc"},"modified":"2026-04-22T00:56:40","modified_gmt":"2026-04-21T22:56:40","slug":"jaufre-rudel-prince-amant-et-poete","status":"publish","type":"product","link":"https:\/\/www.libraria-occitana.org\/oc\/produch\/jaufre-rudel-prince-amant-et-poete\/","title":{"rendered":"Jaufre Rudel : Prince, amant et po\u00e8te"},"content":{"rendered":"<p>La renomm\u00e9e de ce troubadour le pr\u00e9c\u00e8de. Jamais n\u00e9glig\u00e9e depuis le XIIe\u00a0si\u00e8cle, son \u0153uvre br\u00e8ve a fascin\u00e9 de grands po\u00e8tes anglais et allemands. Quant\u00a0\u00e0 sa <em>vida<\/em>, elle est aussi l\u00e9gendaire que ses po\u00e8mes et inspire aux artistes d\u0092&#8217;in\u00e9puisables variations romanesques, dramatiques ou lyriques. Or qui \u00e9tait Jaufre\u00a0Rudel ? \u00c0 quelle \u00e9poque au juste a-t-il v\u00e9cu ? La m\u00e9moire arch\u00e9ologique de\u00a0Blaye et les recherches des historiens viendront \u00e0 notre aide. Certes, on saluera\u00a0en lui le p\u00e8lerin mystique, l&#8217;esth\u00e8te raffin\u00e9 et le <em>cantaire<\/em>, m\u00eame si ses musiques\u00a0sont peu conserv\u00e9es&#8230; Mais la simplicit\u00e9 de langage qu&#8217;on lui attribue ne cl\u00f4t\u00a0pas le d\u00e9bat sur les \u00e9nigmes de ses po\u00e8mes, ni sur le mythe de l&#8217;<em>amor de lonh<\/em>, qui\u00a0eut une r\u00e9sonance imm\u00e9diate chez ses contemporains et lui vaut une gloire\u00a0path\u00e9tique \u00e9ternelle.<\/p>\n<p style=\"text-align: right;\">P. Ricketts et L. de Goustine<\/p>\n<p><strong>Ensenhador :<br \/>\n<\/strong>&#8211; Pour partir de loin&#8230; par Guy Latry, Universit\u00e9 de Bordeaux III<br \/>\n&#8211; Jaufre Rudel et les po\u00e8tes romantiques allemands par Pierre Bec, professeur honoraire Universit\u00e9 de Poitiers<br \/>\n&#8211; Le nouveau regard de Jaufre Rudel, Guillem de Nevers, Frayre de Joy et\u00a0d\u2019Antiphanor par Katy Bernard, Universit\u00e9 de Bordeaux III<br \/>\n&#8211; Jaufre Rudel rajeuni, par Robert Lug, Francfort (Allemagne)<br \/>\n&#8211; L\u2019appel du large, Jaufre Rudel et les autres seigneurs de Blaye aux XIe,\u00a0XIIe et XIIIe si\u00e8cles par Fr\u00e9d\u00e9ric Boutoulle, Universit\u00e9 de Bordeaux UMR Ausonius\u00a05607<br \/>\n&#8211; Jaufre Rudel au pluriel : les Jaufre Rudel de Blaia et d\u2019ailleurs par Roy Rosenstein, American University of Paris (France)<br \/>\n&#8211; Les <em>Siblings<\/em> sibyllins chez Jaufre Rudel : tour d\u2019horizon d\u2019une question\u00a0\u00e9pineuse par Peter Davies, Universit\u00e9 de Glasgow (\u00c9cosse, Royaume Uni)<br \/>\n&#8211; Encore des motifs de\u00a0l\u2019<em>amor de lonh<\/em>\u00a0et de l&#8217;<em>amor ses vezer<\/em>\u00a0dans leur\u00a0contexte litt\u00e9raire, folklorique et anthropologique par Michael Meylac, Universit\u00e9\u00a0de Strasbourg<br \/>\n&#8211; Br\u00e8ve r\u00e9capitulation de l\u2019<em>amor de lonh<\/em> par Walter Meliga, Universit\u00e9 de Turin (Italie)<br \/>\n&#8211; &#8220;<em>Chaitius clamatz<\/em>&#8220;, cl\u00e9 d\u2019une chanson de croisade ? par Lucia Lazzerini,\u00a0Universit\u00e9 de Florence (Italie)<br \/>\n&#8211; R\u00e9flexions sur l\u2019<em>oltra mar<\/em> de Jaufre\u00a0Rudel par Alain Paul, conservateur honoraire<br \/>\n&#8211; Conclusions de la <em>Trobada<\/em> par Peter Ricketts, professeur \u00e9m\u00e9rite Universit\u00e9 de Londres, Honorary Professor Universit\u00e9 de Birmingham (Royaume-Uni).<\/p>\n<p>Laur\u00e9at du Prix Jaufre Rudel 2011 pour son recueil <em>Lo dever del vaure, Le devoir de l\u2019ab\u00eeme<\/em>, Jean-Pierre Lacombe pr\u00e9sent\u00e9 par Katy Bernard, membre du jury.<\/p>\n","protected":false},"excerpt":{"rendered":"<p>La renomm\u00e9e de ce troubadour le pr\u00e9c\u00e8de. Jamais n\u00e9glig\u00e9e depuis le XIIe\u00a0si\u00e8cle, son \u0153uvre br\u00e8ve a fascin\u00e9 de grands po\u00e8tes anglais et allemands. Quant\u00a0\u00e0 sa vida, elle est aussi l\u00e9gendaire que ses po\u00e8mes et inspire aux artistes d\u0092&#8217;in\u00e9puisables variations romanesques, dramatiques ou lyriques. Or qui \u00e9tait Jaufre\u00a0Rudel ? \u00c0 quelle \u00e9poque au juste a-t-il v\u00e9cu [&hellip;]<\/p>\n","protected":false},"featured_media":17471,"template":"","meta":{"_acf_changed":false,"_genesis_hide_title":false,"_genesis_hide_breadcrumbs":false,"_genesis_hide_singular_image":false,"_genesis_hide_footer_widgets":false,"_genesis_custom_body_class":"","_genesis_custom_post_class":"","_genesis_layout":""},"product_brand":[],"product_cat":[7189,7133,7175],"product_tag":[],"class_list":{"0":"post-22960","1":"product","2":"type-product","3":"status-publish","4":"has-post-thumbnail","6":"product_cat-estudis-literaris-oc","7":"product_cat-libres-oc","8":"product_cat-literatura-oc","9":"pa_auteur-collectiu-oc-2","10":"pa_editeur-carrefour-ventadour-fr-oc","11":"pa_langue-francais-oc","12":"entry","14":"first","15":"instock","16":"shipping-taxable","17":"purchasable","18":"product-type-simple"},"acf":[],"_links":{"self":[{"href":"https:\/\/www.libraria-occitana.org\/oc\/wp-json\/wp\/v2\/product\/22960","targetHints":{"allow":["GET"]}}],"collection":[{"href":"https:\/\/www.libraria-occitana.org\/oc\/wp-json\/wp\/v2\/product"}],"about":[{"href":"https:\/\/www.libraria-occitana.org\/oc\/wp-json\/wp\/v2\/types\/product"}],"wp:featuredmedia":[{"embeddable":true,"href":"https:\/\/www.libraria-occitana.org\/oc\/wp-json\/wp\/v2\/media\/17471"}],"wp:attachment":[{"href":"https:\/\/www.libraria-occitana.org\/oc\/wp-json\/wp\/v2\/media?parent=22960"}],"wp:term":[{"taxonomy":"product_brand","embeddable":true,"href":"https:\/\/www.libraria-occitana.org\/oc\/wp-json\/wp\/v2\/product_brand?post=22960"},{"taxonomy":"product_cat","embeddable":true,"href":"https:\/\/www.libraria-occitana.org\/oc\/wp-json\/wp\/v2\/product_cat?post=22960"},{"taxonomy":"product_tag","embeddable":true,"href":"https:\/\/www.libraria-occitana.org\/oc\/wp-json\/wp\/v2\/product_tag?post=22960"}],"curies":[{"name":"wp","href":"https:\/\/api.w.org\/{rel}","templated":true}]}}