{"id":22961,"date":"2012-05-01T12:46:48","date_gmt":"2012-05-01T10:46:48","guid":{"rendered":"http:\/\/www.libraria-occitana.org\/all-products\/jai-referme-mon-couteau?lang=oc"},"modified":"2024-07-04T00:24:13","modified_gmt":"2024-07-03T22:24:13","slug":"jai-referme-mon-couteau","status":"publish","type":"product","link":"https:\/\/www.libraria-occitana.org\/oc\/produch\/jai-referme-mon-couteau\/","title":{"rendered":"J&#8217;ai referm\u00e9 mon couteau"},"content":{"rendered":"<p>Jusqu\u2019\u00e0 ce jour, Marcelle Delpastre r\u00e9gnait sans partage sur l\u2019ethnologie limousine (Limousin entendu au sens un peu forc\u00e9 d\u2019aire dialectale), avec tant et tant d\u2019\u00e9tudes sur tous les sujets et cette somme que l\u2019on pensait bien ind\u00e9passable <a title=\"Le tombeau des anc\u00eatres\" href=\"http:\/\/www.libraria-occitana.org\/all-products\/le-tombeau-des-ancetres\"><em>Le tombeau des anc\u00eatres<\/em><\/a> parue en feuilleton dans la revue <em>Lemouzi<\/em> et reprise en volume chez Payot en 1997.<\/p>\n<p>Cette collection \u00ab De temps pacan \u00bb avait d\u2019ailleurs \u00e9t\u00e9 cr\u00e9\u00e9e pour elle, les deux premiers titres lui \u00e9tant consacr\u00e9s. D\u00e9sormais, ils seront deux. Certes, on connaissait d\u00e9j\u00e0 Michel Chadeuil par ses publications sur les proverbes et les mimologismes, mais le pr\u00e9sent ouvrage est d\u2019une autre envergure. Les vingt et un chapitres de <em>J\u2019ai referm\u00e9 mon couteau<\/em> donnant une vue d\u2019ensemble de la culture traditionnelle de ce pays, f\u00fbt-ce de tout autre mani\u00e8re et d\u2019un tout autre ton, sont le compl\u00e9ment indispensable du <em>Tombeau<\/em>.<\/p>\n<p>Et ce sans en avoir l\u2019air, avec bonhomie pourrait-on dire, comme en un entretien particulier, comme on parle en coin de table, au coin du feu.<\/p>\n<p>\u00c0 une g\u00e9n\u00e9ration de distance, Marcelle Delpastre et Michel Chadeuil ont en commun une aire d\u2019enqu\u00eate limit\u00e9e \u00e0 leur environnement imm\u00e9diat, la connaissance intime des choses dont ils parlent, l\u2019intuition de tout ce qu\u2019elles portent et signifient. Ils ont en outre une qualit\u00e9 inappr\u00e9ciable : ils ouvrent quantit\u00e9 de portes, ne vous les ferment jamais au nez.<\/p>\n<p>Seul le couteau sera referm\u00e9, celui de Nontron, celui de la m\u00e9taphore.<br \/>\nJusqu\u2019au prochain repas&#8230;<\/p>\n<p><strong>Colleccion \u00ab De temps pacan \u00bb :<\/strong><br \/>\nLe sous-titre de la collection dit : \u00ab ethno-mythologie populaire \u00bb ce qui en fixe les limites dans un grand angle de vue, toute la culture traditionnelle \u00e9tant finalement concern\u00e9e.<\/p>\n","protected":false},"excerpt":{"rendered":"<p>Jusqu\u2019\u00e0 ce jour, Marcelle Delpastre r\u00e9gnait sans partage sur l\u2019ethnologie limousine (Limousin entendu au sens un peu forc\u00e9 d\u2019aire dialectale), avec tant et tant d\u2019\u00e9tudes sur tous les sujets et cette somme que l\u2019on pensait bien ind\u00e9passable Le tombeau des anc\u00eatres parue en feuilleton dans la revue Lemouzi et reprise en volume chez Payot en [&hellip;]<\/p>\n","protected":false},"featured_media":22962,"template":"","meta":{"_acf_changed":false,"_genesis_hide_title":false,"_genesis_hide_breadcrumbs":false,"_genesis_hide_singular_image":false,"_genesis_hide_footer_widgets":false,"_genesis_custom_body_class":"","_genesis_custom_post_class":"","_genesis_layout":""},"product_brand":[],"product_cat":[7209,7133,7207],"product_tag":[],"class_list":{"0":"post-22961","1":"product","2":"type-product","3":"status-publish","4":"has-post-thumbnail","6":"product_cat-costumas-rites-e-cresencas-oc","7":"product_cat-libres-oc","8":"product_cat-tradicions-patrimoni-oc","9":"pa_auteur-chapduelh-micheu-oc","10":"pa_editeur-lo-chamin-de-sent-jaume-oc","11":"pa_langue-francais-oc","12":"entry","14":"first","15":"outofstock","16":"shipping-taxable","17":"purchasable","18":"product-type-simple"},"acf":[],"_links":{"self":[{"href":"https:\/\/www.libraria-occitana.org\/oc\/wp-json\/wp\/v2\/product\/22961","targetHints":{"allow":["GET"]}}],"collection":[{"href":"https:\/\/www.libraria-occitana.org\/oc\/wp-json\/wp\/v2\/product"}],"about":[{"href":"https:\/\/www.libraria-occitana.org\/oc\/wp-json\/wp\/v2\/types\/product"}],"wp:featuredmedia":[{"embeddable":true,"href":"https:\/\/www.libraria-occitana.org\/oc\/wp-json\/wp\/v2\/media\/22962"}],"wp:attachment":[{"href":"https:\/\/www.libraria-occitana.org\/oc\/wp-json\/wp\/v2\/media?parent=22961"}],"wp:term":[{"taxonomy":"product_brand","embeddable":true,"href":"https:\/\/www.libraria-occitana.org\/oc\/wp-json\/wp\/v2\/product_brand?post=22961"},{"taxonomy":"product_cat","embeddable":true,"href":"https:\/\/www.libraria-occitana.org\/oc\/wp-json\/wp\/v2\/product_cat?post=22961"},{"taxonomy":"product_tag","embeddable":true,"href":"https:\/\/www.libraria-occitana.org\/oc\/wp-json\/wp\/v2\/product_tag?post=22961"}],"curies":[{"name":"wp","href":"https:\/\/api.w.org\/{rel}","templated":true}]}}