{"id":22965,"date":"2012-04-01T18:42:19","date_gmt":"2012-04-01T16:42:19","guid":{"rendered":"http:\/\/www.libraria-occitana.org\/all-products\/marcha?lang=oc"},"modified":"2026-04-16T01:06:32","modified_gmt":"2026-04-15T23:06:32","slug":"marcha","status":"publish","type":"product","link":"https:\/\/www.libraria-occitana.org\/oc\/produch\/marcha\/","title":{"rendered":"Marcha !"},"content":{"rendered":"<p><strong>Rodin Kaufmann :<\/strong> Voix<br \/>\n<strong>Benjamin Novarino-Giana :<\/strong> Voix<br \/>\n<strong>Denis Sampieri :<\/strong> Voix, bendir, percussions<br \/>\n<strong>S\u00e9bastien Spessa :<\/strong> Voix, bendir<br \/>\n<strong>Manu Th\u00e9ron :<\/strong> Voix, bendir<\/p>\n<p>La contestation litt\u00e9raire et musicale prend, dans le r\u00e9pertoire marseillais tout particuli\u00e8rement, une dimension subversive et insoumise, qui allie \u00e0 un humour g\u00e9n\u00e9ralement acide la violence de contrastes lexicaux morbides ou truculents. Lo C\u00f2r de la Plana propose une \u00e9criture qui fait s\u2019effondrer les sch\u00e9mas de la chanson traditionnelle, ses formes les plus rebattues et ses formats les plus ennuyeux. Percussions et voix, replacent ces chants dans le cadre fi\u00e9vreux qui leur sied et qui est devenu l\u2019une des marques de fabrique du groupe.<\/p>\n<p><strong>Titres :<\/strong><\/p>\n<p><span style=\"font-size: 16px;\">1. La Despartida\u00a0<\/span>3&#8217;39<br \/>\n<span style=\"font-size: 16px;\">2.\u00a0<\/span>Canalha 2&#8217;57<br \/>\n3. Masurka Mafiosa Marselhesa 4&#8217;23<br \/>\n4. Sant Trofima 4&#8217;35<br \/>\n5. Noste Pais 7&#8217;31<br \/>\n6. Impro Tautena &amp; La Tautena e la Patineta 6&#8217;23<br \/>\n7. La Libertat 2&#8217;30<br \/>\n8. Farandola dei B\u00e0ris 9&#8217;24<br \/>\n9. Aimi pas lei Capelans 15&#8217;22<\/p>\n","protected":false},"excerpt":{"rendered":"<p>Rodin Kaufmann : Voix Benjamin Novarino-Giana : Voix Denis Sampieri : Voix, bendir, percussions S\u00e9bastien Spessa : Voix, bendir Manu Th\u00e9ron : Voix, bendir La contestation litt\u00e9raire et musicale prend, dans le r\u00e9pertoire marseillais tout particuli\u00e8rement, une dimension subversive et insoumise, qui allie \u00e0 un humour g\u00e9n\u00e9ralement acide la violence de contrastes lexicaux morbides ou [&hellip;]<\/p>\n","protected":false},"featured_media":22966,"template":"","meta":{"_acf_changed":false,"_genesis_hide_title":false,"_genesis_hide_breadcrumbs":false,"_genesis_hide_singular_image":false,"_genesis_hide_footer_widgets":false,"_genesis_custom_body_class":"","_genesis_custom_post_class":"","_genesis_layout":""},"product_brand":[],"product_cat":[16683,7229],"product_tag":[],"class_list":{"0":"post-22965","1":"product","2":"type-product","3":"status-publish","4":"has-post-thumbnail","6":"product_cat-musica-oc","7":"product_cat-novela-tradicion-oc","8":"pa_auteur-lo-cor-de-la-plana-oc","9":"pa_editeur-buda-oc","10":"pa_langue-occitan-oc","11":"pa_langue-occitan-provencau-oc","12":"entry","14":"first","15":"outofstock","16":"shipping-taxable","17":"purchasable","18":"product-type-simple"},"acf":[],"_links":{"self":[{"href":"https:\/\/www.libraria-occitana.org\/oc\/wp-json\/wp\/v2\/product\/22965","targetHints":{"allow":["GET"]}}],"collection":[{"href":"https:\/\/www.libraria-occitana.org\/oc\/wp-json\/wp\/v2\/product"}],"about":[{"href":"https:\/\/www.libraria-occitana.org\/oc\/wp-json\/wp\/v2\/types\/product"}],"wp:featuredmedia":[{"embeddable":true,"href":"https:\/\/www.libraria-occitana.org\/oc\/wp-json\/wp\/v2\/media\/22966"}],"wp:attachment":[{"href":"https:\/\/www.libraria-occitana.org\/oc\/wp-json\/wp\/v2\/media?parent=22965"}],"wp:term":[{"taxonomy":"product_brand","embeddable":true,"href":"https:\/\/www.libraria-occitana.org\/oc\/wp-json\/wp\/v2\/product_brand?post=22965"},{"taxonomy":"product_cat","embeddable":true,"href":"https:\/\/www.libraria-occitana.org\/oc\/wp-json\/wp\/v2\/product_cat?post=22965"},{"taxonomy":"product_tag","embeddable":true,"href":"https:\/\/www.libraria-occitana.org\/oc\/wp-json\/wp\/v2\/product_tag?post=22965"}],"curies":[{"name":"wp","href":"https:\/\/api.w.org\/{rel}","templated":true}]}}