{"id":22985,"date":"2012-03-01T11:10:09","date_gmt":"2012-03-01T10:10:09","guid":{"rendered":"http:\/\/www.libraria-occitana.org\/all-products\/donte-ses-dou-es-tu-histoire-et-genealogie-des-limousins-n5?lang=oc"},"modified":"2026-04-13T01:51:11","modified_gmt":"2026-04-12T23:51:11","slug":"donte-ses-dou-es-tu-histoire-et-genealogie-des-limousins-n5","status":"publish","type":"product","link":"https:\/\/www.libraria-occitana.org\/oc\/produch\/donte-ses-dou-es-tu-histoire-et-genealogie-des-limousins-n5\/","title":{"rendered":"D&#8217;onte ses ? &#8211; D&#8217;o\u00f9 es-tu ? N\u00b05 : Histoire et g\u00e9n\u00e9alogie des Limousins"},"content":{"rendered":"<p>D&#8217;onte ses ? &#8211; D&#8217;o\u00f9 es-tu ?\u00a0N\u00b05 : Histoire et g\u00e9n\u00e9alogie des Limousins<\/p>\n","protected":false},"excerpt":{"rendered":"<p>D&#8217;onte ses ? &#8211; D&#8217;o\u00f9 es-tu ?\u00a0N\u00b05 : Histoire et g\u00e9n\u00e9alogie des Limousins<\/p>\n","protected":false},"featured_media":36315,"template":"","meta":{"_acf_changed":false,"_genesis_hide_title":false,"_genesis_hide_breadcrumbs":false,"_genesis_hide_singular_image":false,"_genesis_hide_footer_widgets":false,"_genesis_custom_body_class":"","_genesis_custom_post_class":"","_genesis_layout":""},"product_brand":[],"product_cat":[7151,7149,7133,7239],"product_tag":[],"class_list":{"0":"post-22985","1":"product","2":"type-product","3":"status-publish","4":"has-post-thumbnail","6":"product_cat-genealogia-eraldica-oc","7":"product_cat-istoria-geografia-oc","8":"product_cat-libres-oc","9":"product_cat-promos-oc","10":"pa_auteur-collectiu-oc-2","11":"pa_editeur-cghhml-oc","12":"pa_langue-francais-oc","13":"entry","15":"first","16":"instock","17":"shipping-taxable","18":"purchasable","19":"product-type-simple"},"acf":[],"_links":{"self":[{"href":"https:\/\/www.libraria-occitana.org\/oc\/wp-json\/wp\/v2\/product\/22985","targetHints":{"allow":["GET"]}}],"collection":[{"href":"https:\/\/www.libraria-occitana.org\/oc\/wp-json\/wp\/v2\/product"}],"about":[{"href":"https:\/\/www.libraria-occitana.org\/oc\/wp-json\/wp\/v2\/types\/product"}],"wp:featuredmedia":[{"embeddable":true,"href":"https:\/\/www.libraria-occitana.org\/oc\/wp-json\/wp\/v2\/media\/36315"}],"wp:attachment":[{"href":"https:\/\/www.libraria-occitana.org\/oc\/wp-json\/wp\/v2\/media?parent=22985"}],"wp:term":[{"taxonomy":"product_brand","embeddable":true,"href":"https:\/\/www.libraria-occitana.org\/oc\/wp-json\/wp\/v2\/product_brand?post=22985"},{"taxonomy":"product_cat","embeddable":true,"href":"https:\/\/www.libraria-occitana.org\/oc\/wp-json\/wp\/v2\/product_cat?post=22985"},{"taxonomy":"product_tag","embeddable":true,"href":"https:\/\/www.libraria-occitana.org\/oc\/wp-json\/wp\/v2\/product_tag?post=22985"}],"curies":[{"name":"wp","href":"https:\/\/api.w.org\/{rel}","templated":true}]}}