{"id":22994,"date":"2012-01-01T16:35:22","date_gmt":"2012-01-01T15:35:22","guid":{"rendered":"http:\/\/www.libraria-occitana.org\/all-products\/quand-tu-joues?lang=oc"},"modified":"2026-04-29T02:46:22","modified_gmt":"2026-04-29T00:46:22","slug":"quand-tu-joues","status":"publish","type":"product","link":"https:\/\/www.libraria-occitana.org\/oc\/produch\/quand-tu-joues\/","title":{"rendered":"Quand tu joues"},"content":{"rendered":"<p><strong>Jean Perrier :<\/strong> Accord\u00e9on chromatique<br \/>\nEt<br \/>\n<strong>Jean Bona :<\/strong> Cabrette<br \/>\n<strong>Bruno Bonte :<\/strong> Banjo<br \/>\n<strong>Didier Pauvert :<\/strong> Accord\u00e9on chromatique<\/p>\n<p>\u00ab En 2006, avec Jean Bona, \u00e0 la cabrette, et Bruno Bonte, au banjo, r\u00e9unis autour de lui, nous travaillions avec Jean Perrier \u00e0 l\u2019enregistrement d\u2019un album consacr\u00e9 au r\u00e9pertoire de ses premiers bals, du temps de sa jeunesse. Sa disparition pr\u00e9matur\u00e9e nous a emp\u00each\u00e9s d\u2019achever ce projet. Disposant d\u2019un certain nombre de plages de travail, nous avons d\u00e9cid\u00e9 de continuer, pour Jean, son projet, en ajoutant quelques enregistrements ant\u00e9rieurs. La plupart des prises utilis\u00e9es pour ce disque ont donc \u00e9t\u00e9 faites en 2006, trois proviennent de l\u2019album <em>Accord\u00e9onistes en Aubrac<\/em> publi\u00e9 par Buda Musique en 1999, et quatre autres viennent d\u2019enregistrements rest\u00e9s jusqu\u2019ici in\u00e9dits, faits en 1998 et 2004. Au-del\u00e0 de la perfection musicale, issue d\u2019un travail commun, devenue impossible, nous avons choisi de mettre en valeur le jeu si personnel de Jean Perrier. Nous avons ainsi privil\u00e9gi\u00e9 l\u2019accord\u00e9on lors du mixage, afin de faire ressortir tous les d\u00e9tails de son interpr\u00e9tation.<br \/>\nCet album est l\u00e0 pour lui rendre hommage. \u00bb<\/p>\n<p style=\"text-align: right;\">AEPEM<\/p>\n<p><strong>Titres :<\/strong><br \/>\n1. Mon Anneta (Valse) 2&#8217;25&#8221;<br \/>\n2. Les gar\u00e7ons de la montagne (Bourr\u00e9e) 2&#8217;10&#8221;<br \/>\n3. Mignonne cousine (Valse) 2&#8217;35&#8221;<br \/>\n4. La mazurka des familles (Mazurka) 1&#8217;10&#8221;<br \/>\n5. La Valentinou \/ Le vaillant Tinou (Polkas) 2&#8217;07&#8221;<br \/>\n6. Porte chopine (Bourr\u00e9e) 1&#8217;46&#8221;<br \/>\n7. L\u2019hirondelle (Valse) 1&#8217;12&#8221;<br \/>\n8. Embrass&#8217; moi Jos\u00e9phine (One step) 2&#8217;28&#8221;<br \/>\n9. Los pastres (Valse) 2&#8217;24&#8221;<br \/>\n10. La crousade (Bourr\u00e9e) 1&#8217;57&#8221;<br \/>\n11. L\u2019aure de la camba torta (M\u00e9lodie) 2&#8217;58&#8221;<br \/>\n12. La bourr\u00e9e de Poujouly (Bourr\u00e9e) 1&#8217;22&#8221;<br \/>\n13. L\u2019ancienne mazurka (Mazurka) 2&#8217;23&#8221;<br \/>\n14. Polkas piqu\u00e9es (Polka) 1&#8217;59&#8221;<br \/>\n15. La Varsovienne 1&#8217;47&#8221;<br \/>\n16. Amont sus la montagna (Bourr\u00e9e) 2&#8217;12&#8221;<br \/>\n17. Valsez Pastourelle (Valse) 1&#8217;32&#8221;<br \/>\n18. L\u2019aiga de r\u00f2sa (Scottish) 2&#8217;17&#8221;<br \/>\n19. Brezons-Valse (Valse) 3&#8217;05&#8221;<br \/>\n20. La bourr\u00e9e de Poujouly, deuxi\u00e8me version (Bourr\u00e9e) 0&#8217;57&#8221;<br \/>\n21. La granda (Valse) 3&#8217;32&#8221;<br \/>\n22. La Yoyette \/ Je suis lasse d&#8217;\u00eatre fille \/ Belle Rose \/ En passant par le bois (Marches) 5&#8217;10&#8221;<br \/>\n23. L\u2019hirondelle, deuxi\u00e8me version (Valse) 1&#8217;54&#8221;<br \/>\n24. La Polka des b\u00e9b\u00e9s (Polka) 0&#8217;41&#8221;<br \/>\n25. Mon Anneta, deuxi\u00e8me version (Valse) 3&#8217;17&#8221;<\/p>\n","protected":false},"excerpt":{"rendered":"<p>Jean Perrier : Accord\u00e9on chromatique Et Jean Bona : Cabrette Bruno Bonte : Banjo Didier Pauvert : Accord\u00e9on chromatique \u00ab En 2006, avec Jean Bona, \u00e0 la cabrette, et Bruno Bonte, au banjo, r\u00e9unis autour de lui, nous travaillions avec Jean Perrier \u00e0 l\u2019enregistrement d\u2019un album consacr\u00e9 au r\u00e9pertoire de ses premiers bals, du temps [&hellip;]<\/p>\n","protected":false},"featured_media":17586,"template":"","meta":{"_acf_changed":false,"_genesis_hide_title":false,"_genesis_hide_breadcrumbs":false,"_genesis_hide_singular_image":false,"_genesis_hide_footer_widgets":false,"_genesis_custom_body_class":"","_genesis_custom_post_class":"","_genesis_layout":""},"product_brand":[],"product_cat":[16683,7237],"product_tag":[],"class_list":{"0":"post-22994","1":"product","2":"type-product","3":"status-publish","4":"has-post-thumbnail","6":"product_cat-musica-oc","7":"product_cat-tradicion-oc","8":"pa_auteur-perrier-jean-oc","9":"pa_editeur-aepem-oc","10":"entry","12":"first","13":"instock","14":"shipping-taxable","15":"purchasable","16":"product-type-simple"},"acf":[],"_links":{"self":[{"href":"https:\/\/www.libraria-occitana.org\/oc\/wp-json\/wp\/v2\/product\/22994","targetHints":{"allow":["GET"]}}],"collection":[{"href":"https:\/\/www.libraria-occitana.org\/oc\/wp-json\/wp\/v2\/product"}],"about":[{"href":"https:\/\/www.libraria-occitana.org\/oc\/wp-json\/wp\/v2\/types\/product"}],"wp:featuredmedia":[{"embeddable":true,"href":"https:\/\/www.libraria-occitana.org\/oc\/wp-json\/wp\/v2\/media\/17586"}],"wp:attachment":[{"href":"https:\/\/www.libraria-occitana.org\/oc\/wp-json\/wp\/v2\/media?parent=22994"}],"wp:term":[{"taxonomy":"product_brand","embeddable":true,"href":"https:\/\/www.libraria-occitana.org\/oc\/wp-json\/wp\/v2\/product_brand?post=22994"},{"taxonomy":"product_cat","embeddable":true,"href":"https:\/\/www.libraria-occitana.org\/oc\/wp-json\/wp\/v2\/product_cat?post=22994"},{"taxonomy":"product_tag","embeddable":true,"href":"https:\/\/www.libraria-occitana.org\/oc\/wp-json\/wp\/v2\/product_tag?post=22994"}],"curies":[{"name":"wp","href":"https:\/\/api.w.org\/{rel}","templated":true}]}}