{"id":23003,"date":"2012-01-01T11:21:55","date_gmt":"2012-01-01T10:21:55","guid":{"rendered":"http:\/\/www.libraria-occitana.org\/all-products\/lu-pais-de-las-bonas-fonts-en-lemosin-3?lang=oc"},"modified":"2026-04-29T04:41:15","modified_gmt":"2026-04-29T02:41:15","slug":"lu-pais-de-las-bonas-fonts-en-lemosin-3","status":"publish","type":"product","link":"https:\/\/www.libraria-occitana.org\/oc\/produch\/lu-pais-de-las-bonas-fonts-en-lemosin-3\/","title":{"rendered":"Lu pa\u00efs de las bonas fonts &#8211; Le pays des bonnes fontaines (En Lemosin 3)"},"content":{"rendered":"<p><strong>A Cu\u00e7ac (Cussac, 87), madama Pragout contunha de metre de part e d\u2019envoiar la gent far lurs devocions a las bonas fonts.<\/strong><\/p>\n<p>Comme le faisaient avant elle sa m\u00e8re, sa grand-m\u00e8re, son arri\u00e8re grand-m\u00e8re, Raymonde Pragout pratique encore le rituel de \u201cmettre de part\u201d permettant de d\u00e9signer \u00e0 des personnes souffrantes, qui lui en font la demande, les bonnes fontaines vers lesquelles elles doivent faire leurs d\u00e9votions pour apaiser leur mal.<\/p>\n<p>Elle d\u00e9taille pour nous, les rites et les gestes \u00e0 suivre afin d\u2019assurer la r\u00e9ussite de l\u2019op\u00e9ration.<\/p>\n<p>Un documentaire de 18 minutes en occitan (sous-titr\u00e9 en fran\u00e7ais) r\u00e9alis\u00e9 en 2012 par Jean-Pierre Cavaill\u00e9, Jean-Paul Faure et Jean-Fran\u00e7ois Vignaud.<\/p>\n","protected":false},"excerpt":{"rendered":"<p>A Cu\u00e7ac (Cussac, 87), madama Pragout contunha de metre de part e d\u2019envoiar la gent far lurs devocions a las bonas fonts. Comme le faisaient avant elle sa m\u00e8re, sa grand-m\u00e8re, son arri\u00e8re grand-m\u00e8re, Raymonde Pragout pratique encore le rituel de \u201cmettre de part\u201d permettant de d\u00e9signer \u00e0 des personnes souffrantes, qui lui en font [&hellip;]<\/p>\n","protected":false},"featured_media":36321,"template":"","meta":{"_acf_changed":false,"_genesis_hide_title":false,"_genesis_hide_breadcrumbs":false,"_genesis_hide_singular_image":false,"_genesis_hide_footer_widgets":false,"_genesis_custom_body_class":"","_genesis_custom_post_class":"","_genesis_layout":""},"product_brand":[],"product_cat":[7242,7240],"product_tag":[],"class_list":{"0":"post-23003","1":"product","2":"type-product","3":"status-publish","4":"has-post-thumbnail","6":"product_cat-documentari-oc","7":"product_cat-video-oc","8":"pa_auteur-cavaille-jean-pierre-oc","9":"pa_auteur-faure-jean-paul-oc","10":"pa_auteur-vignaud-j-f-oc","11":"pa_editeur-ieo-lemosin-oc","12":"pa_langue-occitan-lemosin-oc","13":"pa_langue-occitan-francais-oc","14":"entry","16":"first","17":"outofstock","18":"shipping-taxable","19":"purchasable","20":"product-type-simple"},"acf":[],"_links":{"self":[{"href":"https:\/\/www.libraria-occitana.org\/oc\/wp-json\/wp\/v2\/product\/23003","targetHints":{"allow":["GET"]}}],"collection":[{"href":"https:\/\/www.libraria-occitana.org\/oc\/wp-json\/wp\/v2\/product"}],"about":[{"href":"https:\/\/www.libraria-occitana.org\/oc\/wp-json\/wp\/v2\/types\/product"}],"wp:featuredmedia":[{"embeddable":true,"href":"https:\/\/www.libraria-occitana.org\/oc\/wp-json\/wp\/v2\/media\/36321"}],"wp:attachment":[{"href":"https:\/\/www.libraria-occitana.org\/oc\/wp-json\/wp\/v2\/media?parent=23003"}],"wp:term":[{"taxonomy":"product_brand","embeddable":true,"href":"https:\/\/www.libraria-occitana.org\/oc\/wp-json\/wp\/v2\/product_brand?post=23003"},{"taxonomy":"product_cat","embeddable":true,"href":"https:\/\/www.libraria-occitana.org\/oc\/wp-json\/wp\/v2\/product_cat?post=23003"},{"taxonomy":"product_tag","embeddable":true,"href":"https:\/\/www.libraria-occitana.org\/oc\/wp-json\/wp\/v2\/product_tag?post=23003"}],"curies":[{"name":"wp","href":"https:\/\/api.w.org\/{rel}","templated":true}]}}