{"id":23021,"date":"2012-01-01T11:21:54","date_gmt":"2012-01-01T10:21:54","guid":{"rendered":"http:\/\/www.libraria-occitana.org\/all-products\/lu-gaec-de-coreu-en-lemosin-8?lang=oc"},"modified":"2026-04-29T04:41:12","modified_gmt":"2026-04-29T02:41:12","slug":"lu-gaec-de-coreu-en-lemosin-8","status":"publish","type":"product","link":"https:\/\/www.libraria-occitana.org\/oc\/produch\/lu-gaec-de-coreu-en-lemosin-8\/","title":{"rendered":"Lu GAEC de Cor\u00e8u &#8211; Le GAEC de Courieux (En Lemosin 8)"},"content":{"rendered":"<p><strong>Un GAEC coma n\u2019i a tant en Limosin. Las penas e los turments davant las dificultats que remuden tot aura l\u2019agricultura ne manquen pas, mas un a totjorn l\u2019esper que qu\u00f2 se \u2018dobar\u00e1.<\/strong><\/p>\n<p>\u00c0 Saint-Symphorien, le 15 ao\u00fbt, a lieu la traditionnelle F\u00eate de la batteuse \u00e0 l\u2019ancienne. Ceux qui l\u2019organisent sont des agriculteurs, un peu nostalgiques du temps o\u00f9 les battages rassemblaient tout le voisinage. Michel Lavalette, son fr\u00e8re Jean-luc et son fils Jordan, associ\u00e9s en groupement agricole d\u2019exploitation en commun (GAEC) \u00e9voquent pour nous l\u2019histoire de cette f\u00eate, mais aussi, \u00e0 travers la figure du patriarche de la famille, le d\u00e9veloppement du machinisme rural avec la fondation de la premi\u00e8re coop\u00e9rative d\u2019utilisation du mat\u00e9riel agricole (CUMA). C\u2019est tout un pan de l\u2019histoire rurale limousine qui nous est ainsi relat\u00e9, dans une langue dont les locuteurs aper\u00e7oivent la mort prochaine.<\/p>\n<p>Un documentaire de 18 minutes en occitan (sous-titr\u00e9 en fran\u00e7ais) r\u00e9alis\u00e9 en 2012 par Jean-pierre Cavaill\u00e9, Jean-Paul Faure et Jean-Fran\u00e7ois Vignaud.<\/p>\n","protected":false},"excerpt":{"rendered":"<p>Un GAEC coma n\u2019i a tant en Limosin. Las penas e los turments davant las dificultats que remuden tot aura l\u2019agricultura ne manquen pas, mas un a totjorn l\u2019esper que qu\u00f2 se \u2018dobar\u00e1. \u00c0 Saint-Symphorien, le 15 ao\u00fbt, a lieu la traditionnelle F\u00eate de la batteuse \u00e0 l\u2019ancienne. Ceux qui l\u2019organisent sont des agriculteurs, un [&hellip;]<\/p>\n","protected":false},"featured_media":36324,"template":"","meta":{"_acf_changed":false,"_genesis_hide_title":false,"_genesis_hide_breadcrumbs":false,"_genesis_hide_singular_image":false,"_genesis_hide_footer_widgets":false,"_genesis_custom_body_class":"","_genesis_custom_post_class":"","_genesis_layout":""},"product_brand":[],"product_cat":[7242,7240],"product_tag":[],"class_list":{"0":"post-23021","1":"product","2":"type-product","3":"status-publish","4":"has-post-thumbnail","6":"product_cat-documentari-oc","7":"product_cat-video-oc","8":"pa_auteur-cavaille-jean-pierre-oc","9":"pa_auteur-faure-jean-paul-oc","10":"pa_auteur-vignaud-j-f-oc","11":"pa_editeur-ieo-lemosin-oc","12":"pa_langue-occitan-lemosin-oc","13":"pa_langue-occitan-francais-oc","14":"entry","16":"first","17":"outofstock","18":"shipping-taxable","19":"purchasable","20":"product-type-simple"},"acf":[],"_links":{"self":[{"href":"https:\/\/www.libraria-occitana.org\/oc\/wp-json\/wp\/v2\/product\/23021","targetHints":{"allow":["GET"]}}],"collection":[{"href":"https:\/\/www.libraria-occitana.org\/oc\/wp-json\/wp\/v2\/product"}],"about":[{"href":"https:\/\/www.libraria-occitana.org\/oc\/wp-json\/wp\/v2\/types\/product"}],"wp:featuredmedia":[{"embeddable":true,"href":"https:\/\/www.libraria-occitana.org\/oc\/wp-json\/wp\/v2\/media\/36324"}],"wp:attachment":[{"href":"https:\/\/www.libraria-occitana.org\/oc\/wp-json\/wp\/v2\/media?parent=23021"}],"wp:term":[{"taxonomy":"product_brand","embeddable":true,"href":"https:\/\/www.libraria-occitana.org\/oc\/wp-json\/wp\/v2\/product_brand?post=23021"},{"taxonomy":"product_cat","embeddable":true,"href":"https:\/\/www.libraria-occitana.org\/oc\/wp-json\/wp\/v2\/product_cat?post=23021"},{"taxonomy":"product_tag","embeddable":true,"href":"https:\/\/www.libraria-occitana.org\/oc\/wp-json\/wp\/v2\/product_tag?post=23021"}],"curies":[{"name":"wp","href":"https:\/\/api.w.org\/{rel}","templated":true}]}}