{"id":23033,"date":"2012-01-01T11:21:53","date_gmt":"2012-01-01T10:21:53","guid":{"rendered":"http:\/\/www.libraria-occitana.org\/all-products\/las-pomarterra-en-lemosin-6?lang=oc"},"modified":"2026-04-29T04:36:47","modified_gmt":"2026-04-29T02:36:47","slug":"las-pomarterra-en-lemosin-6","status":"publish","type":"product","link":"https:\/\/www.libraria-occitana.org\/oc\/produch\/las-pomarterra-en-lemosin-6\/","title":{"rendered":"Las Pomarterra &#8211; Les pommes de terre (En Lemosin 6)"},"content":{"rendered":"<p><strong>Au vilatge de Cor\u00e8u (Saint-Symphorien sur Couze, 87), las pomarterra venen bien. Raimond nos parla de quela cultura qu\u2019aguet longtemps una granda pla\u00e7a dins la vita economica dau pa\u00eds e que es totjorn tant presada dins la cosina limosina.<\/strong><\/p>\n<p>Raymond Filloux, malgr\u00e9 son \u00e2ge, reste un cultivateur \u00e9m\u00e9rite de pommes de terre. Il nous conte en occitan sa vie de producteur et de n\u00e9gociant depuis ce village de Courieux qu\u2019il n\u2019a jamais quitt\u00e9.<\/p>\n<p>Nous l\u2019accompagnons au champ, o\u00f9 plusieurs familles du village cultivent en commun la charlotte, la ch\u00e9rie et la bintje\u2026<\/p>\n<p>Un documentaire de 21 minutes en occitan (sous-titr\u00e9 en fran\u00e7ais) r\u00e9alis\u00e9 en 2012 par Jean-Pierre Cavaill\u00e9, Jean-Paul Faure et Jean-Fran\u00e7ois Vignaud.<\/p>\n","protected":false},"excerpt":{"rendered":"<p>Au vilatge de Cor\u00e8u (Saint-Symphorien sur Couze, 87), las pomarterra venen bien. Raimond nos parla de quela cultura qu\u2019aguet longtemps una granda pla\u00e7a dins la vita economica dau pa\u00eds e que es totjorn tant presada dins la cosina limosina. Raymond Filloux, malgr\u00e9 son \u00e2ge, reste un cultivateur \u00e9m\u00e9rite de pommes de terre. Il nous conte [&hellip;]<\/p>\n","protected":false},"featured_media":36330,"template":"","meta":{"_acf_changed":false,"_genesis_hide_title":false,"_genesis_hide_breadcrumbs":false,"_genesis_hide_singular_image":false,"_genesis_hide_footer_widgets":false,"_genesis_custom_body_class":"","_genesis_custom_post_class":"","_genesis_layout":""},"product_brand":[],"product_cat":[7242,7240],"product_tag":[],"class_list":{"0":"post-23033","1":"product","2":"type-product","3":"status-publish","4":"has-post-thumbnail","6":"product_cat-documentari-oc","7":"product_cat-video-oc","8":"pa_auteur-cavaille-jean-pierre-oc","9":"pa_auteur-faure-jean-paul-oc","10":"pa_auteur-vignaud-j-f-oc","11":"pa_editeur-ieo-lemosin-oc","12":"pa_langue-occitan-lemosin-oc","13":"pa_langue-occitan-francais-oc","14":"entry","16":"first","17":"instock","18":"shipping-taxable","19":"purchasable","20":"product-type-simple"},"acf":[],"_links":{"self":[{"href":"https:\/\/www.libraria-occitana.org\/oc\/wp-json\/wp\/v2\/product\/23033","targetHints":{"allow":["GET"]}}],"collection":[{"href":"https:\/\/www.libraria-occitana.org\/oc\/wp-json\/wp\/v2\/product"}],"about":[{"href":"https:\/\/www.libraria-occitana.org\/oc\/wp-json\/wp\/v2\/types\/product"}],"wp:featuredmedia":[{"embeddable":true,"href":"https:\/\/www.libraria-occitana.org\/oc\/wp-json\/wp\/v2\/media\/36330"}],"wp:attachment":[{"href":"https:\/\/www.libraria-occitana.org\/oc\/wp-json\/wp\/v2\/media?parent=23033"}],"wp:term":[{"taxonomy":"product_brand","embeddable":true,"href":"https:\/\/www.libraria-occitana.org\/oc\/wp-json\/wp\/v2\/product_brand?post=23033"},{"taxonomy":"product_cat","embeddable":true,"href":"https:\/\/www.libraria-occitana.org\/oc\/wp-json\/wp\/v2\/product_cat?post=23033"},{"taxonomy":"product_tag","embeddable":true,"href":"https:\/\/www.libraria-occitana.org\/oc\/wp-json\/wp\/v2\/product_tag?post=23033"}],"curies":[{"name":"wp","href":"https:\/\/api.w.org\/{rel}","templated":true}]}}