{"id":23037,"date":"2012-01-01T11:21:52","date_gmt":"2012-01-01T10:21:52","guid":{"rendered":"http:\/\/www.libraria-occitana.org\/all-products\/jan-dau-melhau-chanta-gaston-coute?lang=oc"},"modified":"2026-04-26T02:36:54","modified_gmt":"2026-04-26T00:36:54","slug":"jan-dau-melhau-chanta-gaston-coute","status":"publish","type":"product","link":"https:\/\/www.libraria-occitana.org\/oc\/produch\/jan-dau-melhau-chanta-gaston-coute\/","title":{"rendered":"Jan dau Melhau chanta Gaston Cout\u00e9"},"content":{"rendered":"<p><strong>Jan dau Melhau :<\/strong>\u00a0chant<br \/>\n<strong>Alexandra Lacouchie :<\/strong>\u00a0violon<br \/>\n<strong>Magal\u00ed Urroz :<\/strong>\u00a0accord\u00e9on diatonique, chant<br \/>\n<strong>Les trois :<\/strong>\u00a0arrangements<\/p>\n<p>Au printemps 2011, Jan dau Melhau cr\u00e9ait un spectacle autour de Georges Brassens et Gaston Cout\u00e9, deux chansonniers qu\u2019il avait traduit dans son occitan limousin, donnant des musiques aux textes du second.<\/p>\n<p>Dans la foul\u00e9e, n\u00e9e l\u2019envie de finaliser le travail sur Gaston Cout\u00e9 par un disque. Disque o\u00f9 figurent 16 textes choisis, qui \u00e9voquent l\u2019amour \u00e9ph\u00e9m\u00e8re, transi ou passionnel, c\u00e9l\u00e8brent les beaut\u00e9s de la nature, et les bienfaits de la Terre, m\u00e8re nourrici\u00e8re, s\u2019attristent des campagnes qui se vident, d\u00e9noncent la ville et ses d\u00e9sillusions, s\u2019insurgent contre \u00ab la\u00a0b\u00eatise, la bassesse et la crapulerie \u00bb d\u2019un petit monde dur aux faibles, \u00e0 l\u2019aff\u00fbt du \u00ab qu\u2019en dira-t-on \u00bb et ligot\u00e9 par tous les conformismes.<\/p>\n<p>Au CD est joint un livret avec les textes originaux de Cout\u00e9 (en fran\u00e7ais et beauceron) et leurs\u00a0traductions.<\/p>\n","protected":false},"excerpt":{"rendered":"<p>Jan dau Melhau :\u00a0chant Alexandra Lacouchie :\u00a0violon Magal\u00ed Urroz :\u00a0accord\u00e9on diatonique, chant Les trois :\u00a0arrangements Au printemps 2011, Jan dau Melhau cr\u00e9ait un spectacle autour de Georges Brassens et Gaston Cout\u00e9, deux chansonniers qu\u2019il avait traduit dans son occitan limousin, donnant des musiques aux textes du second. Dans la foul\u00e9e, n\u00e9e l\u2019envie de finaliser le [&hellip;]<\/p>\n","protected":false},"featured_media":36333,"template":"","meta":{"_acf_changed":false,"_genesis_hide_title":false,"_genesis_hide_breadcrumbs":false,"_genesis_hide_singular_image":false,"_genesis_hide_footer_widgets":false,"_genesis_custom_body_class":"","_genesis_custom_post_class":"","_genesis_layout":""},"product_brand":[],"product_cat":[7219,16683],"product_tag":[],"class_list":{"0":"post-23037","1":"product","2":"type-product","3":"status-publish","4":"has-post-thumbnail","6":"product_cat-chancon-oc","7":"product_cat-musica-oc","8":"pa_auteur-lacouchie-alexandra-oc","9":"pa_auteur-melhau-jan-dau-fr-oc","10":"pa_auteur-urroz-magali-oc","11":"pa_editeur-ieo-lemosin-oc","12":"pa_langue-occitan-oc","13":"pa_langue-occitan-lemosin-oc","14":"entry","16":"first","17":"instock","18":"shipping-taxable","19":"purchasable","20":"product-type-simple"},"acf":[],"_links":{"self":[{"href":"https:\/\/www.libraria-occitana.org\/oc\/wp-json\/wp\/v2\/product\/23037","targetHints":{"allow":["GET"]}}],"collection":[{"href":"https:\/\/www.libraria-occitana.org\/oc\/wp-json\/wp\/v2\/product"}],"about":[{"href":"https:\/\/www.libraria-occitana.org\/oc\/wp-json\/wp\/v2\/types\/product"}],"wp:featuredmedia":[{"embeddable":true,"href":"https:\/\/www.libraria-occitana.org\/oc\/wp-json\/wp\/v2\/media\/36333"}],"wp:attachment":[{"href":"https:\/\/www.libraria-occitana.org\/oc\/wp-json\/wp\/v2\/media?parent=23037"}],"wp:term":[{"taxonomy":"product_brand","embeddable":true,"href":"https:\/\/www.libraria-occitana.org\/oc\/wp-json\/wp\/v2\/product_brand?post=23037"},{"taxonomy":"product_cat","embeddable":true,"href":"https:\/\/www.libraria-occitana.org\/oc\/wp-json\/wp\/v2\/product_cat?post=23037"},{"taxonomy":"product_tag","embeddable":true,"href":"https:\/\/www.libraria-occitana.org\/oc\/wp-json\/wp\/v2\/product_tag?post=23037"}],"curies":[{"name":"wp","href":"https:\/\/api.w.org\/{rel}","templated":true}]}}