{"id":23043,"date":"2012-11-01T16:28:52","date_gmt":"2012-11-01T15:28:52","guid":{"rendered":"http:\/\/www.libraria-occitana.org\/all-products\/correze-quelle-histoire?lang=oc"},"modified":"2026-04-13T23:56:40","modified_gmt":"2026-04-13T21:56:40","slug":"correze-quelle-histoire","status":"publish","type":"product","link":"https:\/\/www.libraria-occitana.org\/oc\/produch\/correze-quelle-histoire\/","title":{"rendered":"Corr\u00e8ze, quelle histoire !"},"content":{"rendered":"<p>La Corr\u00e8ze est un pays pauvre, rural, peu peupl\u00e9, peu connu, un pays pas comme les autres.<\/p>\n<p>Ne vient-il pas de donner \u00e0 la R\u00e9publique, presque coup sur coup, deux Pr\u00e9sidents de deux bords politiques diff\u00e9rents !<br \/>\nQuelle histoire ! Co\u00efncidence ? Secret ? De studio TV en colonnes de journaux, tous se sont pos\u00e9s la question aux lendemains du 6 mai 2012. Chacun avait ses r\u00e9ponses.<\/p>\n<p>En ethnologue, Marie-France Houdart nous ouvre une autre porte. Et s\u2019il fallait, pour l\u2019expliquer, p\u00e9n\u00e9trer dans le c\u0153ur des familles, voir comment elles vivent et comment elles se sont toujours organis\u00e9es pour r\u00e9pondre \u00e0 l\u2019histoire ?<\/p>\n<p>Or l\u2019histoire d\u2019ici, occult\u00e9e, oubli\u00e9e, est celle d\u2019un pays du Sud de la Loire, libre et fier de sa culture, qui s\u2019est laiss\u00e9 soumettre jadis par un pays du Nord, mais qui a finalement donn\u00e9 un peuple libre sur sa terre depuis des si\u00e8cles. S\u2019appuyant sur des valeurs d\u2019autorit\u00e9 et d\u2019\u00e9galit\u00e9, de soumission au groupe et de solidarit\u00e9 entre tous, la famille corr\u00e9zienne s\u2019est jou\u00e9e de ces apparentes contradictions pour surmonter les \u00e9preuves et pour propulser devant les Fran\u00e7ais, qui les ont choisis comme Pr\u00e9sidents, deux hommes de droite et de gauche, moul\u00e9s \u00e0 son image, Jacques Chirac et Fran\u00e7ois Hollande, qui partagent une belle qualit\u00e9 : l\u2019humanisme.<\/p>\n<p>C\u2019est peut-\u00eatre le legs de la Corr\u00e8ze, la belle le\u00e7on d\u2019un pays digne.<\/p>\n<p>L\u2019archa\u00efsme est devenu modernit\u00e9\u2026<\/p>\n<p><strong>Somari :<\/strong><br \/>\n1. Des Papes et des Pr\u00e9sidents<br \/>\n2. L\u00e9gendes et v\u00e9rit\u00e9s de l\u2019histoire<br \/>\n3. Sous un toit, au m\u00eame feu\u2026<br \/>\n4. Du \u201cMai\u201c au 6 mai, les rituels du pouvoir et de l\u2019autorit\u00e9<br \/>\nCe pays aux deux Pr\u00e9sidents<\/p>\n","protected":false},"excerpt":{"rendered":"<p>La Corr\u00e8ze est un pays pauvre, rural, peu peupl\u00e9, peu connu, un pays pas comme les autres. Ne vient-il pas de donner \u00e0 la R\u00e9publique, presque coup sur coup, deux Pr\u00e9sidents de deux bords politiques diff\u00e9rents ! Quelle histoire ! Co\u00efncidence ? Secret ? De studio TV en colonnes de journaux, tous se sont pos\u00e9s [&hellip;]<\/p>\n","protected":false},"featured_media":23044,"template":"","meta":{"_acf_changed":false,"_genesis_hide_title":false,"_genesis_hide_breadcrumbs":false,"_genesis_hide_singular_image":false,"_genesis_hide_footer_widgets":false,"_genesis_custom_body_class":"","_genesis_custom_post_class":"","_genesis_layout":""},"product_brand":[],"product_cat":[7133,7203],"product_tag":[],"class_list":{"0":"post-23043","1":"product","2":"type-product","3":"status-publish","4":"has-post-thumbnail","6":"product_cat-libres-oc","7":"product_cat-politica-sociologia-actualitat-oc","8":"pa_auteur-houdart-marie-france-oc","9":"pa_editeur-maiade-oc","10":"pa_langue-francais-oc","11":"entry","13":"first","14":"instock","15":"shipping-taxable","16":"purchasable","17":"product-type-simple"},"acf":[],"_links":{"self":[{"href":"https:\/\/www.libraria-occitana.org\/oc\/wp-json\/wp\/v2\/product\/23043","targetHints":{"allow":["GET"]}}],"collection":[{"href":"https:\/\/www.libraria-occitana.org\/oc\/wp-json\/wp\/v2\/product"}],"about":[{"href":"https:\/\/www.libraria-occitana.org\/oc\/wp-json\/wp\/v2\/types\/product"}],"wp:featuredmedia":[{"embeddable":true,"href":"https:\/\/www.libraria-occitana.org\/oc\/wp-json\/wp\/v2\/media\/23044"}],"wp:attachment":[{"href":"https:\/\/www.libraria-occitana.org\/oc\/wp-json\/wp\/v2\/media?parent=23043"}],"wp:term":[{"taxonomy":"product_brand","embeddable":true,"href":"https:\/\/www.libraria-occitana.org\/oc\/wp-json\/wp\/v2\/product_brand?post=23043"},{"taxonomy":"product_cat","embeddable":true,"href":"https:\/\/www.libraria-occitana.org\/oc\/wp-json\/wp\/v2\/product_cat?post=23043"},{"taxonomy":"product_tag","embeddable":true,"href":"https:\/\/www.libraria-occitana.org\/oc\/wp-json\/wp\/v2\/product_tag?post=23043"}],"curies":[{"name":"wp","href":"https:\/\/api.w.org\/{rel}","templated":true}]}}