{"id":23089,"date":"2012-08-01T16:46:36","date_gmt":"2012-08-01T15:46:36","guid":{"rendered":"http:\/\/www.libraria-occitana.org\/all-products\/france-music-from-auvergne-2?lang=oc"},"modified":"2026-04-17T01:16:57","modified_gmt":"2026-04-16T23:16:57","slug":"france-music-from-auvergne-2","status":"publish","type":"product","link":"https:\/\/www.libraria-occitana.org\/oc\/produch\/france-music-from-auvergne-2\/","title":{"rendered":"France : Music from Auvergne"},"content":{"rendered":"<p>LES ESSENTIELS (2 CDs AU PRIX D&#8217;1), r\u00e9\u00e9dition de la collection \u00ab Musique du Monde \u00bb.<br \/>\nMusique d&#8217;Auvergne : Les Costauds de la Lune. Michel Esbelin.<\/p>\n<p>Les Auvergnats de Paris sont notamment renomm\u00e9s pour avoir cr\u00e9\u00e9 le bal musette, qui a fait danser des g\u00e9n\u00e9rations. Ce nom vient de celui de la cornemuse, que les Auvergnats pr\u00e9f\u00e8rent appeler &#8220;cabrette&#8221;. N\u00e9e \u00e0 Paris apr\u00e8s la R\u00e9volution, elle a \u00e9t\u00e9 ensuite rejointe par l&#8217;accord\u00e9on, apport\u00e9 par les immigr\u00e9s italiens. Les &#8220;Costauds de la Lune&#8221; tirent leur nom des mauvais gar\u00e7ons qui hantaient le quartier de la Bastille. La cabrette de MIchel Esbelin et l&#8217;accord\u00e9on de Didier Pauvert y sont rejoints par le banjo et la guitare de Patrick Desaunay. Valses et bourr\u00e9es alternent avec une polka ou un nostalgique &#8216;regret&#8217; dans le premier CD, qui reprend aussi bien des m\u00e9lodies jou\u00e9es en Auvergne que les succ\u00e8s des grands ma\u00eetres parisens.<\/p>\n<p>Dans le second CD, \u00ab La Valse des ombres \u00bb, nous retrouvons la cabrette de Michel Esbelin, qui y joue \u00e9galement du violon, et fait parfois appel \u00e0 l&#8217;accord\u00e9on de Claude Quintard ou de Didier Pauvert. Les bourr\u00e9es \u00ab traditionnelles \u00bb voisinent avec tout un ensemble de chansons, qui peuvent aussi bien provenir du r\u00e9pertoire \u00ab parisien \u00bb que des chants de bergers de la montagne. Valses et polkas y sont \u00e9galement interpr\u00e9t\u00e9es ainsi que scottishes ou mazurkas. Les subtilit\u00e9s du jeu de la cornemuse, les ornements utilisant gliss\u00e9s et vibratos permettent \u00e0 l&#8217;auditeur d&#8217;appr\u00e9cier le grand raffinement de ce riche r\u00e9pertoire.<\/p>\n<p><strong>Titres :<\/strong><\/p>\n<p><strong>CD 1 &#8211; France : Musique d&#8217;Auvergne \u00ab Les Costauds de la Lune \u00bb<\/strong><br \/>\n1. Amont sus la montanha \/ La bourr\u00e9e d&#8217;Aubrac 3&#8217;38<br \/>\n2. Les Costauds de la Lune 3&#8217;01<br \/>\n3. La Tricoutade \/ Flor de Ginesto 2&#8217;57<br \/>\n4. La Saint-Jean \/ Valse Mineure de Jean Bergheaud 5&#8217;00<br \/>\n5. Mazurka du moulin\/Mazurka du p\u00e8re Bonal 2&#8217;44<br \/>\n6. Bourr\u00e9e de Chantejal \/ Si vous saviez jeune fille 2&#8217;59<br \/>\n7. Bourr\u00e9e de Gaston Pouget \/ Bourr\u00e9e de Lesbouli\u00e8res \/ Bourr\u00e9e de Joseph Perrier 3&#8217;59<br \/>\n8. La Crosada 4&#8217;44<br \/>\n9. Batignolles-Clichy 3&#8217;20<br \/>\n10. Polka piqu\u00e9e 2&#8217;22<br \/>\n11. Ma petite fleur de gentiane 4&#8217;48<br \/>\n12. Quan ieu t&#8217;aimave \/ Los enfants del paure \u00f2me 3&#8217;28<\/p>\n<p><strong>CD 2 &#8211; La Cabrette, cornemuse d&#8217;Auvergne \u00ab La Valse des Ombres \u00bb<\/strong><br \/>\n1. Ma maire sovent me disi\u00e1 \/ La Glauda \/ Las cinc auglanas \/ La Moralhada \/ Drolleta 2&#8217;12<br \/>\n2. En passant par le bois \/ Retour de veill\u00e9e 3&#8217;18<br \/>\n3. La N\u00e9racoise (R\u00e9mi Remise) 1&#8217;47<br \/>\n4. La Tricotada 1&#8217;47<br \/>\n5. Din lo f\u00e9 (Dins lo fen) \/ Garabit-valse 3&#8217;06<br \/>\n6. Il a sonn\u00e9 minuit \/ Aval lo long del ribat\u00e8l 2&#8217;42<br \/>\n7. Suite du C\u00e9zallier 2&#8217;50<br \/>\n8. Mariez-moi ma m\u00e8re \/ Scottiches de l&#8217;Artense 2&#8217;43<br \/>\n9. Valse \u00e0 Adrien Bras \/ Valse \u00e0 Cayron Du Marso 3&#8217;36<br \/>\n10. Borieo Pel Prad\u00e8l 1&#8217;53<br \/>\n11. Bourr\u00e9e \u00e0 Jean Bergheaud 1&#8217;48<br \/>\n12. La Brezontine 2&#8217;37<br \/>\n13. Bourr\u00e9es del l&#8217;Artense 2&#8217;19<br \/>\n14. Li tornar\u00e8m pas pus (Nous n&#8217;y reviendrons plus) 2&#8217;16<br \/>\n15. La Valse des Ombres (Sego, Danerty et Charley) 2&#8217;55<br \/>\n16. Polka d&#8217;Olt \/ Marie-Louise \/ Polka du P\u00e8re Bonal 3&#8217;18<br \/>\n17. Mazurka de Chabrier \/ Mazurka de Fenayrou 2&#8217;08<br \/>\n18. M\u00e9lodie de musette 3&#8217;15<br \/>\n19. La Segonzatoise (Michel Esbelin) 1&#8217;47<br \/>\n20. La Cantalouse 5&#8217;39<\/p>\n","protected":false},"excerpt":{"rendered":"<p>LES ESSENTIELS (2 CDs AU PRIX D&#8217;1), r\u00e9\u00e9dition de la collection \u00ab Musique du Monde \u00bb. Musique d&#8217;Auvergne : Les Costauds de la Lune. Michel Esbelin. Les Auvergnats de Paris sont notamment renomm\u00e9s pour avoir cr\u00e9\u00e9 le bal musette, qui a fait danser des g\u00e9n\u00e9rations. Ce nom vient de celui de la cornemuse, que les [&hellip;]<\/p>\n","protected":false},"featured_media":23090,"template":"","meta":{"_acf_changed":false,"_genesis_hide_title":false,"_genesis_hide_breadcrumbs":false,"_genesis_hide_singular_image":false,"_genesis_hide_footer_widgets":false,"_genesis_custom_body_class":"","_genesis_custom_post_class":"","_genesis_layout":""},"product_brand":[],"product_cat":[16683,7229],"product_tag":[],"class_list":{"0":"post-23089","1":"product","2":"type-product","3":"status-publish","4":"has-post-thumbnail","6":"product_cat-musica-oc","7":"product_cat-novela-tradicion-oc","8":"pa_auteur-esbelin-michel-oc","9":"pa_auteur-les-costauds-de-la-lune-oc","10":"pa_editeur-buda-oc","11":"entry","13":"first","14":"outofstock","15":"shipping-taxable","16":"purchasable","17":"product-type-simple"},"acf":[],"_links":{"self":[{"href":"https:\/\/www.libraria-occitana.org\/oc\/wp-json\/wp\/v2\/product\/23089","targetHints":{"allow":["GET"]}}],"collection":[{"href":"https:\/\/www.libraria-occitana.org\/oc\/wp-json\/wp\/v2\/product"}],"about":[{"href":"https:\/\/www.libraria-occitana.org\/oc\/wp-json\/wp\/v2\/types\/product"}],"wp:featuredmedia":[{"embeddable":true,"href":"https:\/\/www.libraria-occitana.org\/oc\/wp-json\/wp\/v2\/media\/23090"}],"wp:attachment":[{"href":"https:\/\/www.libraria-occitana.org\/oc\/wp-json\/wp\/v2\/media?parent=23089"}],"wp:term":[{"taxonomy":"product_brand","embeddable":true,"href":"https:\/\/www.libraria-occitana.org\/oc\/wp-json\/wp\/v2\/product_brand?post=23089"},{"taxonomy":"product_cat","embeddable":true,"href":"https:\/\/www.libraria-occitana.org\/oc\/wp-json\/wp\/v2\/product_cat?post=23089"},{"taxonomy":"product_tag","embeddable":true,"href":"https:\/\/www.libraria-occitana.org\/oc\/wp-json\/wp\/v2\/product_tag?post=23089"}],"curies":[{"name":"wp","href":"https:\/\/api.w.org\/{rel}","templated":true}]}}