{"id":23109,"date":"2009-05-01T15:51:27","date_gmt":"2009-05-01T13:51:27","guid":{"rendered":"http:\/\/www.libraria-occitana.org\/all-products\/occitanie-lepopee-des-origines?lang=oc"},"modified":"2026-04-29T10:09:50","modified_gmt":"2026-04-29T08:09:50","slug":"occitanie-lepopee-des-origines","status":"publish","type":"product","link":"https:\/\/www.libraria-occitana.org\/oc\/produch\/occitanie-lepopee-des-origines\/","title":{"rendered":"Occitanie : L&#8217;\u00e9pop\u00e9e des origines"},"content":{"rendered":"<p>H\u00e9riti\u00e8re de Rome, du royaume goth de Toulouse, des royaumes d&#8217;Aquitaine et de Provence, attentive aux courants de pens\u00e9e et de connaissance venus d&#8217;al-Andalus, initiatrice de la &#8220;Paix de Dieu&#8221;, l&#8217;Occitanie formera \u00e0 la veille de l&#8217;an mil le creuset d&#8217;une civilisation sur laquelle l&#8217;Europe d&#8217;aujourd&#8217;hui fonde encore ses valeurs.<\/p>\n<p>Les progr\u00e8s accomplis par la recherche historique et linguistique depuis une trentaine d&#8217;ann\u00e9es ont permis d&#8217;\u00e9tablir pour la premi\u00e8re fois le r\u00e9cit de cette &#8220;\u00e9pop\u00e9e&#8221; unique, de la rendre accessible au plus large public.<\/p>\n","protected":false},"excerpt":{"rendered":"<p>H\u00e9riti\u00e8re de Rome, du royaume goth de Toulouse, des royaumes d&#8217;Aquitaine et de Provence, attentive aux courants de pens\u00e9e et de connaissance venus d&#8217;al-Andalus, initiatrice de la &#8220;Paix de Dieu&#8221;, l&#8217;Occitanie formera \u00e0 la veille de l&#8217;an mil le creuset d&#8217;une civilisation sur laquelle l&#8217;Europe d&#8217;aujourd&#8217;hui fonde encore ses valeurs. Les progr\u00e8s accomplis par la [&hellip;]<\/p>\n","protected":false},"featured_media":23110,"template":"","meta":{"_acf_changed":false,"_genesis_hide_title":false,"_genesis_hide_breadcrumbs":false,"_genesis_hide_singular_image":false,"_genesis_hide_footer_widgets":false,"_genesis_custom_body_class":"","_genesis_custom_post_class":"","_genesis_layout":""},"product_brand":[],"product_cat":[7157,7149,7133],"product_tag":[],"class_list":{"0":"post-23109","1":"product","2":"type-product","3":"status-publish","4":"has-post-thumbnail","6":"product_cat-istoria-generala-oc","7":"product_cat-istoria-geografia-oc","8":"product_cat-libres-oc","9":"pa_auteur-penent-jean-oc","10":"pa_editeur-cairn-oc","11":"pa_editeur-ieo-fr-oc","12":"pa_langue-francais-oc","13":"entry","15":"first","16":"outofstock","17":"shipping-taxable","18":"purchasable","19":"product-type-simple"},"acf":[],"_links":{"self":[{"href":"https:\/\/www.libraria-occitana.org\/oc\/wp-json\/wp\/v2\/product\/23109","targetHints":{"allow":["GET"]}}],"collection":[{"href":"https:\/\/www.libraria-occitana.org\/oc\/wp-json\/wp\/v2\/product"}],"about":[{"href":"https:\/\/www.libraria-occitana.org\/oc\/wp-json\/wp\/v2\/types\/product"}],"wp:featuredmedia":[{"embeddable":true,"href":"https:\/\/www.libraria-occitana.org\/oc\/wp-json\/wp\/v2\/media\/23110"}],"wp:attachment":[{"href":"https:\/\/www.libraria-occitana.org\/oc\/wp-json\/wp\/v2\/media?parent=23109"}],"wp:term":[{"taxonomy":"product_brand","embeddable":true,"href":"https:\/\/www.libraria-occitana.org\/oc\/wp-json\/wp\/v2\/product_brand?post=23109"},{"taxonomy":"product_cat","embeddable":true,"href":"https:\/\/www.libraria-occitana.org\/oc\/wp-json\/wp\/v2\/product_cat?post=23109"},{"taxonomy":"product_tag","embeddable":true,"href":"https:\/\/www.libraria-occitana.org\/oc\/wp-json\/wp\/v2\/product_tag?post=23109"}],"curies":[{"name":"wp","href":"https:\/\/api.w.org\/{rel}","templated":true}]}}