{"id":23115,"date":"2013-03-01T17:25:12","date_gmt":"2013-03-01T16:25:12","guid":{"rendered":"http:\/\/www.libraria-occitana.org\/all-products\/cornilh-e-bernat-vol-3-doble-joc?lang=oc"},"modified":"2026-04-08T08:12:06","modified_gmt":"2026-04-08T06:12:06","slug":"cornilh-e-bernat-vol-3-doble-joc","status":"publish","type":"product","link":"https:\/\/www.libraria-occitana.org\/oc\/produch\/cornilh-e-bernat-vol-3-doble-joc\/","title":{"rendered":"Cornilh e Bernat Vol 3 : Doble j\u00f2c"},"content":{"rendered":"<p>Version occitana de <em>Corneil et Bernie<\/em> (Millimages \/ France 3).<\/p>\n<p>Cornilh es un can excepcional. Sap parlar, legir e jogar del violon ! Mas a pas jamai fach veire \u00e7\u00f2 que sap far, de paur que vengu\u00e8sse un subj\u00e8cte d&#8217;experi\u00e9ncias scientificas.<br \/>\nQuand sos m\u00e8stres prenon coma garda-can un jovent, Bernat, la vida suava e mofla de Cornilh n&#8217;es tota cambavirada.<\/p>\n<p>9 epis\u00f2dis de 13 minutas.<\/p>\n<p>1. Doble j\u00f2c<br \/>\n2. Mal tombat<br \/>\n3. Intellig\u00e9ncia superficiala<br \/>\n4. Gr\u00f2ssa mespresa<br \/>\n5. Lo fan<br \/>\n6. Ridicul<br \/>\n7. Nat amic<br \/>\n8. Joe es tornat<br \/>\n9. Lo master garda-chen<\/p>\n<p><a title=\"Cornilh e Bernat Vol 1 : Panica a b\u00f2rd\" href=\"http:\/\/www.libraria-occitana.org\/all-products\/cornilh-e-bernat-vol-1-panica-a-bord\"><em>Cornilh e Bernat<\/em> Vol 1 : Panica a b\u00f2rd<\/a><br \/>\n<a title=\"Cornilh e Bernat Vol 2 : Una vida de can\" href=\"http:\/\/www.libraria-occitana.org\/all-products\/cornilh-e-bernat-vol-2-una-vida-de-can\"><em>Cornilh e Bernat<\/em> Vol 2 : Una vida de can<\/a><br \/>\n<a title=\"Cornilh e Bernat Vol 4 : Un sopar de can\" href=\"http:\/\/www.libraria-occitana.org\/all-products\/cornilh-e-bernat-vol-4-un-sopar-de-can\"><em>Cornilh e Bernat<\/em> Vol 4 : Un sopar de can<\/a><br \/>\n<a title=\"Cornilh e Bernat Vol 5 : L\u2019ang\u00e8l gardian\" href=\"http:\/\/www.libraria-occitana.org\/all-products\/cornilh-e-bernat-vol-5-langel-gardian\"><em>Cornilh e Bernat<\/em> Vol 5 : L&#8217;\u00e0ngel gardian<br \/>\n<\/a><a title=\"Cornilh e Bernat Vol 6 : Coma Cat e Can\" href=\"http:\/\/www.libraria-occitana.org\/all-products\/cornilh-e-bernat-vol-6-coma-cat-e-can\"><em>Cornilh e Bernat<\/em> Vol 6 : Coma Cat e Can<\/a><\/p>\n<p>Version occitana de<em> Corneil et Bernie<\/em> (Millimages \/ France 3).<\/p>\n<p>Cornilh es un can excepcional. Sap parlar, legir e jogar del violon ! Mas a pas jamai fach veire \u00e7\u00f2 que sap far, de paur que vengu\u00e8sse un subj\u00e8cte d&#8217;experi\u00e9ncias scientificas.<br \/>\nQuand sos m\u00e8stres prenon coma garda-can un jovent, Bernat, la vida suava e mofla de Cornilh n&#8217;es tota cambavirada.<\/p>\n<p>9 epis\u00f2dis de 13 minutas.<\/p>\n<p>1. Lo som pregon<br \/>\n2. Los cans parlan pas<br \/>\n3. Bernat lo devinaire<br \/>\n4. Un hantauma a casa<br \/>\n5. Lo jornau intime<br \/>\n6. Un sopar de can<br \/>\n7. Lo mieu ostal<br \/>\n8. S\u00e9nher o sabi tot<br \/>\n9. Eau de Cornilh<\/p>\n<p><a title=\"Cornilh e Bernat Vol 1 : Panica a b\u00f2rd\" href=\"http:\/\/www.libraria-occitana.org\/all-products\/cornilh-e-bernat-vol-1-panica-a-bord\"><em>Cornilh e Bernat<\/em> Vol 1 : Panica a b\u00f2rd<\/a><br \/>\n<a title=\"Cornilh e Bernat Vol 2 : Una vida de can\" href=\"http:\/\/www.libraria-occitana.org\/all-products\/cornilh-e-bernat-vol-2-una-vida-de-can\"><em>Cornilh e Bernat<\/em> Vol 2 : Una vida de can<\/a><br \/>\n<a title=\"Cornilh e Bernat Vol 3 : Doble j\u00f2c\" href=\"http:\/\/www.libraria-occitana.org\/all-products\/cornilh-e-bernat-vol-3-doble-joc\"><em>Cornilh e Bernat<\/em> Vol 3 : Doble j\u00f2c<\/a><br \/>\n<a title=\"Cornilh e Bernat Vol 5 : L\u2019ang\u00e8l gardian\" href=\"http:\/\/www.libraria-occitana.org\/all-products\/cornilh-e-bernat-vol-5-langel-gardian\"><em>Cornilh e Bernat<\/em> Vol 5 : L&#8217;\u00e0ngel gardian<br \/>\n<\/a><a title=\"Cornilh e Bernat Vol 6 : Coma Cat e Can\" href=\"http:\/\/www.libraria-occitana.org\/all-products\/cornilh-e-bernat-vol-6-coma-cat-e-can\"><em>Cornilh e Bernat<\/em> Vol 6 : Coma Cat e Can<\/a><\/p>\n<p><iframe loading=\"lazy\" title=\"YouTube video player\" src=\"https:\/\/www.youtube.com\/embed\/w9TCOnjCzyY\" width=\"560\" height=\"315\" frameborder=\"0\" allowfullscreen=\"allowfullscreen\"><\/iframe><\/p>\n","protected":false},"excerpt":{"rendered":"<p>Version occitana de Corneil et Bernie (Millimages \/ France 3). Cornilh es un can excepcional. Sap parlar, legir e jogar del violon ! Mas a pas jamai fach veire \u00e7\u00f2 que sap far, de paur que vengu\u00e8sse un subj\u00e8cte d&#8217;experi\u00e9ncias scientificas. Quand sos m\u00e8stres prenon coma garda-can un jovent, Bernat, la vida suava e mofla [&hellip;]<\/p>\n","protected":false},"featured_media":23116,"template":"","meta":{"_acf_changed":false,"_genesis_hide_title":false,"_genesis_hide_breadcrumbs":false,"_genesis_hide_singular_image":false,"_genesis_hide_footer_widgets":false,"_genesis_custom_body_class":"","_genesis_custom_post_class":"","_genesis_layout":""},"product_brand":[],"product_cat":[7246,7240],"product_tag":[],"class_list":{"0":"post-23115","1":"product","2":"type-product","3":"status-publish","4":"has-post-thumbnail","6":"product_cat-jounessa-videos-2-oc","7":"product_cat-video-oc","8":"pa_auteur-franck-emmanuel-oc","9":"pa_auteur-franck-stephane-oc","10":"pa_editeur-contam-oc","11":"pa_editeur-millimages-oc","12":"pa_langue-occitan-oc","13":"entry","15":"first","16":"instock","17":"shipping-taxable","18":"purchasable","19":"product-type-simple"},"acf":[],"_links":{"self":[{"href":"https:\/\/www.libraria-occitana.org\/oc\/wp-json\/wp\/v2\/product\/23115","targetHints":{"allow":["GET"]}}],"collection":[{"href":"https:\/\/www.libraria-occitana.org\/oc\/wp-json\/wp\/v2\/product"}],"about":[{"href":"https:\/\/www.libraria-occitana.org\/oc\/wp-json\/wp\/v2\/types\/product"}],"wp:featuredmedia":[{"embeddable":true,"href":"https:\/\/www.libraria-occitana.org\/oc\/wp-json\/wp\/v2\/media\/23116"}],"wp:attachment":[{"href":"https:\/\/www.libraria-occitana.org\/oc\/wp-json\/wp\/v2\/media?parent=23115"}],"wp:term":[{"taxonomy":"product_brand","embeddable":true,"href":"https:\/\/www.libraria-occitana.org\/oc\/wp-json\/wp\/v2\/product_brand?post=23115"},{"taxonomy":"product_cat","embeddable":true,"href":"https:\/\/www.libraria-occitana.org\/oc\/wp-json\/wp\/v2\/product_cat?post=23115"},{"taxonomy":"product_tag","embeddable":true,"href":"https:\/\/www.libraria-occitana.org\/oc\/wp-json\/wp\/v2\/product_tag?post=23115"}],"curies":[{"name":"wp","href":"https:\/\/api.w.org\/{rel}","templated":true}]}}