{"id":23135,"date":"2013-01-01T17:04:45","date_gmt":"2013-01-01T16:04:45","guid":{"rendered":"http:\/\/www.libraria-occitana.org\/all-products\/bal-gascon-a-la-voix-a-la-votz?lang=oc"},"modified":"2020-06-11T09:59:27","modified_gmt":"2020-06-11T07:59:27","slug":"bal-gascon-a-la-voix-a-la-votz","status":"publish","type":"product","link":"https:\/\/www.libraria-occitana.org\/oc\/produch\/bal-gascon-a-la-voix-a-la-votz\/","title":{"rendered":"Bal gascon \u00e0 la voix &#8211; a la votz"},"content":{"rendered":"<p><strong>Pierre Corbefin :<\/strong> chant<br \/>\n<strong>Philippe Marsac :<\/strong> chant<\/p>\n<p>\u00ab Enfin ! 48 minutes de bonheur pur, de magnifiques m\u00e9lodies, chant\u00e9es sur des tempis de r\u00eave. Et un livret qui fera r\u00e9f\u00e9rence dans l&#8217;analyse du rondeau, du branle d&#8217;Ossau et du rapport entre le chant et la danse, ou, plut\u00f4t, entre les chanteurs et les danseurs. \u00bb<\/p>\n<p>Livret 24 pages. Indications des sources et des paroles. Analyse des danses<br \/>\nTraditionnel : Gascogne, B\u00e9arn (23 titres). Composition : Bernard Connac (1 titre).<\/p>\n<p><strong>Titres :<\/strong><br \/>\n1. L\u2019auri\u00f2u qu\u2019a nau plumetas \/ A Granada i a nau pins. Rond\u00e8us. Rondeaux.<br \/>\n2. Lo s\u00f2mi de la ch\u00f2ca \/ Mazurka \u00e0 Ernest. Masurc\u00e0s. Mazurkas.<br \/>\n3. La boulang\u00e8re. Branlo aussal\u00e9s. Branle d\u2019Ossau.<br \/>\n4. La Red\u00f2va. Redowa.<br \/>\n5. I\u00f3 n\u2019ai cinc s\u00f2us \/ Diga donc Janton. Borr\u00e8ias plani\u00e8ras. Bourr\u00e9es \u00ab plaini\u00e8res \u00bb.<br \/>\n6. De Tonens a Marmanda. Branle del Naut-Agen\u00e9s. Branle du Haut-Agenais.<br \/>\n7. Suu pont de Sent Jan. Branlo aussal\u00e9s. Branle d\u2019Ossau.<br \/>\n8. La Craba. Saut biarn\u00e9s. Saut b\u00e9arnais.<br \/>\n9. Dus. Saut biarn\u00e9s. Saut b\u00e9arnais.<br \/>\n10. Charmantina. Saut biarn\u00e9s. Saut b\u00e9arnais.<br \/>\n11. Lo meu pair m\u2019a maridada \/ Vai-me qu\u00e8rre d\u2019aiga Marianeta. Escotishas. Scottishs.<br \/>\n12. Suite \u00e0 Ernest Lurde. Rond\u00e8us. Rondeaux.<br \/>\n13. Parla-mi \/ Solelh que fas aval. Masurc\u00e0 e valsa. Mazurka et valse.<br \/>\n14. Sus la punta de l\u2019espada. Branlo aussal\u00e9s. Branle d\u2019Ossau.<br \/>\n15. A mam\u00e0 b\u2019\u00e8tz vos urosa \/ Au cast\u00e8th de Monsur Montet. Cong\u00f2s. Congos.<br \/>\n16. La borregada.<br \/>\n17. Sarramilh\u00f2ca mi t\u00f2ca ma maire \/ A l\u2019entorn de ma maison. Rond\u00e8us. Rondeaux.<\/p>\n","protected":false},"excerpt":{"rendered":"<p>Pierre Corbefin : chant Philippe Marsac : chant \u00ab Enfin ! 48 minutes de bonheur pur, de magnifiques m\u00e9lodies, chant\u00e9es sur des tempis de r\u00eave. Et un livret qui fera r\u00e9f\u00e9rence dans l&#8217;analyse du rondeau, du branle d&#8217;Ossau et du rapport entre le chant et la danse, ou, plut\u00f4t, entre les chanteurs et les danseurs. [&hellip;]<\/p>\n","protected":false},"featured_media":23136,"template":"","meta":{"_acf_changed":false,"_genesis_hide_title":false,"_genesis_hide_breadcrumbs":false,"_genesis_hide_singular_image":false,"_genesis_hide_footer_widgets":false,"_genesis_custom_body_class":"","_genesis_custom_post_class":"","_genesis_layout":""},"product_brand":[],"product_cat":[16683,7229],"product_tag":[],"class_list":{"0":"post-23135","1":"product","2":"type-product","3":"status-publish","4":"has-post-thumbnail","6":"product_cat-musica-oc","7":"product_cat-novela-tradicion-oc","8":"pa_auteur-corbefin-pierre-oc","9":"pa_auteur-duo-corbefin-marsac-oc","10":"pa_auteur-marsac-philippe-oc","11":"pa_editeur-aepem-oc","12":"pa_langue-occitan-oc","13":"pa_langue-occitan-gascon-oc","14":"entry","16":"first","17":"outofstock","18":"shipping-taxable","19":"purchasable","20":"product-type-simple"},"acf":[],"_links":{"self":[{"href":"https:\/\/www.libraria-occitana.org\/oc\/wp-json\/wp\/v2\/product\/23135","targetHints":{"allow":["GET"]}}],"collection":[{"href":"https:\/\/www.libraria-occitana.org\/oc\/wp-json\/wp\/v2\/product"}],"about":[{"href":"https:\/\/www.libraria-occitana.org\/oc\/wp-json\/wp\/v2\/types\/product"}],"wp:featuredmedia":[{"embeddable":true,"href":"https:\/\/www.libraria-occitana.org\/oc\/wp-json\/wp\/v2\/media\/23136"}],"wp:attachment":[{"href":"https:\/\/www.libraria-occitana.org\/oc\/wp-json\/wp\/v2\/media?parent=23135"}],"wp:term":[{"taxonomy":"product_brand","embeddable":true,"href":"https:\/\/www.libraria-occitana.org\/oc\/wp-json\/wp\/v2\/product_brand?post=23135"},{"taxonomy":"product_cat","embeddable":true,"href":"https:\/\/www.libraria-occitana.org\/oc\/wp-json\/wp\/v2\/product_cat?post=23135"},{"taxonomy":"product_tag","embeddable":true,"href":"https:\/\/www.libraria-occitana.org\/oc\/wp-json\/wp\/v2\/product_tag?post=23135"}],"curies":[{"name":"wp","href":"https:\/\/api.w.org\/{rel}","templated":true}]}}