{"id":23151,"date":"2013-01-01T11:21:55","date_gmt":"2013-01-01T10:21:55","guid":{"rendered":"http:\/\/www.libraria-occitana.org\/all-products\/na-jornada-a-bornaseu-en-lemosin-13?lang=oc"},"modified":"2026-04-25T05:16:41","modified_gmt":"2026-04-25T03:16:41","slug":"na-jornada-a-bornaseu-en-lemosin-13","status":"publish","type":"product","link":"https:\/\/www.libraria-occitana.org\/oc\/produch\/na-jornada-a-bornaseu-en-lemosin-13\/","title":{"rendered":"Na jornada a Bornaseu &#8211; Une journ\u00e9e \u00e0 Bournazeau (En Lemosin 13)"},"content":{"rendered":"<p><strong>Tot lu monde i\u00f2 dira : los pus braves paniers venen dau Lemosin.<\/strong><\/p>\n<p>Au-del\u00e0 de cette \u00e9vidence, il en vient une autre, parmi les plus beaux paniers d\u2019\u00e9clisses de ch\u00e2taignier faits en Limousin, ceux de Maurice Javelaud tenaient bonne place. Par centaines, paniers <em>e deschas<\/em> (pani\u00e8res) sont n\u00e9s de l\u2019alliance de ses doigts et du couteau.<\/p>\n<p>D\u2019un savoir-faire acquis aupr\u00e8s de son p\u00e8re durant ses jeunes ann\u00e9es il d\u00e9veloppa une v\u00e9ritable activit\u00e9 vanni\u00e8re une fois \u00e0 la retraite.<\/p>\n<p>C\u2019est dans son village de Bournazeau (commune d\u2019Oradour-sur-Vayres) o\u00f9 il a toujours v\u00e9cu que nous avons rencontr\u00e9 Maurice et suivi les \u00e9tapes de fabrication d\u2019un panier dans l\u2019obscurit\u00e9 de la vieille maison qui lui servait d\u2019atelier.<\/p>\n<p>Les explications sont souvent succinctes, parfois sibyllines <em>\u201cQu\u2019es mas mesuras a me !\u201d<\/em>\u2026 Il reste \u00e0 voir, \u00e0 observer, \u00e0 d\u00e9crypter un geste, des r\u00e9flexions, des attitudes, tant de choses h\u00e9rit\u00e9es de si\u00e8cles de savoir paysan en mati\u00e8re de vannerie traditionnelle.<\/p>\n<p>Un documentaire de 13 minutes en occitan sous-titr\u00e9 en fran\u00e7ais.<\/p>\n","protected":false},"excerpt":{"rendered":"<p>Tot lu monde i\u00f2 dira : los pus braves paniers venen dau Lemosin. Au-del\u00e0 de cette \u00e9vidence, il en vient une autre, parmi les plus beaux paniers d\u2019\u00e9clisses de ch\u00e2taignier faits en Limousin, ceux de Maurice Javelaud tenaient bonne place. Par centaines, paniers e deschas (pani\u00e8res) sont n\u00e9s de l\u2019alliance de ses doigts et du [&hellip;]<\/p>\n","protected":false},"featured_media":36291,"template":"","meta":{"_acf_changed":false,"_genesis_hide_title":false,"_genesis_hide_breadcrumbs":false,"_genesis_hide_singular_image":false,"_genesis_hide_footer_widgets":false,"_genesis_custom_body_class":"","_genesis_custom_post_class":"","_genesis_layout":""},"product_brand":[],"product_cat":[7242,7240],"product_tag":[],"class_list":{"0":"post-23151","1":"product","2":"type-product","3":"status-publish","4":"has-post-thumbnail","6":"product_cat-documentari-oc","7":"product_cat-video-oc","8":"pa_auteur-ieo-lemosin-fr-oc","9":"pa_editeur-ieo-lemosin-oc","10":"pa_langue-occitan-lemosin-oc","11":"pa_langue-occitan-francais-oc","12":"entry","14":"first","15":"outofstock","16":"shipping-taxable","17":"purchasable","18":"product-type-simple"},"acf":[],"_links":{"self":[{"href":"https:\/\/www.libraria-occitana.org\/oc\/wp-json\/wp\/v2\/product\/23151","targetHints":{"allow":["GET"]}}],"collection":[{"href":"https:\/\/www.libraria-occitana.org\/oc\/wp-json\/wp\/v2\/product"}],"about":[{"href":"https:\/\/www.libraria-occitana.org\/oc\/wp-json\/wp\/v2\/types\/product"}],"wp:featuredmedia":[{"embeddable":true,"href":"https:\/\/www.libraria-occitana.org\/oc\/wp-json\/wp\/v2\/media\/36291"}],"wp:attachment":[{"href":"https:\/\/www.libraria-occitana.org\/oc\/wp-json\/wp\/v2\/media?parent=23151"}],"wp:term":[{"taxonomy":"product_brand","embeddable":true,"href":"https:\/\/www.libraria-occitana.org\/oc\/wp-json\/wp\/v2\/product_brand?post=23151"},{"taxonomy":"product_cat","embeddable":true,"href":"https:\/\/www.libraria-occitana.org\/oc\/wp-json\/wp\/v2\/product_cat?post=23151"},{"taxonomy":"product_tag","embeddable":true,"href":"https:\/\/www.libraria-occitana.org\/oc\/wp-json\/wp\/v2\/product_tag?post=23151"}],"curies":[{"name":"wp","href":"https:\/\/api.w.org\/{rel}","templated":true}]}}