{"id":23155,"date":"2013-01-01T11:21:54","date_gmt":"2013-01-01T10:21:54","guid":{"rendered":"http:\/\/www.libraria-occitana.org\/all-products\/lo-pastis-de-pomas-de-lison-en-lemosin-9?lang=oc"},"modified":"2026-04-29T04:37:04","modified_gmt":"2026-04-29T02:37:04","slug":"lo-pastis-de-pomas-de-lison-en-lemosin-9","status":"publish","type":"product","link":"https:\/\/www.libraria-occitana.org\/oc\/produch\/lo-pastis-de-pomas-de-lison-en-lemosin-9\/","title":{"rendered":"Lo pastis de pomas de Lison &#8211; Le p\u00e2t\u00e9 de pommes de terre de Lisou (En Lemosin 9)"},"content":{"rendered":"<p><strong>Que se \u2018pele pastis barraud, tortiera o pompiraud, lo pastis de pomas de terra se fai de plan mai d\u2019un biais en Lemosin.<\/strong><\/p>\n<p>Si beaucoup de cuisini\u00e8res du pays vanteront, non sans raisons, \u201cleur\u201d p\u00e2t\u00e9 de pommes de terre, tous ceux qui ont eu le plaisir de go\u00fbter <em>lo pastis de pomas<\/em> de Lisou Chatenet vous en feront l\u2019\u00e9loge.<\/p>\n<p>P\u00e2te lev\u00e9e, pommes de terre, viande de porc hach\u00e9e\u2026<\/p>\n<p>Dans l\u2019intimit\u00e9 de sa cuisine elle nous fait partager sa fabrication de ce plat traditionnel et nous \u00e9voque, dans la langue du pays, les quelques variantes et \u00e9volutions que cette pr\u00e9paration a connu au fil du temps.<\/p>\n<p>Accompagn\u00e9 de l\u2019in\u00e9vitable <em>pastis a las prunas negras<\/em>, la tarte aux prunes noires, le p\u00e2t\u00e9 de pommes de terre est rest\u00e9 un plat de f\u00eate que l\u2019on a plaisir \u00e0 partager en compagnie des parents et amis, le temps d\u2019un \u00e9change chaleureux et amical.<\/p>\n<p>Un documentaire de 17 minutes en occitan (sous-titr\u00e9 en fran\u00e7ais) r\u00e9alis\u00e9 en 2013 par l\u2019Institut d\u2019\u00c9tudes Occitanes du Limousin.<\/p>\n","protected":false},"excerpt":{"rendered":"<p>Que se \u2018pele pastis barraud, tortiera o pompiraud, lo pastis de pomas de terra se fai de plan mai d\u2019un biais en Lemosin. Si beaucoup de cuisini\u00e8res du pays vanteront, non sans raisons, \u201cleur\u201d p\u00e2t\u00e9 de pommes de terre, tous ceux qui ont eu le plaisir de go\u00fbter lo pastis de pomas de Lisou Chatenet [&hellip;]<\/p>\n","protected":false},"featured_media":36294,"template":"","meta":{"_acf_changed":false,"_genesis_hide_title":false,"_genesis_hide_breadcrumbs":false,"_genesis_hide_singular_image":false,"_genesis_hide_footer_widgets":false,"_genesis_custom_body_class":"","_genesis_custom_post_class":"","_genesis_layout":""},"product_brand":[],"product_cat":[7242,7240],"product_tag":[],"class_list":{"0":"post-23155","1":"product","2":"type-product","3":"status-publish","4":"has-post-thumbnail","6":"product_cat-documentari-oc","7":"product_cat-video-oc","8":"pa_auteur-ieo-lemosin-fr-oc","9":"pa_editeur-ieo-lemosin-oc","10":"pa_langue-occitan-lemosin-oc","11":"pa_langue-occitan-francais-oc","12":"entry","14":"first","15":"instock","16":"shipping-taxable","17":"purchasable","18":"product-type-simple"},"acf":[],"_links":{"self":[{"href":"https:\/\/www.libraria-occitana.org\/oc\/wp-json\/wp\/v2\/product\/23155","targetHints":{"allow":["GET"]}}],"collection":[{"href":"https:\/\/www.libraria-occitana.org\/oc\/wp-json\/wp\/v2\/product"}],"about":[{"href":"https:\/\/www.libraria-occitana.org\/oc\/wp-json\/wp\/v2\/types\/product"}],"wp:featuredmedia":[{"embeddable":true,"href":"https:\/\/www.libraria-occitana.org\/oc\/wp-json\/wp\/v2\/media\/36294"}],"wp:attachment":[{"href":"https:\/\/www.libraria-occitana.org\/oc\/wp-json\/wp\/v2\/media?parent=23155"}],"wp:term":[{"taxonomy":"product_brand","embeddable":true,"href":"https:\/\/www.libraria-occitana.org\/oc\/wp-json\/wp\/v2\/product_brand?post=23155"},{"taxonomy":"product_cat","embeddable":true,"href":"https:\/\/www.libraria-occitana.org\/oc\/wp-json\/wp\/v2\/product_cat?post=23155"},{"taxonomy":"product_tag","embeddable":true,"href":"https:\/\/www.libraria-occitana.org\/oc\/wp-json\/wp\/v2\/product_tag?post=23155"}],"curies":[{"name":"wp","href":"https:\/\/api.w.org\/{rel}","templated":true}]}}