{"id":23163,"date":"2013-01-01T11:21:50","date_gmt":"2013-01-01T10:21:50","guid":{"rendered":"http:\/\/www.libraria-occitana.org\/all-products\/devocions-a-sent-eutropi-en-lemosin-10?lang=oc"},"modified":"2026-04-16T03:21:14","modified_gmt":"2026-04-16T01:21:14","slug":"devocions-a-sent-eutropi-en-lemosin-10","status":"publish","type":"product","link":"https:\/\/www.libraria-occitana.org\/oc\/produch\/devocions-a-sent-eutropi-en-lemosin-10\/","title":{"rendered":"Devocions a sent Eutr\u00f2pi &#8211; D\u00e9votions \u00e0 saint Eutrope (En Lemosin 10)"},"content":{"rendered":"<p><strong>A la Monja de Comprenhac, lu monde venian nombros far lors devocions a la bona font de sent Eutr\u00f2pi\u2026<br \/>\n<\/strong><\/p>\n<p>Le dernier dimanche d\u2019avril se d\u00e9roulent, sur la commune de Compreignac, le p\u00e8lerinage et la procession \u00e0 la fontaine et \u00e0 l\u2019oratoire de Saint-Eutrope.<br \/>\nLes eaux de la fontaine sont connues en Limousin pour leurs vertus th\u00e9rapeutiques. Odette, ancienne coiffeuse du village, nous conduit dans un lieu secret, nich\u00e9 \u00e0 deux pas de la RN 20.<\/p>\n<p>Elle y accomplit des \u201cd\u00e9votions\u201d, rites requis par la tradition des bonnes fontaines pour lutter contre certains maux du corps et de l\u2019\u00e2me.<\/p>\n<p>Un documentaire de 20 minutes en occitan (sous-titr\u00e9 en fran\u00e7ais) r\u00e9alis\u00e9 en 2013.<\/p>\n","protected":false},"excerpt":{"rendered":"<p>A la Monja de Comprenhac, lu monde venian nombros far lors devocions a la bona font de sent Eutr\u00f2pi\u2026 Le dernier dimanche d\u2019avril se d\u00e9roulent, sur la commune de Compreignac, le p\u00e8lerinage et la procession \u00e0 la fontaine et \u00e0 l\u2019oratoire de Saint-Eutrope. Les eaux de la fontaine sont connues en Limousin pour leurs vertus [&hellip;]<\/p>\n","protected":false},"featured_media":36300,"template":"","meta":{"_acf_changed":false,"_genesis_hide_title":false,"_genesis_hide_breadcrumbs":false,"_genesis_hide_singular_image":false,"_genesis_hide_footer_widgets":false,"_genesis_custom_body_class":"","_genesis_custom_post_class":"","_genesis_layout":""},"product_brand":[],"product_cat":[7242,7240],"product_tag":[],"class_list":{"0":"post-23163","1":"product","2":"type-product","3":"status-publish","4":"has-post-thumbnail","6":"product_cat-documentari-oc","7":"product_cat-video-oc","8":"pa_auteur-ieo-lemosin-fr-oc","9":"pa_editeur-ieo-lemosin-oc","10":"pa_langue-occitan-lemosin-oc","11":"pa_langue-occitan-francais-oc","12":"entry","14":"first","15":"instock","16":"shipping-taxable","17":"purchasable","18":"product-type-simple"},"acf":[],"_links":{"self":[{"href":"https:\/\/www.libraria-occitana.org\/oc\/wp-json\/wp\/v2\/product\/23163","targetHints":{"allow":["GET"]}}],"collection":[{"href":"https:\/\/www.libraria-occitana.org\/oc\/wp-json\/wp\/v2\/product"}],"about":[{"href":"https:\/\/www.libraria-occitana.org\/oc\/wp-json\/wp\/v2\/types\/product"}],"wp:featuredmedia":[{"embeddable":true,"href":"https:\/\/www.libraria-occitana.org\/oc\/wp-json\/wp\/v2\/media\/36300"}],"wp:attachment":[{"href":"https:\/\/www.libraria-occitana.org\/oc\/wp-json\/wp\/v2\/media?parent=23163"}],"wp:term":[{"taxonomy":"product_brand","embeddable":true,"href":"https:\/\/www.libraria-occitana.org\/oc\/wp-json\/wp\/v2\/product_brand?post=23163"},{"taxonomy":"product_cat","embeddable":true,"href":"https:\/\/www.libraria-occitana.org\/oc\/wp-json\/wp\/v2\/product_cat?post=23163"},{"taxonomy":"product_tag","embeddable":true,"href":"https:\/\/www.libraria-occitana.org\/oc\/wp-json\/wp\/v2\/product_tag?post=23163"}],"curies":[{"name":"wp","href":"https:\/\/api.w.org\/{rel}","templated":true}]}}