{"id":23176,"date":"2012-11-01T17:17:00","date_gmt":"2012-11-01T16:17:00","guid":{"rendered":"http:\/\/www.libraria-occitana.org\/all-products\/flamenca-et-les-novas-a-triangle-amoureux?lang=oc"},"modified":"2026-04-25T22:31:27","modified_gmt":"2026-04-25T20:31:27","slug":"flamenca-et-les-novas-a-triangle-amoureux","status":"publish","type":"product","link":"https:\/\/www.libraria-occitana.org\/oc\/produch\/flamenca-et-les-novas-a-triangle-amoureux\/","title":{"rendered":"Flamenca et les novas \u00e0 triangle amoureux"},"content":{"rendered":"<p>La litt\u00e9rature occitane du Moyen \u00c2ge, surtout riche de sa po\u00e9sie lyrique, compte aussi quelques chefs-d\u2019\u0153uvre dans le genre narratif comme le roman anonyme de <em>Flamenca<\/em>, <em>Las novas del papagay<\/em> d\u2019Arnaut de Carcass\u00e9s, et le <em>Castia Gilos<\/em> de Ramon Vidal de Besalu. Utilisant les th\u00e8mes chers aux troubadours, ces trois textes racontent, chacun \u00e0 sa mani\u00e8re, le triomphe de l\u2019amour sur la jalousie, mais leurs auteurs ne sont pas de simples continuateurs. Au contraire, leur choix litt\u00e9raire sert une volont\u00e9 de contestation des mythes de la fin\u2019amor. Dans leurs \u0153uvres se lit l\u2019influence de nombreux r\u00e9cits et textes didactiques d\u2019oc et d\u2019o\u00efl et, de ces influences crois\u00e9es, na\u00eet un nouvel art d\u2019aimer qui est aussi un nouvel art de vivre.<\/p>\n","protected":false},"excerpt":{"rendered":"<p>La litt\u00e9rature occitane du Moyen \u00c2ge, surtout riche de sa po\u00e9sie lyrique, compte aussi quelques chefs-d\u2019\u0153uvre dans le genre narratif comme le roman anonyme de Flamenca, Las novas del papagay d\u2019Arnaut de Carcass\u00e9s, et le Castia Gilos de Ramon Vidal de Besalu. Utilisant les th\u00e8mes chers aux troubadours, ces trois textes racontent, chacun \u00e0 sa [&hellip;]<\/p>\n","protected":false},"featured_media":17510,"template":"","meta":{"_acf_changed":false,"_genesis_hide_title":false,"_genesis_hide_breadcrumbs":false,"_genesis_hide_singular_image":false,"_genesis_hide_footer_widgets":false,"_genesis_custom_body_class":"","_genesis_custom_post_class":"","_genesis_layout":""},"product_brand":[],"product_cat":[7189,7133,7175],"product_tag":[],"class_list":{"0":"post-23176","1":"product","2":"type-product","3":"status-publish","4":"has-post-thumbnail","6":"product_cat-estudis-literaris-oc","7":"product_cat-libres-oc","8":"product_cat-literatura-oc","9":"pa_auteur-luce-dudemaine-dominique-oc","10":"pa_editeur-pu-mediterranee-oc","11":"pa_langue-francais-oc","12":"entry","14":"first","15":"instock","16":"shipping-taxable","17":"purchasable","18":"product-type-simple"},"acf":[],"_links":{"self":[{"href":"https:\/\/www.libraria-occitana.org\/oc\/wp-json\/wp\/v2\/product\/23176","targetHints":{"allow":["GET"]}}],"collection":[{"href":"https:\/\/www.libraria-occitana.org\/oc\/wp-json\/wp\/v2\/product"}],"about":[{"href":"https:\/\/www.libraria-occitana.org\/oc\/wp-json\/wp\/v2\/types\/product"}],"wp:featuredmedia":[{"embeddable":true,"href":"https:\/\/www.libraria-occitana.org\/oc\/wp-json\/wp\/v2\/media\/17510"}],"wp:attachment":[{"href":"https:\/\/www.libraria-occitana.org\/oc\/wp-json\/wp\/v2\/media?parent=23176"}],"wp:term":[{"taxonomy":"product_brand","embeddable":true,"href":"https:\/\/www.libraria-occitana.org\/oc\/wp-json\/wp\/v2\/product_brand?post=23176"},{"taxonomy":"product_cat","embeddable":true,"href":"https:\/\/www.libraria-occitana.org\/oc\/wp-json\/wp\/v2\/product_cat?post=23176"},{"taxonomy":"product_tag","embeddable":true,"href":"https:\/\/www.libraria-occitana.org\/oc\/wp-json\/wp\/v2\/product_tag?post=23176"}],"curies":[{"name":"wp","href":"https:\/\/api.w.org\/{rel}","templated":true}]}}