{"id":23209,"date":"2013-07-01T16:04:25","date_gmt":"2013-07-01T15:04:25","guid":{"rendered":"http:\/\/www.libraria-occitana.org\/all-products\/flor-de-zinc-musique-dauvergne-2?lang=oc"},"modified":"2026-04-29T02:06:14","modified_gmt":"2026-04-29T00:06:14","slug":"flor-de-zinc-musique-dauvergne-2","status":"publish","type":"product","link":"https:\/\/www.libraria-occitana.org\/oc\/produch\/flor-de-zinc-musique-dauvergne-2\/","title":{"rendered":"Flor de Zinc : Musique d&#8217;Auvergne"},"content":{"rendered":"<p><strong>Michel Esbelin :<\/strong> cabrette et violon<br \/>\n<strong>Ludovic Rio :<\/strong> accord\u00e9on<br \/>\n<strong>Olivier Sulpice :<\/strong> banjo<\/p>\n<p><strong>[fr]<\/strong><br \/>\nPr\u00e9sentes \u00e0 Paris depuis plus de deux cents ans, les musiques et danses d\u2019Auvergne y subsistent \u00e0 l\u2019heure actuelle comme dans le Massif Central. Le trio Flor de Zinc rassemble le cabretaire et violoniste Michel Esbelin, l\u2019accord\u00e9oniste Ludovic Rio et le banjoiste Olivier Sulpice. Bien connu des amateurs de musique auvergnate, Michel joue notamment avec Les Costauds de la lune. Ludovic a appris l\u2019accord\u00e9on musette \u00e0 Loud\u00e9ac (Haute Bretagne) et fait partie de groupes de fest noz et de bal folk, comme Kafe Koefet. Olivier est, quant \u00e0 lui, passionn\u00e9 de musique irlandaise et joue depuis une quinzaine d\u2019ann\u00e9es dans le groupe de chanson\/rock Debout sur le zinc.<\/p>\n<p><strong>[en]<\/strong><br \/>\nFor over two hundred years, Auvergne music and dances have been present in Paris as well as in the Massif Central region. Flor de Zinc features the cabretaire (Auvergne-bagpipe player) and violinist Michel Esbelin, the accordionist Ludovic Rio and the banjoist Olivier Sulpice. Well-known amongst Auvergne music lovers, Miche notably plays with the band Les Costauds de la Lune. Ludovic learnt musette accordion in Loud\u00e9ac (Haute Bretagne) and is a member of several folk and fest noz bands. Olivier has a passion for Irish music, and is a member of the French band Debout sur le Zinc.<\/p>\n<p><strong>Titres :<\/strong><\/p>\n<p>1. Cansou De Las Segos (Canson De Las Segas)\/Le Roc De Carlat\/La Cayrolais 5&#8217;45&#8221;<br \/>\n2. Gondolier 4&#8217;07&#8221;<br \/>\n3. Plante Un Chou 4&#8217;23&#8221;<br \/>\n4. Les Ventres Noirs\/De Daval Lo Rivat\u00e9l 4&#8217;35&#8221;<br \/>\n5. La Polka \u00c0 Bonal\/La Polka Des Coustoubis 3&#8217;20&#8221;<br \/>\n6. Un Soir 4&#8217;02&#8221;<br \/>\n7. Le Chapeau De Paille (Lo Chap\u00e9l De Palha)\/La Bourr\u00e9e \u00c0 Chandezon\/La Marion 5&#8217;20&#8221;<br \/>\n8. Bourr\u00e9es De Camprieux 4&#8217;14&#8221;<br \/>\n9. Son Davalats (Aligot) [Version] 1&#8217;31&#8221;<br \/>\n10. Son Davalats (Truffade) [Version] 2&#8217;55&#8221;<br \/>\n11. Mazurka De Lanternaire\/Mazurka D&#8217;Alfred Mouret 1&#8217;22&#8221;<br \/>\n12. La Chasse\/La Valse Du Negrou 3&#8217;27&#8221;<br \/>\n13. Un Pied Dans L&#8217;eau\/La Montagnarde De Momboisse 4&#8217;48&#8221;<br \/>\n14. Mazurka \u00c0 Rigal 4&#8217;02&#8221;<br \/>\n15. Ont Anarem Gardar\/Bourr\u00e9e De Saint-Georges 4&#8217;49&#8221;<\/p>\n","protected":false},"excerpt":{"rendered":"<p>Michel Esbelin : cabrette et violon Ludovic Rio : accord\u00e9on Olivier Sulpice : banjo [fr] Pr\u00e9sentes \u00e0 Paris depuis plus de deux cents ans, les musiques et danses d\u2019Auvergne y subsistent \u00e0 l\u2019heure actuelle comme dans le Massif Central. Le trio Flor de Zinc rassemble le cabretaire et violoniste Michel Esbelin, l\u2019accord\u00e9oniste Ludovic Rio et [&hellip;]<\/p>\n","protected":false},"featured_media":23210,"template":"","meta":{"_acf_changed":false,"_genesis_hide_title":false,"_genesis_hide_breadcrumbs":false,"_genesis_hide_singular_image":false,"_genesis_hide_footer_widgets":false,"_genesis_custom_body_class":"","_genesis_custom_post_class":"","_genesis_layout":""},"product_brand":[],"product_cat":[16683,7229],"product_tag":[],"class_list":{"0":"post-23209","1":"product","2":"type-product","3":"status-publish","4":"has-post-thumbnail","6":"product_cat-musica-oc","7":"product_cat-novela-tradicion-oc","8":"pa_auteur-flor-de-zinc-oc","9":"pa_editeur-buda-oc","10":"entry","12":"first","13":"outofstock","14":"shipping-taxable","15":"purchasable","16":"product-type-simple"},"acf":[],"_links":{"self":[{"href":"https:\/\/www.libraria-occitana.org\/oc\/wp-json\/wp\/v2\/product\/23209","targetHints":{"allow":["GET"]}}],"collection":[{"href":"https:\/\/www.libraria-occitana.org\/oc\/wp-json\/wp\/v2\/product"}],"about":[{"href":"https:\/\/www.libraria-occitana.org\/oc\/wp-json\/wp\/v2\/types\/product"}],"wp:featuredmedia":[{"embeddable":true,"href":"https:\/\/www.libraria-occitana.org\/oc\/wp-json\/wp\/v2\/media\/23210"}],"wp:attachment":[{"href":"https:\/\/www.libraria-occitana.org\/oc\/wp-json\/wp\/v2\/media?parent=23209"}],"wp:term":[{"taxonomy":"product_brand","embeddable":true,"href":"https:\/\/www.libraria-occitana.org\/oc\/wp-json\/wp\/v2\/product_brand?post=23209"},{"taxonomy":"product_cat","embeddable":true,"href":"https:\/\/www.libraria-occitana.org\/oc\/wp-json\/wp\/v2\/product_cat?post=23209"},{"taxonomy":"product_tag","embeddable":true,"href":"https:\/\/www.libraria-occitana.org\/oc\/wp-json\/wp\/v2\/product_tag?post=23209"}],"curies":[{"name":"wp","href":"https:\/\/api.w.org\/{rel}","templated":true}]}}