{"id":23221,"date":"2013-06-01T18:58:36","date_gmt":"2013-06-01T16:58:36","guid":{"rendered":"http:\/\/www.libraria-occitana.org\/all-products\/je-plains-de-quitter-cadix?lang=oc"},"modified":"2026-04-18T00:21:15","modified_gmt":"2026-04-17T22:21:15","slug":"je-plains-de-quitter-cadix","status":"publish","type":"product","link":"https:\/\/www.libraria-occitana.org\/oc\/produch\/je-plains-de-quitter-cadix\/","title":{"rendered":"Je plains de quitter Cadix&#8230;"},"content":{"rendered":"<p>Partie aux origines de ses anc\u00eatres du Bas-Limousin, Chantal Sobieniak d\u00e9chiffre un jour dans un registre du XVIIIe si\u00e8cle le nom de\u2026 Cadix.<\/p>\n<p>Cadix ? Tout au bout de l\u2019Andalousie ? Non, elle ne s\u2019est pas tromp\u00e9e\u2026<\/p>\n<p>De question en registre, d\u2019enqu\u00eate en voyage, d\u2019ici \u00e0 l\u00e0-bas, elle reconstitue l\u2019incroyable \u00e9pop\u00e9e de tous ces paysans du sud du Limousin qui partaient pour plusieurs ann\u00e9es, marchaient plusieurs semaines, devaient affronter climat, m\u0153urs, langues diff\u00e9rentes\u2026 et pour quoi ? Pour aller servir les riches n\u00e9gociants de la fastueuse Cadix d\u2019alors, o\u00f9 d\u00e9barquait l\u2019or du Nouveau Monde, et rapporter au pays, si tout allait bien, de quoi payer dettes, dots, imp\u00f4ts\u2026 et permettre \u00e0 leur lign\u00e9e de subsister sur le bien familial.<\/p>\n<p>Ceux que l\u00e0-bas, on appelait les \u00ab gavaches \u00bb, quittaient mis\u00e8re, chaumi\u00e8re, ch\u00e2taignes, raves et bruy\u00e8res, pour d\u00e9couvrir le ciel bleu, la mer, les b\u00e2teaux, les oranges, le flamenco, les taureaux et\u2026 les belles de Cadix. Certains n\u2019y ont pas r\u00e9sist\u00e9, la plupart sont revenus. Les plus audacieux n&#8217;ont pas h\u00e9sit\u00e9 \u00e0 s&#8217;embarquer vers les fabuleuses Indes Occidentales. Pour d\u2019autres, les temps avaient chang\u00e9, leur destin fut tragique\u2026<\/p>\n<p>Dans un style alerte, conteuse autant qu\u2019historienne, m\u00ealant m\u00e9ticulosit\u00e9 et imaginaire, petite et grande histoire, redonnant la vie \u00e0 ces hommes et \u00e0 ces femmes dont elle est issue et qu\u2019elle \u00ab conna\u00eet \u00bb, Chantal Sobieniak nous entra\u00eene dans une grande aventure qui changera d\u00e9finitivement l\u2019image que nous pouvons avoir de nos anc\u00eatres paysans\u2026<\/p>\n","protected":false},"excerpt":{"rendered":"<p>Partie aux origines de ses anc\u00eatres du Bas-Limousin, Chantal Sobieniak d\u00e9chiffre un jour dans un registre du XVIIIe si\u00e8cle le nom de\u2026 Cadix. Cadix ? Tout au bout de l\u2019Andalousie ? Non, elle ne s\u2019est pas tromp\u00e9e\u2026 De question en registre, d\u2019enqu\u00eate en voyage, d\u2019ici \u00e0 l\u00e0-bas, elle reconstitue l\u2019incroyable \u00e9pop\u00e9e de tous ces paysans [&hellip;]<\/p>\n","protected":false},"featured_media":53576,"template":"","meta":{"_acf_changed":false,"_genesis_hide_title":false,"_genesis_hide_breadcrumbs":false,"_genesis_hide_singular_image":false,"_genesis_hide_footer_widgets":false,"_genesis_custom_body_class":"","_genesis_custom_post_class":"","_genesis_layout":""},"product_brand":[],"product_cat":[7159,7149,7133],"product_tag":[],"class_list":{"0":"post-23221","1":"product","2":"type-product","3":"status-publish","4":"has-post-thumbnail","6":"product_cat-istoria-moderna-e-contemporala-oc","7":"product_cat-istoria-geografia-oc","8":"product_cat-libres-oc","9":"pa_auteur-sobieniak-chantal-oc","10":"pa_editeur-maiade-oc","11":"pa_langue-francais-oc","12":"entry","14":"first","15":"instock","16":"shipping-taxable","17":"purchasable","18":"product-type-simple"},"acf":[],"_links":{"self":[{"href":"https:\/\/www.libraria-occitana.org\/oc\/wp-json\/wp\/v2\/product\/23221","targetHints":{"allow":["GET"]}}],"collection":[{"href":"https:\/\/www.libraria-occitana.org\/oc\/wp-json\/wp\/v2\/product"}],"about":[{"href":"https:\/\/www.libraria-occitana.org\/oc\/wp-json\/wp\/v2\/types\/product"}],"wp:featuredmedia":[{"embeddable":true,"href":"https:\/\/www.libraria-occitana.org\/oc\/wp-json\/wp\/v2\/media\/53576"}],"wp:attachment":[{"href":"https:\/\/www.libraria-occitana.org\/oc\/wp-json\/wp\/v2\/media?parent=23221"}],"wp:term":[{"taxonomy":"product_brand","embeddable":true,"href":"https:\/\/www.libraria-occitana.org\/oc\/wp-json\/wp\/v2\/product_brand?post=23221"},{"taxonomy":"product_cat","embeddable":true,"href":"https:\/\/www.libraria-occitana.org\/oc\/wp-json\/wp\/v2\/product_cat?post=23221"},{"taxonomy":"product_tag","embeddable":true,"href":"https:\/\/www.libraria-occitana.org\/oc\/wp-json\/wp\/v2\/product_tag?post=23221"}],"curies":[{"name":"wp","href":"https:\/\/api.w.org\/{rel}","templated":true}]}}