{"id":23236,"date":"2013-04-01T19:04:25","date_gmt":"2013-04-01T18:04:25","guid":{"rendered":"http:\/\/www.libraria-occitana.org\/all-products\/700-ans-de-revoltes-occitanes?lang=oc"},"modified":"2026-04-17T00:31:40","modified_gmt":"2026-04-16T22:31:40","slug":"700-ans-de-revoltes-occitanes","status":"publish","type":"product","link":"https:\/\/www.libraria-occitana.org\/oc\/produch\/700-ans-de-revoltes-occitanes\/","title":{"rendered":"700 ans de r\u00e9voltes occitanes"},"content":{"rendered":"<p>L\u2019Occitanie, c\u2019est d\u2019abord l\u2019aire d\u2019une langue, parl\u00e9e au sud de la Loire, des Alpes aux Pyr\u00e9n\u00e9es et de l\u2019Atlantique \u00e0 la M\u00e9diterran\u00e9e. C\u2019est aussi le foyer d\u2019une civilisation originale qui fut aux XIIe et XIIIe si\u00e8cles la plus avanc\u00e9e d\u2019Europe sur le triple plan de l\u2019\u00e9conomie, de la culture et des institutions.<\/p>\n<p>Depuis sept cents ans, face au centralisme de l\u2019\u00c9tat fran\u00e7ais, les Occitans n\u2019ont jamais cess\u00e9 de d\u00e9fendre leur identit\u00e9, fond\u00e9e sur des valeurs de libert\u00e9.<\/p>\n<p>Les r\u00e9voltes de Bernard D\u00e9licieux, des Tuchins, des Croquants, la r\u00e9publique bordelaise de l\u2019Orm\u00e9e, les guerres des camisards et des Demoiselles, la r\u00e9sistance au coup d\u2019\u00c9tat du 2 d\u00e9cembre, les Communes de Marseille et de Narbonne, la r\u00e9volte des vignerons de 1907, le soul\u00e8vement du Larzac\u2026 sont autant d\u2019\u00e9pisodes de cette lutte m\u00e9connue ou d\u00e9lib\u00e9r\u00e9ment gomm\u00e9e.<\/p>\n<p>C\u2019est une incursion passionnante dans l\u2019histoire de l\u2019Occitanie \u00e0 laquelle nous convie l\u2019auteur, \u00e0 travers ce livre-culte publi\u00e9 au d\u00e9but des ann\u00e9es 80 et r\u00e9actualis\u00e9 aujourd\u2019hui\u2026<\/p>\n","protected":false},"excerpt":{"rendered":"<p>L\u2019Occitanie, c\u2019est d\u2019abord l\u2019aire d\u2019une langue, parl\u00e9e au sud de la Loire, des Alpes aux Pyr\u00e9n\u00e9es et de l\u2019Atlantique \u00e0 la M\u00e9diterran\u00e9e. C\u2019est aussi le foyer d\u2019une civilisation originale qui fut aux XIIe et XIIIe si\u00e8cles la plus avanc\u00e9e d\u2019Europe sur le triple plan de l\u2019\u00e9conomie, de la culture et des institutions. Depuis sept cents [&hellip;]<\/p>\n","protected":false},"featured_media":36273,"template":"","meta":{"_acf_changed":false,"_genesis_hide_title":false,"_genesis_hide_breadcrumbs":false,"_genesis_hide_singular_image":false,"_genesis_hide_footer_widgets":false,"_genesis_custom_body_class":"","_genesis_custom_post_class":"","_genesis_layout":""},"product_brand":[],"product_cat":[7157,7149,7133],"product_tag":[],"class_list":{"0":"post-23236","1":"product","2":"type-product","3":"status-publish","4":"has-post-thumbnail","6":"product_cat-istoria-generala-oc","7":"product_cat-istoria-geografia-oc","8":"product_cat-libres-oc","9":"pa_auteur-sede-gerard-de-oc","10":"pa_editeur-papillon-rouge-oc","11":"pa_langue-francais-oc","12":"entry","14":"first","15":"outofstock","16":"shipping-taxable","17":"purchasable","18":"product-type-simple"},"acf":[],"_links":{"self":[{"href":"https:\/\/www.libraria-occitana.org\/oc\/wp-json\/wp\/v2\/product\/23236","targetHints":{"allow":["GET"]}}],"collection":[{"href":"https:\/\/www.libraria-occitana.org\/oc\/wp-json\/wp\/v2\/product"}],"about":[{"href":"https:\/\/www.libraria-occitana.org\/oc\/wp-json\/wp\/v2\/types\/product"}],"wp:featuredmedia":[{"embeddable":true,"href":"https:\/\/www.libraria-occitana.org\/oc\/wp-json\/wp\/v2\/media\/36273"}],"wp:attachment":[{"href":"https:\/\/www.libraria-occitana.org\/oc\/wp-json\/wp\/v2\/media?parent=23236"}],"wp:term":[{"taxonomy":"product_brand","embeddable":true,"href":"https:\/\/www.libraria-occitana.org\/oc\/wp-json\/wp\/v2\/product_brand?post=23236"},{"taxonomy":"product_cat","embeddable":true,"href":"https:\/\/www.libraria-occitana.org\/oc\/wp-json\/wp\/v2\/product_cat?post=23236"},{"taxonomy":"product_tag","embeddable":true,"href":"https:\/\/www.libraria-occitana.org\/oc\/wp-json\/wp\/v2\/product_tag?post=23236"}],"curies":[{"name":"wp","href":"https:\/\/api.w.org\/{rel}","templated":true}]}}