{"id":23238,"date":"2013-04-01T17:51:20","date_gmt":"2013-04-01T16:51:20","guid":{"rendered":"http:\/\/www.libraria-occitana.org\/all-products\/artemis?lang=oc"},"modified":"2026-04-29T10:01:38","modified_gmt":"2026-04-29T08:01:38","slug":"artemis","status":"publish","type":"product","link":"https:\/\/www.libraria-occitana.org\/oc\/produch\/artemis\/","title":{"rendered":"Artemis"},"content":{"rendered":"<p>Sur ce cinqui\u00e8me album baptis\u00e9 \u00ab Art\u00e9mis \u00bb, se d\u00e9note plus que jamais l\u2019influence du blues (\u00ab Embarcatz ! \u00bb, \u00ab Te\u2019n vas de matin \u00bb, \u00ab Mistral \u00bb , \u00ab Lei rainards \u00bb, \u00ab Occitanie\u00a0sur mer \u00bb\u2026), que ce soit dans les sujets abord\u00e9s (\u00ab Tout mon temps \u00bb) ou dans la\u00a0forme, sans jamais tomber dans le style acad\u00e9mique mais plut\u00f4t par l\u2019utilisation de formes modales ou par l\u2019emploi d\u2019open tuning, tr\u00e8s fr\u00e9quent dans le blues (notamment chez Led Zeppelin ou les Rolling Stones). L\u2019inspiration de Moussu T e lei Jovents est multiple et vari\u00e9e, allant des compositions br\u00e9siliennes (\u00ab Le bateau \u00bb, \u00ab Mon drapeau rouge \u00bb) \u00e0 des formes plus pop \u00e0 la Floyd fr\u00f4lant le progressif sans jamais oublier la chanson (\u00ab Monte vas can\u00e7oneta ? \u00bb). La place accord\u00e9e \u00e0 la guitare acoustique sur l\u2019album donne \u00e0 ce disque une dimension moins \u00e9lectrique que \u00ab Putan de can\u00e7on \u00bb, leur pr\u00e9c\u00e9dent opus, tout en restant r\u00e9solument rock !<\/p>\n<p>L\u2019usage de l\u2019occitan est plus que jamais pr\u00e9sent puisque c\u2019est dans cette langue que le groupe\u00a0se sent le plus ind\u00e9pendant. On retrouve donc un savant m\u00e9lange de l\u00e9g\u00e8ret\u00e9 et de nostalgie, de r\u00e9volte et d\u2019accents po\u00e9tiques puissants, sans ostentation aucune. Cette fois-ci c\u2019est la d\u00e9esse Art\u00e9mis qui devient l\u2019\u00e9g\u00e9rie de Moussu T e lei Jovents. Art\u00e9mis, d\u00e9esse de Phoc\u00e9e et protectrice de Marseille. Elle repr\u00e9sente \u00e0 la fois la figure de la lutte pour le changement, contre l\u2019exploitation mais aussi cette image immuable de la maternit\u00e9 et de la douceur du foyer : ambivalence que l\u2019on rencontre dans l\u2019\u0153uvre du groupe, au fil des chansons. C\u2019est d\u2019ailleurs ce m\u00eame principe qui a guid\u00e9 les troubadours occitans du Moyen \u00c2ge (compositions de chansons d\u2019amour et po\u00e8mes d\u00e9di\u00e9s \u00e0 la \u00ab Dame \u00bb) et que l\u2019on retrouve aussi chez des artistes plus contemporains. Leur r\u00e9pertoire est un subtil m\u00e9lange de douceur du climat et de paysages de bord de mer, m\u00eal\u00e9s \u00e0 l\u2019\u00e2pret\u00e9 de la construction navale et \u00e0 l\u2019odeur de l\u2019acier, le tout m\u00e2tin\u00e9 de relents de luttes sociales et de combats. Une fois encore les th\u00e8mes favoris du groupe (dont le point de vue est parfois tr\u00e8s \u00ab masculin \u00bb : la guerre, l\u2019acier, les p\u00e9troliers) s\u2019expriment sous l\u2019\u00e9gide de la femme protectrice et meneuse, Art\u00e9mis, qui succ\u00e8de logiquement aux figures f\u00e9minines d\u00e9j\u00e0 pr\u00e9sentes dans les pr\u00e9c\u00e9dents albums : l\u2019amourette d\u2019\u00e9cole dans \u00ab Mademoiselle Marseille \u00bb, les filles du voisinage dans \u00ab Forever Polida \u00bb ou la gar\u00e7onne dans \u00ab Home sweet home \u00bb.<\/p>\n<p><strong>Titres :<\/strong><br \/>\n1. Embarcatz ! 3\u201949<br \/>\n2. Mistral 4\u201957<br \/>\n3. Artemis 2\u201958<br \/>\n4. Tout mon temps 3\u201926<br \/>\n5. Occitanie sur Mer 3\u201936<br \/>\n6. Sur ma serviette 2\u201911<br \/>\n7. Tentacules 2\u201904<br \/>\n8. Lei rainards 3\u201936<br \/>\n9. Le bateau 3\u201902<br \/>\n10. Te\u2019n vas de matin 2\u201959<br \/>\n11. Mon drapeau rouge 3\u201954<br \/>\n12. Fada Republicana 2\u201906<br \/>\n13. Monte vas can\u00e7oneta ? 4\u201905<\/p>\n","protected":false},"excerpt":{"rendered":"<p>Sur ce cinqui\u00e8me album baptis\u00e9 \u00ab Art\u00e9mis \u00bb, se d\u00e9note plus que jamais l\u2019influence du blues (\u00ab Embarcatz ! \u00bb, \u00ab Te\u2019n vas de matin \u00bb, \u00ab Mistral \u00bb , \u00ab Lei rainards \u00bb, \u00ab Occitanie\u00a0sur mer \u00bb\u2026), que ce soit dans les sujets abord\u00e9s (\u00ab Tout mon temps \u00bb) ou dans la\u00a0forme, sans jamais [&hellip;]<\/p>\n","protected":false},"featured_media":36279,"template":"","meta":{"_acf_changed":false,"_genesis_hide_title":false,"_genesis_hide_breadcrumbs":false,"_genesis_hide_singular_image":false,"_genesis_hide_footer_widgets":false,"_genesis_custom_body_class":"","_genesis_custom_post_class":"","_genesis_layout":""},"product_brand":[],"product_cat":[7219,16683],"product_tag":[],"class_list":{"0":"post-23238","1":"product","2":"type-product","3":"status-publish","4":"has-post-thumbnail","6":"product_cat-chancon-oc","7":"product_cat-musica-oc","8":"pa_auteur-moussu-t-e-lei-jovents-oc","9":"pa_editeur-manivette-records-oc","10":"pa_langue-francais-oc","11":"pa_langue-occitan-oc","12":"pa_langue-occitan-provencau-oc","13":"entry","15":"first","16":"instock","17":"shipping-taxable","18":"purchasable","19":"product-type-simple"},"acf":[],"_links":{"self":[{"href":"https:\/\/www.libraria-occitana.org\/oc\/wp-json\/wp\/v2\/product\/23238","targetHints":{"allow":["GET"]}}],"collection":[{"href":"https:\/\/www.libraria-occitana.org\/oc\/wp-json\/wp\/v2\/product"}],"about":[{"href":"https:\/\/www.libraria-occitana.org\/oc\/wp-json\/wp\/v2\/types\/product"}],"wp:featuredmedia":[{"embeddable":true,"href":"https:\/\/www.libraria-occitana.org\/oc\/wp-json\/wp\/v2\/media\/36279"}],"wp:attachment":[{"href":"https:\/\/www.libraria-occitana.org\/oc\/wp-json\/wp\/v2\/media?parent=23238"}],"wp:term":[{"taxonomy":"product_brand","embeddable":true,"href":"https:\/\/www.libraria-occitana.org\/oc\/wp-json\/wp\/v2\/product_brand?post=23238"},{"taxonomy":"product_cat","embeddable":true,"href":"https:\/\/www.libraria-occitana.org\/oc\/wp-json\/wp\/v2\/product_cat?post=23238"},{"taxonomy":"product_tag","embeddable":true,"href":"https:\/\/www.libraria-occitana.org\/oc\/wp-json\/wp\/v2\/product_tag?post=23238"}],"curies":[{"name":"wp","href":"https:\/\/api.w.org\/{rel}","templated":true}]}}