{"id":23269,"date":"2013-12-01T17:58:34","date_gmt":"2013-12-01T16:58:34","guid":{"rendered":"http:\/\/www.libraria-occitana.org\/all-products\/artus?lang=oc"},"modified":"2026-04-29T02:51:30","modified_gmt":"2026-04-29T00:51:30","slug":"artus","status":"publish","type":"product","link":"https:\/\/www.libraria-occitana.org\/oc\/produch\/artus\/","title":{"rendered":"Art\u00fas"},"content":{"rendered":"<p><strong>Pairbon (Roman Colautti) :<\/strong> Guitare baryton<br \/>\n<strong>Roman Baudoin :<\/strong> Vielle alto<br \/>\n<strong>Mat\u00e8u Baudoin :<\/strong> Chant, violon, tambourin<br \/>\n<strong>Tom\u00e0s Baudoin :<\/strong> Chant, boha, Dark Energy<br \/>\n<strong>Shape2 (Nicolas Godin) :<\/strong> Batterie<\/p>\n<p>Avec les voix d&#8217;Isabelle Loub\u00e8re &amp; Isabelle Feuillebois.<br \/>\nD&#8217;apr\u00e8s les textes de Bernard Manciet et Hubert Cahuzac.<\/p>\n<p>Apr\u00e8s treize ann\u00e9es \u00e0 fouiller sa m\u00e9moire \u00e0 la recherche de souvenirs qu&#8217;il n&#8217;a pas connu, Art\u00fas cr\u00e9e son folklore en s&#8217;\u00e9mancipant des dogmes de la tradition, en d\u00e9passant l&#8217;h\u00e9ritage qu&#8217;il a re\u00e7u. M\u00e9tiss\u00e9, cr\u00e9olis\u00e9, il a remis en cause sa pratique pour obtenir une vision universelle du monde \u00e0 travers l&#8217;ultralocal.<br \/>\nRadical, brut et indomptable, Art\u00fas ne cherche rien, n&#8217;attend rien, il s&#8217;impose et existe dans l&#8217;uniformisation actuelle.<\/p>\n<p>Ce quatri\u00e8me album s&#8217;appuie sur des textes du po\u00e8te gascon Bernard Manciet, contes et l\u00e9gendes collect\u00e9s avec Hubert Cahuzac dans la Grande Lande entre 1961 et 1964. Bernard Manciet a repass\u00e9 ces textes par sa plume, dressant un tableau psych\u00e9d\u00e9lique d&#8217;une Lande dont le souvenir n\u00e9buleux transpire ici au travers de la musique d&#8217;Art\u00fas.<\/p>\n<p>\u00ab D&#8217;aucun pied, d&#8217;aucune terre, l&#8217;arbre si haut, si droit ne saurait rester plant\u00e9 l\u00e0. Lui, si band\u00e9, raide, face \u00e0 la force atlantique se tord comme une h\u00e9lice des racines \u00e0 la cime. Dans un souffle brutal s\u2019est d\u00e9pli\u00e9 le Drac, qui s\u2019est fait oiseau. \u00bb \/\/ H.Cahuzac<\/p>\n<p>Digipack format sp\u00e9cial, cr\u00e9\u00e9 par Tom\u00e0s Baudoin. Inclus un livret 40 pages illustr\u00e9es en couleur contenant l&#8217;int\u00e9gralit\u00e9 des textes in\u00e9dits <em>Cantaploras<\/em> de Bernard Manciet et de Hubert Cahuzac (fran\u00e7ais\/occitan).<\/p>\n<p><strong>Titres :<\/strong><br \/>\n1. Intro 1&#8217;48<br \/>\n2. Lo drac deu Retjons 5&#8217;25<br \/>\n3. Los negats de Br\u00f2cars 3&#8217;57<br \/>\n4. Lo sordat de Wellington 5&#8217;46<br \/>\n5. Lo martoli 4&#8217;32<br \/>\n6. La corona de las duas n\u00f2vias 4&#8217;10<br \/>\n7. Lo calici de cristau 7&#8217;38<br \/>\n8. L\u2019avesque d\u2019Argelosa 4&#8217;30<br \/>\n9. Lo plumion negre 7&#8217;43<br \/>\n10. Lo cival\u00e8ir gascon 5&#8217;14<br \/>\n11. Lo tuat de Labrit 4&#8217;40<\/p>\n","protected":false},"excerpt":{"rendered":"<p>Pairbon (Roman Colautti) : Guitare baryton Roman Baudoin : Vielle alto Mat\u00e8u Baudoin : Chant, violon, tambourin Tom\u00e0s Baudoin : Chant, boha, Dark Energy Shape2 (Nicolas Godin) : Batterie Avec les voix d&#8217;Isabelle Loub\u00e8re &amp; Isabelle Feuillebois. D&#8217;apr\u00e8s les textes de Bernard Manciet et Hubert Cahuzac. Apr\u00e8s treize ann\u00e9es \u00e0 fouiller sa m\u00e9moire \u00e0 la [&hellip;]<\/p>\n","protected":false},"featured_media":36264,"template":"","meta":{"_acf_changed":false,"_genesis_hide_title":false,"_genesis_hide_breadcrumbs":false,"_genesis_hide_singular_image":false,"_genesis_hide_footer_widgets":false,"_genesis_custom_body_class":"","_genesis_custom_post_class":"","_genesis_layout":""},"product_brand":[],"product_cat":[16683,7233],"product_tag":[],"class_list":{"0":"post-23269","1":"product","2":"type-product","3":"status-publish","4":"has-post-thumbnail","6":"product_cat-musica-oc","7":"product_cat-roc-pop-oc","8":"pa_auteur-familha-artus-oc","9":"pa_editeur-pagans-oc","10":"pa_langue-occitan-oc","11":"pa_langue-occitan-gascon-oc","12":"entry","14":"first","15":"instock","16":"shipping-taxable","17":"purchasable","18":"product-type-simple"},"acf":[],"_links":{"self":[{"href":"https:\/\/www.libraria-occitana.org\/oc\/wp-json\/wp\/v2\/product\/23269","targetHints":{"allow":["GET"]}}],"collection":[{"href":"https:\/\/www.libraria-occitana.org\/oc\/wp-json\/wp\/v2\/product"}],"about":[{"href":"https:\/\/www.libraria-occitana.org\/oc\/wp-json\/wp\/v2\/types\/product"}],"wp:featuredmedia":[{"embeddable":true,"href":"https:\/\/www.libraria-occitana.org\/oc\/wp-json\/wp\/v2\/media\/36264"}],"wp:attachment":[{"href":"https:\/\/www.libraria-occitana.org\/oc\/wp-json\/wp\/v2\/media?parent=23269"}],"wp:term":[{"taxonomy":"product_brand","embeddable":true,"href":"https:\/\/www.libraria-occitana.org\/oc\/wp-json\/wp\/v2\/product_brand?post=23269"},{"taxonomy":"product_cat","embeddable":true,"href":"https:\/\/www.libraria-occitana.org\/oc\/wp-json\/wp\/v2\/product_cat?post=23269"},{"taxonomy":"product_tag","embeddable":true,"href":"https:\/\/www.libraria-occitana.org\/oc\/wp-json\/wp\/v2\/product_tag?post=23269"}],"curies":[{"name":"wp","href":"https:\/\/api.w.org\/{rel}","templated":true}]}}