{"id":23281,"date":"2013-12-01T11:51:18","date_gmt":"2013-12-01T10:51:18","guid":{"rendered":"http:\/\/www.libraria-occitana.org\/all-products\/la-bestia-de-las-set-testas?lang=oc"},"modified":"2026-04-18T06:27:00","modified_gmt":"2026-04-18T04:27:00","slug":"la-bestia-de-las-set-testas","status":"publish","type":"product","link":"https:\/\/www.libraria-occitana.org\/oc\/produch\/la-bestia-de-las-set-testas\/","title":{"rendered":"La b\u00e8stia de las s\u00e8t testas"},"content":{"rendered":"<p><strong>[oc]<\/strong><br \/>\nLo CAP&#8217;\u00d2C a tornat escrir &#8216;queu conte tradicionau de Gasconha dins 3 versions (de la mai simpla a la mai complicada), per permetre un trabalh de lectura en classa sus tres niveus.<\/p>\n<p>\u00ab Un c\u00f2p \u00e8ra, un \u00f2me e una femna qu&#8217;\u00e8ran plan paubres. Dins lor b\u00f2ria l&#8217;i avi\u00e1 una chena vielha e una cavala ben chaitiva. Per viure, tots dos trabalhavan lor vargieron e l&#8217;\u00f2me peschava dins un riu ras\u00eds l&#8217;ostau. \u00bb<\/p>\n<p>Un libre aisat legir quau que si\u00e1 la compet\u00e8ncia en lectura dau CP au coll\u00e8gi.<br \/>\nLibreton d&#8217;acompanhament pedagogic <a href=\"http:\/\/capoc.crdp-aquitaine.fr\/articles.php?lng=en&amp;pg=450&amp;mnuid=304&amp;tconfig=0\">sus lo site dau CAP&#8217;\u00d2C<\/a>.<\/p>\n<p><strong>[fr]<\/strong><br \/>\nR\u00e9\u00e9criture par le CAP\u2019\u00d2C d\u2019un conte traditionnel gascon : 3 versions (de la plus simple \u00e0 la plus complexe) afin de permettre un travail de lecture en classe sur plusieurs niveaux.<\/p>\n<p>\u00ab Il \u00e9tait une fois, un homme et une femme tr\u00e8s pauvres. Ils n\u2019avaient \u00e0 la grange qu\u2019une chienne et une jument fort maigres. Pour vivre, ils travaillaient un tout petit jardin et l\u2019homme p\u00eachait pr\u00e8s de la maison. Un jour&#8230;\u0085 \u00bb<\/p>\n<p>Un livre facile \u00e0 lire quelque soit la comp\u00e9tence en lecture du CP au coll\u00e8ge.<br \/>\nLivret d&#8217;accompagnement p\u00e9dagogique <a href=\"http:\/\/capoc.crdp-aquitaine.fr\/articles.php?lng=en&amp;pg=450&amp;mnuid=304&amp;tconfig=0\">sur le site du CAP&#8217;\u00d2C<\/a>.<\/p>\n","protected":false},"excerpt":{"rendered":"<p>[oc] Lo CAP&#8217;\u00d2C a tornat escrir &#8216;queu conte tradicionau de Gasconha dins 3 versions (de la mai simpla a la mai complicada), per permetre un trabalh de lectura en classa sus tres niveus. \u00ab Un c\u00f2p \u00e8ra, un \u00f2me e una femna qu&#8217;\u00e8ran plan paubres. Dins lor b\u00f2ria l&#8217;i avi\u00e1 una chena vielha e una [&hellip;]<\/p>\n","protected":false},"featured_media":23282,"template":"","meta":{"_acf_changed":false,"_genesis_hide_title":false,"_genesis_hide_breadcrumbs":false,"_genesis_hide_singular_image":false,"_genesis_hide_footer_widgets":false,"_genesis_custom_body_class":"","_genesis_custom_post_class":"","_genesis_layout":""},"product_brand":[],"product_cat":[7171,7165,7133],"product_tag":[],"class_list":{"0":"post-23281","1":"product","2":"type-product","3":"status-publish","4":"has-post-thumbnail","6":"product_cat-drolles-oc","7":"product_cat-jounessa-bd-umor","8":"product_cat-libres-oc","9":"pa_auteur-capoc-oc","10":"pa_editeur-canope-editions-oc","11":"pa_illustrateur-chebret-sebastien-oc","12":"pa_illustrateur-decamps-domenja-decomps-dominique-oc","13":"pa_langue-occitan-oc","14":"pa_langue-occitan-lemosin-oc","15":"entry","17":"first","18":"instock","19":"shipping-taxable","20":"purchasable","21":"product-type-simple"},"acf":[],"_links":{"self":[{"href":"https:\/\/www.libraria-occitana.org\/oc\/wp-json\/wp\/v2\/product\/23281","targetHints":{"allow":["GET"]}}],"collection":[{"href":"https:\/\/www.libraria-occitana.org\/oc\/wp-json\/wp\/v2\/product"}],"about":[{"href":"https:\/\/www.libraria-occitana.org\/oc\/wp-json\/wp\/v2\/types\/product"}],"wp:featuredmedia":[{"embeddable":true,"href":"https:\/\/www.libraria-occitana.org\/oc\/wp-json\/wp\/v2\/media\/23282"}],"wp:attachment":[{"href":"https:\/\/www.libraria-occitana.org\/oc\/wp-json\/wp\/v2\/media?parent=23281"}],"wp:term":[{"taxonomy":"product_brand","embeddable":true,"href":"https:\/\/www.libraria-occitana.org\/oc\/wp-json\/wp\/v2\/product_brand?post=23281"},{"taxonomy":"product_cat","embeddable":true,"href":"https:\/\/www.libraria-occitana.org\/oc\/wp-json\/wp\/v2\/product_cat?post=23281"},{"taxonomy":"product_tag","embeddable":true,"href":"https:\/\/www.libraria-occitana.org\/oc\/wp-json\/wp\/v2\/product_tag?post=23281"}],"curies":[{"name":"wp","href":"https:\/\/api.w.org\/{rel}","templated":true}]}}